{"id":606,"date":"2024-11-04T04:28:42","date_gmt":"2024-11-04T04:28:42","guid":{"rendered":"https:\/\/themegavias.com\/wp\/travivu\/?page_id=21"},"modified":"2026-01-19T10:50:04","modified_gmt":"2026-01-19T15:50:04","slug":"contacto","status":"publish","type":"page","link":"https:\/\/dev.gomnetwork.com\/tvsl\/contacto\/","title":{"rendered":"Contacto"},"content":{"rendered":"\t\t<div data-elementor-type=\"wp-page\" data-elementor-id=\"606\" class=\"elementor elementor-606\">\n\t\t\t\t<div class=\"elementor-element elementor-element-1e2e044 e-con-full e-flex e-con e-parent\" data-id=\"1e2e044\" data-element_type=\"container\" data-settings=\"{&quot;background_background&quot;:&quot;slideshow&quot;,&quot;background_slideshow_gallery&quot;:[{&quot;id&quot;:124,&quot;url&quot;:&quot;https:\\\/\\\/themegavias.com\\\/wp\\\/travivu\\\/wp-content\\\/uploads\\\/2024\\\/11\\\/breadcrumb.jpg&quot;},{&quot;id&quot;:127,&quot;url&quot;:&quot;https:\\\/\\\/themegavias.com\\\/wp\\\/travivu\\\/wp-content\\\/uploads\\\/2024\\\/11\\\/breadcrumb-01.jpg&quot;}],&quot;background_slideshow_ken_burns&quot;:&quot;yes&quot;,&quot;background_slideshow_loop&quot;:&quot;yes&quot;,&quot;background_slideshow_slide_duration&quot;:5000,&quot;background_slideshow_slide_transition&quot;:&quot;fade&quot;,&quot;background_slideshow_transition_duration&quot;:500,&quot;background_slideshow_ken_burns_zoom_direction&quot;:&quot;in&quot;}\">\n\t\t<div class=\"elementor-element elementor-element-5ccebdf e-con-full e-flex e-con e-child\" data-id=\"5ccebdf\" data-element_type=\"container\">\n\t\t\t\t<div class=\"elementor-element elementor-element-18d9acb elementor-widget elementor-widget-gva-heading-block\" data-id=\"18d9acb\" data-element_type=\"widget\" data-widget_type=\"gva-heading-block.default\">\n\t\t\t\t<div class=\"elementor-widget-container\">\n\t\t\t\t\t<div class=\"gva-element-gva-heading-block gva-element\">\r\n   <div class=\"align-center style-1 widget gsc-heading box-align-left auto-responsive\">\r\n      \r\n      <div class=\"content-inner\">\r\n                  \r\n           \r\n         \r\n                     <h2 class=\"title\">\r\n               <span>Explora el mundo<\/span>\r\n            <\/h2>\r\n                  \r\n                     <div class=\"title-desc\">Tu viaje comienza en un clic<\/div>\r\n         \r\n               <\/div>\r\n\r\n   <\/div>\r\n\r\n<\/div>\t\t\t\t<\/div>\n\t\t\t\t<\/div>\n\t\t\t\t<\/div>\n\t\t\t\t<\/div>\n\t\t<div class=\"elementor-element elementor-element-67a73cf e-flex e-con-boxed e-con e-parent\" data-id=\"67a73cf\" data-element_type=\"container\">\n\t\t\t\t\t<div class=\"e-con-inner\">\n\t\t<div class=\"elementor-element elementor-element-7f075ef e-con-full e-flex e-con e-child\" data-id=\"7f075ef\" data-element_type=\"container\">\n\t\t<div class=\"elementor-element elementor-element-db9d8f8 e-con-full e-flex e-con e-child\" data-id=\"db9d8f8\" data-element_type=\"container\">\n\t\t\t\t<div class=\"elementor-element elementor-element-9e44d07 elementor-widget elementor-widget-gva-heading-block\" data-id=\"9e44d07\" data-element_type=\"widget\" data-widget_type=\"gva-heading-block.default\">\n\t\t\t\t<div class=\"elementor-widget-container\">\n\t\t\t\t\t<div class=\"gva-element-gva-heading-block gva-element\">\r\n   <div class=\"align-center style-1 widget gsc-heading box-align-left auto-responsive\">\r\n      \r\n      <div class=\"content-inner\">\r\n                  \r\n         <div class=\"sub-title\"><span class=\"tagline\">Solicita tu cotizaci\u00f3n personalizada<\/span><\/div>  \r\n         \r\n                     <h2 class=\"title\">\r\n               <span>Cu\u00e9ntanos los detalles de tu viaje y nuestro equipo te enviar\u00e1 una propuesta ajustada a tus preferencias.<\/span>\r\n            <\/h2>\r\n                  \r\n         \r\n               <\/div>\r\n\r\n   <\/div>\r\n\r\n<\/div>\t\t\t\t<\/div>\n\t\t\t\t<\/div>\n\t\t\t\t<\/div>\n\t\t<div class=\"elementor-element elementor-element-9cbadbb e-con-full e-flex e-con e-child\" data-id=\"9cbadbb\" data-element_type=\"container\" data-settings=\"{&quot;background_background&quot;:&quot;classic&quot;}\">\n\t\t\t\t<div class=\"elementor-element elementor-element-e78343c elementor-widget elementor-widget-image\" data-id=\"e78343c\" data-element_type=\"widget\" data-widget_type=\"image.default\">\n\t\t\t\t\t\t\t\t\t\t\t\t\t\t\t<img fetchpriority=\"high\" decoding=\"async\" width=\"1173\" height=\"601\" src=\"https:\/\/dev.gomnetwork.com\/tvsl\/wp-content\/uploads\/2025\/11\/Banner-Formulario.webp\" class=\"attachment-full size-full wp-image-1154\" alt=\"Banner Formulario\" srcset=\"https:\/\/dev.gomnetwork.com\/tvsl\/wp-content\/uploads\/2025\/11\/Banner-Formulario.webp 1173w, https:\/\/dev.gomnetwork.com\/tvsl\/wp-content\/uploads\/2025\/11\/Banner-Formulario-1024x525.webp 1024w, https:\/\/dev.gomnetwork.com\/tvsl\/wp-content\/uploads\/2025\/11\/Banner-Formulario-768x393.webp 768w, https:\/\/dev.gomnetwork.com\/tvsl\/wp-content\/uploads\/2025\/11\/Banner-Formulario-600x307.webp 600w\" sizes=\"(max-width: 1173px) 100vw, 1173px\" \/>\t\t\t\t\t\t\t\t\t\t\t\t\t\t\t<\/div>\n\t\t<div class=\"elementor-element elementor-element-e72f553 e-con-full e-flex e-con e-child\" data-id=\"e72f553\" data-element_type=\"container\">\n\t\t\t\t<div class=\"elementor-element elementor-element-671c62c elementor-widget elementor-widget-heading\" data-id=\"671c62c\" data-element_type=\"widget\" data-widget_type=\"heading.default\">\n\t\t\t\t\t<h2 class=\"elementor-heading-title elementor-size-default\">Informaci\u00f3n del contacto<\/h2>\t\t\t\t<\/div>\n\t\t\t\t<\/div>\n\t\t\t\t<div class=\"elementor-element elementor-element-4327f1b elementor-view-stacked elementor-position-inline-start icon-box-left elementor-mobile-position-inline-end elementor-shape-circle elementor-widget elementor-widget-icon-box\" data-id=\"4327f1b\" data-element_type=\"widget\" data-widget_type=\"icon-box.default\">\n\t\t\t\t\t\t\t<div class=\"elementor-icon-box-wrapper\">\n\n\t\t\t\t\t\t<div class=\"elementor-icon-box-icon\">\n\t\t\t\t<a href=\"mailto:Ventas@tuviajesinlimites.com%20\" class=\"elementor-icon\" tabindex=\"-1\" aria-label=\"Enviar correo\">\n\t\t\t\t<i aria-hidden=\"true\" class=\"far fa-envelope\"><\/i>\t\t\t\t<\/a>\n\t\t\t<\/div>\n\t\t\t\n\t\t\t\t\t\t<div class=\"elementor-icon-box-content\">\n\n\t\t\t\t\t\t\t\t\t<h3 class=\"elementor-icon-box-title\">\n\t\t\t\t\t\t<a href=\"mailto:Ventas@tuviajesinlimites.com%20\" >\n\t\t\t\t\t\t\tEnviar correo\t\t\t\t\t\t<\/a>\n\t\t\t\t\t<\/h3>\n\t\t\t\t\n\t\t\t\t\t\t\t\t\t<p class=\"elementor-icon-box-description\">\n\t\t\t\t\t\tventas@tuviajesinlimites.com\t\t\t\t\t<\/p>\n\t\t\t\t\n\t\t\t<\/div>\n\t\t\t\n\t\t<\/div>\n\t\t\t\t\t\t<\/div>\n\t\t\t\t<div class=\"elementor-element elementor-element-d2a6abe elementor-view-stacked elementor-position-inline-start icon-box-left elementor-mobile-position-inline-end elementor-shape-circle elementor-widget elementor-widget-icon-box\" data-id=\"d2a6abe\" data-element_type=\"widget\" data-widget_type=\"icon-box.default\">\n\t\t\t\t\t\t\t<div class=\"elementor-icon-box-wrapper\">\n\n\t\t\t\t\t\t<div class=\"elementor-icon-box-icon\">\n\t\t\t\t<a href=\"tel:+573027156039\" class=\"elementor-icon\" tabindex=\"-1\" aria-label=\"L\u00ednea directa\">\n\t\t\t\t<i aria-hidden=\"true\" class=\" ticon-phone-call\"><\/i>\t\t\t\t<\/a>\n\t\t\t<\/div>\n\t\t\t\n\t\t\t\t\t\t<div class=\"elementor-icon-box-content\">\n\n\t\t\t\t\t\t\t\t\t<h3 class=\"elementor-icon-box-title\">\n\t\t\t\t\t\t<a href=\"tel:+573027156039\" >\n\t\t\t\t\t\t\tL\u00ednea directa\t\t\t\t\t\t<\/a>\n\t\t\t\t\t<\/h3>\n\t\t\t\t\n\t\t\t\t\t\t\t\t\t<p class=\"elementor-icon-box-description\">\n\t\t\t\t\t\t+57 3027156039\t\t\t\t\t<\/p>\n\t\t\t\t\n\t\t\t<\/div>\n\t\t\t\n\t\t<\/div>\n\t\t\t\t\t\t<\/div>\n\t\t\t\t<\/div>\n\t\t<div class=\"elementor-element elementor-element-6482274 e-con-full e-flex e-con e-child\" data-id=\"6482274\" data-element_type=\"container\">\n\t\t\t\t<div class=\"elementor-element elementor-element-4e10ade skin-full elementor-widget__width-initial elementor-widget elementor-widget-shortcode\" data-id=\"4e10ade\" data-element_type=\"widget\" data-widget_type=\"shortcode.default\">\n\t\t\t\t\t\t\t<div class=\"elementor-shortcode\">\n<div class=\"wpcf7 no-js\" id=\"wpcf7-f6-o1\" lang=\"en-US\" dir=\"ltr\" data-wpcf7-id=\"6\">\n<div class=\"screen-reader-response\"><p role=\"status\" aria-live=\"polite\" aria-atomic=\"true\"><\/p> <ul><\/ul><\/div>\n<form action=\"\/tvsl\/wp-json\/wp\/v2\/pages\/606#wpcf7-f6-o1\" method=\"post\" class=\"wpcf7-form init\" aria-label=\"Contact form\" novalidate=\"novalidate\" data-status=\"init\">\n<fieldset class=\"hidden-fields-container\"><input type=\"hidden\" name=\"_wpcf7\" value=\"6\" \/><input type=\"hidden\" name=\"_wpcf7_version\" value=\"6.1.4\" \/><input type=\"hidden\" name=\"_wpcf7_locale\" value=\"en_US\" \/><input type=\"hidden\" name=\"_wpcf7_unit_tag\" value=\"wpcf7-f6-o1\" \/><input type=\"hidden\" name=\"_wpcf7_container_post\" value=\"0\" \/><input type=\"hidden\" name=\"_wpcf7_posted_data_hash\" value=\"\" \/>\n<\/fieldset>\n<div class=\"row\">\n   <div class=\"col-sm-4 col-xs-12\">\n     <label>Nombre completo<\/label>\n     <span class=\"wpcf7-form-control-wrap\" data-name=\"nombre\"><input size=\"40\" maxlength=\"400\" class=\"wpcf7-form-control wpcf7-text wpcf7-validates-as-required\" aria-required=\"true\" aria-invalid=\"false\" placeholder=\"Nombre completo\" value=\"\" type=\"text\" name=\"nombre\" \/><\/span>\n   <\/div>\n   <div class=\"col-sm-4 col-xs-12\">\n <label>N\u00famero de contacto<\/label>\n      <span class=\"wpcf7-form-control-wrap\" data-name=\"numero-contacto\"><input size=\"40\" maxlength=\"400\" class=\"wpcf7-form-control wpcf7-tel wpcf7-validates-as-required wpcf7-text wpcf7-validates-as-tel\" aria-required=\"true\" aria-invalid=\"false\" placeholder=\"+57\" value=\"\" type=\"tel\" name=\"numero-contacto\" \/><\/span>     \n   <\/div>\n<\/div>\n\n<div class=\"row\">\n   <div class=\"col-sm-6 col-xs-12\">\n     <label>Correo Electr\u00f3nico<\/label>\n      <span class=\"wpcf7-form-control-wrap\" data-name=\"correo-electronico\"><input size=\"40\" maxlength=\"400\" class=\"wpcf7-form-control wpcf7-email wpcf7-validates-as-required wpcf7-text wpcf7-validates-as-email\" aria-required=\"true\" aria-invalid=\"false\" placeholder=\"@\" value=\"\" type=\"email\" name=\"correo-electronico\" \/><\/span>\n   <\/div>\n   <div class=\"col-sm-6 col-xs-12\">\n      <label>Fecha estimada de viaje<\/label>\n      <span class=\"wpcf7-form-control-wrap\" data-name=\"fecha-estimada-viaje\"><input class=\"wpcf7-form-control wpcf7-date wpcf7-validates-as-required wpcf7-validates-as-date\" aria-required=\"true\" aria-invalid=\"false\" placeholder=\"Default\" value=\"\" type=\"date\" name=\"fecha-estimada-viaje\" \/><\/span>\n   <\/div>\n<\/div>\n<div class=\"row\">\n  <div class=\"col-sm-6 col-xs-12\">\n      <label>Fecha estimada de regreso<\/label>\n      <span class=\"wpcf7-form-control-wrap\" data-name=\"fecha-estimada-regreso\"><input class=\"wpcf7-form-control wpcf7-date wpcf7-validates-as-required wpcf7-validates-as-date\" aria-required=\"true\" aria-invalid=\"false\" placeholder=\"Default\" value=\"\" type=\"date\" name=\"fecha-estimada-regreso\" \/><\/span>\n   <\/div>\n   <div class=\"col-sm-6 col-xs-12\">\n     <label>Equipaje bodega o cabina<\/label>\n      <span class=\"wpcf7-form-control-wrap\" data-name=\"equipaje-bodega-cabina\"><select class=\"wpcf7-form-control wpcf7-select wpcf7-validates-as-required\" aria-required=\"true\" aria-invalid=\"false\" name=\"equipaje-bodega-cabina\"><option value=\"Si\">Si<\/option><option value=\"No\">No<\/option><\/select><\/span>\n   <\/div>\n<\/div>\n<div class=\"row\">\n   <div class=\"col-sm-12 col-xs-12\">\n\u00a0     <label>Escribe tu solicitud o servicio especifico que deseas conocer<\/label>\n\u00a0     <span class=\"wpcf7-form-control-wrap\" data-name=\"solicitud-servicio\"><textarea cols=\"40\" rows=\"10\" maxlength=\"2000\" class=\"wpcf7-form-control wpcf7-textarea wpcf7-validates-as-required\" aria-required=\"true\" aria-invalid=\"false\" placeholder=\"Hola deseo cotizar...\" name=\"solicitud-servicio\"><\/textarea><\/span>\n\u00a0  <\/div>\n<\/div>\n<div class=\"row\">\n  <div class=\"col-sm-6 col-xs-12\">\n  <span class=\"wpcf7-form-control-wrap\" data-name=\"terminos-condiciones\"><span class=\"wpcf7-form-control wpcf7-acceptance optional\"><span class=\"wpcf7-list-item\"><label><input type=\"checkbox\" name=\"terminos-condiciones\" value=\"1\" aria-invalid=\"false\" \/><span class=\"wpcf7-list-item-label\">Acepto los <a href=\"https:\/\/dev.gomnetwork.com\/tvsl\/terminos-condiciones\/\" target=\"_blank\">t\u00e9rminos y condiciones <\/a> y las pol\u00edticas de  tratamiento de datos *<\/span><\/label><\/span><\/span><\/span>\n  <\/div>\n<\/div>\n<div class=\"row\">\n   <div class=\"col-sm-12 col-xs-12\">\n     <div class=\"col-sm-12 col-xs-12 action text-left\"><span class=\"form-action\"><input class=\"wpcf7-form-control wpcf7-submit has-spinner\" type=\"submit\" value=\"Enviar cotizaci\u00f3n\" \/><\/span><\/div>\n    <\/div>\n<\/div><div class=\"wpcf7-response-output\" aria-hidden=\"true\"><\/div>\n<\/form>\n<\/div>\n<\/div>\n\t\t\t\t\t\t<\/div>\n\t\t\t\t<\/div>\n\t\t\t\t<\/div>\n\t\t\t\t\t<\/div>\n\t\t\t\t<\/div>\n\t\t\t\t<\/div>\n\t\t","protected":false},"excerpt":{"rendered":"<p>Explora el mundo Tu viaje comienza en un clic Solicita tu cotizaci\u00f3n personalizada Cu\u00e9ntanos los detalles de tu viaje y nuestro equipo te enviar\u00e1 una propuesta ajustada a tus preferencias. [&hellip;]<\/p>\n","protected":false},"author":1,"featured_media":0,"parent":0,"menu_order":0,"comment_status":"closed","ping_status":"closed","template":"","meta":{"footnotes":""},"class_list":["post-606","page","type-page","status-publish","hentry"],"_links":{"self":[{"href":"https:\/\/dev.gomnetwork.com\/tvsl\/wp-json\/wp\/v2\/pages\/606","targetHints":{"allow":["GET"]}}],"collection":[{"href":"https:\/\/dev.gomnetwork.com\/tvsl\/wp-json\/wp\/v2\/pages"}],"about":[{"href":"https:\/\/dev.gomnetwork.com\/tvsl\/wp-json\/wp\/v2\/types\/page"}],"author":[{"embeddable":true,"href":"https:\/\/dev.gomnetwork.com\/tvsl\/wp-json\/wp\/v2\/users\/1"}],"replies":[{"embeddable":true,"href":"https:\/\/dev.gomnetwork.com\/tvsl\/wp-json\/wp\/v2\/comments?post=606"}],"version-history":[{"count":52,"href":"https:\/\/dev.gomnetwork.com\/tvsl\/wp-json\/wp\/v2\/pages\/606\/revisions"}],"predecessor-version":[{"id":2182,"href":"https:\/\/dev.gomnetwork.com\/tvsl\/wp-json\/wp\/v2\/pages\/606\/revisions\/2182"}],"wp:attachment":[{"href":"https:\/\/dev.gomnetwork.com\/tvsl\/wp-json\/wp\/v2\/media?parent=606"}],"curies":[{"name":"wp","href":"https:\/\/api.w.org\/{rel}","templated":true}]}}