{"id":1229,"date":"2025-11-18T13:38:50","date_gmt":"2025-11-18T18:38:50","guid":{"rendered":"https:\/\/dev.gomnetwork.com\/tvsl\/?page_id=1229"},"modified":"2026-01-19T08:05:20","modified_gmt":"2026-01-19T13:05:20","slug":"interna-del-servicio-cruceros-desde-punta-cana-republica-dominicana","status":"publish","type":"page","link":"https:\/\/dev.gomnetwork.com\/tvsl\/interna-del-servicio-cruceros-desde-punta-cana-republica-dominicana\/","title":{"rendered":"Interna del servicio Cruceros desde Punta Cana, Rep\u00fablica Dominicana"},"content":{"rendered":"\t\t<div data-elementor-type=\"wp-page\" data-elementor-id=\"1229\" class=\"elementor elementor-1229\">\n\t\t\t\t<div class=\"elementor-element elementor-element-0715e6b e-con-full e-flex e-con e-parent\" data-id=\"0715e6b\" data-element_type=\"container\">\n\t\t\t\t<div class=\"elementor-element elementor-element-15a2c45 elementor-widget elementor-widget-gva-gallery\" data-id=\"15a2c45\" data-element_type=\"widget\" data-widget_type=\"gva-gallery.default\">\n\t\t\t\t<div class=\"elementor-widget-container\">\n\t\t\t\t\t<div class=\"gva-element-gva-gallery gva-element\">\r\n<div class=\"gva-gallery-carousel swiper-slider-wrapper style-1 margin-disable\">\r\n\t<div class=\"swiper-content-inner\">\r\n   \t<div class=\"init-carousel-swiper swiper\" data-carousel=\"{&quot;items&quot;:3,&quot;items_lg&quot;:3,&quot;items_md&quot;:2,&quot;items_sm&quot;:2,&quot;items_xs&quot;:1,&quot;items_xx&quot;:1,&quot;effect&quot;:&quot;slide&quot;,&quot;space_between&quot;:10,&quot;loop&quot;:1,&quot;speed&quot;:600,&quot;autoplay&quot;:1,&quot;autoplay_delay&quot;:4500,&quot;autoplay_hover&quot;:1,&quot;navigation&quot;:0,&quot;pagination&quot;:0,&quot;dynamic_bullets&quot;:0,&quot;pagination_type&quot;:&quot;bullets&quot;}\">\r\n      \t<div class=\"swiper-wrapper\">\r\n\t\t\t\t<div class=\"swiper-slide item\">   <div class=\"gallery-one__single\">\r\n               <div class=\"gallery-one__image\">\r\n            <img decoding=\"async\" src=\"https:\/\/dev.gomnetwork.com\/tvsl\/wp-content\/uploads\/2025\/11\/Crucero-Centro-america-1-600x500.webp\" alt=\" Cruceros Punta Cana, Rep\u00fablica Dominicana\" \/>  \r\n         <\/div>\r\n         <a class=\"gallery-one__photo\" href=\"https:\/\/dev.gomnetwork.com\/tvsl\/wp-content\/uploads\/2025\/11\/Crucero-Centro-america-1.webp\" data-elementor-lightbox-slideshow=\"gallery-4cgw\"><i class=\"fa-solid fa-expand\"><\/i><\/a>\r\n      \r\n      <div class=\"gallery-one__content\">\r\n         <div class=\"gallery-one__content-inner\">\r\n         \t                           <h3 class=\"gallery-one__title\"> Cruceros Punta Cana, Rep\u00fablica Dominicana<\/h3>\r\n                     <\/div>   \r\n      <\/div>\r\n   <\/div>\r\n \r\n <\/div><div class=\"swiper-slide item\">   <div class=\"gallery-one__single\">\r\n               <div class=\"gallery-one__image\">\r\n            <img decoding=\"async\" src=\"https:\/\/dev.gomnetwork.com\/tvsl\/wp-content\/uploads\/2025\/11\/Crucero-Centro-america-2-600x500.webp\" alt=\" Cruceros Punta Cana, Rep\u00fablica Dominicana\" \/>  \r\n         <\/div>\r\n         <a class=\"gallery-one__photo\" href=\"https:\/\/dev.gomnetwork.com\/tvsl\/wp-content\/uploads\/2025\/11\/Crucero-Centro-america-2.webp\" data-elementor-lightbox-slideshow=\"gallery-4cgw\"><i class=\"fa-solid fa-expand\"><\/i><\/a>\r\n      \r\n      <div class=\"gallery-one__content\">\r\n         <div class=\"gallery-one__content-inner\">\r\n         \t                           <h3 class=\"gallery-one__title\"> Cruceros Punta Cana, Rep\u00fablica Dominicana<\/h3>\r\n                     <\/div>   \r\n      <\/div>\r\n   <\/div>\r\n \r\n <\/div><div class=\"swiper-slide item\">   <div class=\"gallery-one__single\">\r\n               <div class=\"gallery-one__image\">\r\n            <img decoding=\"async\" src=\"https:\/\/dev.gomnetwork.com\/tvsl\/wp-content\/uploads\/2025\/11\/Crucero-Centro-america-3-600x500.webp\" alt=\" Cruceros Punta Cana, Rep\u00fablica Dominicana\" \/>  \r\n         <\/div>\r\n         <a class=\"gallery-one__photo\" href=\"https:\/\/dev.gomnetwork.com\/tvsl\/wp-content\/uploads\/2025\/11\/Crucero-Centro-america-3.webp\" data-elementor-lightbox-slideshow=\"gallery-4cgw\"><i class=\"fa-solid fa-expand\"><\/i><\/a>\r\n      \r\n      <div class=\"gallery-one__content\">\r\n         <div class=\"gallery-one__content-inner\">\r\n         \t                           <h3 class=\"gallery-one__title\"> Cruceros Punta Cana, Rep\u00fablica Dominicana<\/h3>\r\n                     <\/div>   \r\n      <\/div>\r\n   <\/div>\r\n \r\n <\/div><div class=\"swiper-slide item\">   <div class=\"gallery-one__single\">\r\n               <div class=\"gallery-one__image\">\r\n            <img decoding=\"async\" src=\"https:\/\/dev.gomnetwork.com\/tvsl\/wp-content\/uploads\/2025\/11\/Crucero-Centro-america-4-600x500.webp\" alt=\" Cruceros Punta Cana, Rep\u00fablica Dominicana\" \/>  \r\n         <\/div>\r\n         <a class=\"gallery-one__photo\" href=\"https:\/\/dev.gomnetwork.com\/tvsl\/wp-content\/uploads\/2025\/11\/Crucero-Centro-america-4.webp\" data-elementor-lightbox-slideshow=\"gallery-4cgw\"><i class=\"fa-solid fa-expand\"><\/i><\/a>\r\n      \r\n      <div class=\"gallery-one__content\">\r\n         <div class=\"gallery-one__content-inner\">\r\n         \t                           <h3 class=\"gallery-one__title\"> Cruceros Punta Cana, Rep\u00fablica Dominicana<\/h3>\r\n                     <\/div>   \r\n      <\/div>\r\n   <\/div>\r\n \r\n <\/div><div class=\"swiper-slide item\">   <div class=\"gallery-one__single\">\r\n               <div class=\"gallery-one__image\">\r\n            <img decoding=\"async\" src=\"https:\/\/dev.gomnetwork.com\/tvsl\/wp-content\/uploads\/2025\/11\/Crucero-Centro-america-5-600x500.webp\" alt=\" Cruceros Punta Cana, Rep\u00fablica Dominicana\" \/>  \r\n         <\/div>\r\n         <a class=\"gallery-one__photo\" href=\"https:\/\/dev.gomnetwork.com\/tvsl\/wp-content\/uploads\/2025\/11\/Crucero-Centro-america-5.webp\" data-elementor-lightbox-slideshow=\"gallery-4cgw\"><i class=\"fa-solid fa-expand\"><\/i><\/a>\r\n      \r\n      <div class=\"gallery-one__content\">\r\n         <div class=\"gallery-one__content-inner\">\r\n         \t                           <h3 class=\"gallery-one__title\"> Cruceros Punta Cana, Rep\u00fablica Dominicana<\/h3>\r\n                     <\/div>   \r\n      <\/div>\r\n   <\/div>\r\n \r\n <\/div>\t\t\t<\/div>\r\n\t\t<\/div>\r\n\t<\/div>\r\n\t   <\/div>\r\n<\/div>\t\t\t\t<\/div>\n\t\t\t\t<\/div>\n\t\t\t\t<\/div>\n\t\t<div class=\"elementor-element elementor-element-bd6cfda e-flex e-con-boxed e-con e-parent\" data-id=\"bd6cfda\" data-element_type=\"container\">\n\t\t\t\t\t<div class=\"e-con-inner\">\n\t\t\t\t<div class=\"elementor-element elementor-element-f410ee6 elementor-widget elementor-widget-gva-heading-block\" data-id=\"f410ee6\" data-element_type=\"widget\" data-widget_type=\"gva-heading-block.default\">\n\t\t\t\t<div class=\"elementor-widget-container\">\n\t\t\t\t\t<div class=\"gva-element-gva-heading-block gva-element\">\r\n   <div class=\"align-center style-1 widget gsc-heading box-align-left auto-responsive\">\r\n      \r\n      <div class=\"content-inner\">\r\n                  \r\n           \r\n         \r\n                     <h2 class=\"title\">\r\n               <span>Cruceros desde Punta Cana, Rep\u00fablica Dominicana<\/span>\r\n            <\/h2>\r\n                  \r\n         \r\n               <\/div>\r\n\r\n   <\/div>\r\n\r\n<\/div>\t\t\t\t<\/div>\n\t\t\t\t<\/div>\n\t\t\t\t<div class=\"elementor-element elementor-element-307f44f elementor-widget elementor-widget-rating\" data-id=\"307f44f\" data-element_type=\"widget\" data-widget_type=\"rating.default\">\n\t\t\t\t\t\t\t<div class=\"e-rating\" itemtype=\"https:\/\/schema.org\/Rating\" itemscope=\"\" itemprop=\"reviewRating\">\n\t\t\t<meta itemprop=\"worstRating\" content=\"0\">\n\t\t\t<meta itemprop=\"bestRating\" content=\"5\">\n\t\t\t<div class=\"e-rating-wrapper\" itemprop=\"ratingValue\" content=\"4\" role=\"img\" aria-label=\"Rated 4 out of 5\">\n\t\t\t\t\t\t\t<div class=\"e-icon\">\n\t\t\t\t<div class=\"e-icon-wrapper e-icon-marked\">\n\t\t\t\t\t<i aria-hidden=\"true\" class=\"eicon-star\"><\/i>\t\t\t\t<\/div>\n\t\t\t\t<div class=\"e-icon-wrapper e-icon-unmarked\">\n\t\t\t\t\t<i aria-hidden=\"true\" class=\"eicon-star\"><\/i>\t\t\t\t<\/div>\n\t\t\t<\/div>\n\t\t\t\t\t\t<div class=\"e-icon\">\n\t\t\t\t<div class=\"e-icon-wrapper e-icon-marked\">\n\t\t\t\t\t<i aria-hidden=\"true\" class=\"eicon-star\"><\/i>\t\t\t\t<\/div>\n\t\t\t\t<div class=\"e-icon-wrapper e-icon-unmarked\">\n\t\t\t\t\t<i aria-hidden=\"true\" class=\"eicon-star\"><\/i>\t\t\t\t<\/div>\n\t\t\t<\/div>\n\t\t\t\t\t\t<div class=\"e-icon\">\n\t\t\t\t<div class=\"e-icon-wrapper e-icon-marked\">\n\t\t\t\t\t<i aria-hidden=\"true\" class=\"eicon-star\"><\/i>\t\t\t\t<\/div>\n\t\t\t\t<div class=\"e-icon-wrapper e-icon-unmarked\">\n\t\t\t\t\t<i aria-hidden=\"true\" class=\"eicon-star\"><\/i>\t\t\t\t<\/div>\n\t\t\t<\/div>\n\t\t\t\t\t\t<div class=\"e-icon\">\n\t\t\t\t<div class=\"e-icon-wrapper e-icon-marked\">\n\t\t\t\t\t<i aria-hidden=\"true\" class=\"eicon-star\"><\/i>\t\t\t\t<\/div>\n\t\t\t\t<div class=\"e-icon-wrapper e-icon-unmarked\">\n\t\t\t\t\t<i aria-hidden=\"true\" class=\"eicon-star\"><\/i>\t\t\t\t<\/div>\n\t\t\t<\/div>\n\t\t\t\t\t\t<div class=\"e-icon\">\n\t\t\t\t<div class=\"e-icon-wrapper e-icon-marked\" style=\"--e-rating-icon-marked-width: 0%;\">\n\t\t\t\t\t<i aria-hidden=\"true\" class=\"eicon-star\"><\/i>\t\t\t\t<\/div>\n\t\t\t\t<div class=\"e-icon-wrapper e-icon-unmarked\">\n\t\t\t\t\t<i aria-hidden=\"true\" class=\"eicon-star\"><\/i>\t\t\t\t<\/div>\n\t\t\t<\/div>\n\t\t\t\t\t\t<\/div>\n\t\t<\/div>\n\t\t\t\t\t\t<\/div>\n\t\t\t\t\t<\/div>\n\t\t\t\t<\/div>\n\t\t<div class=\"elementor-element elementor-element-cfa5a8b e-con-full e-flex e-con e-parent\" data-id=\"cfa5a8b\" data-element_type=\"container\">\n\t\t\t\t<div class=\"elementor-element elementor-element-5e07d66 elementor-widget-divider--view-line elementor-widget elementor-widget-divider\" data-id=\"5e07d66\" data-element_type=\"widget\" data-widget_type=\"divider.default\">\n\t\t\t\t\t\t\t<div class=\"elementor-divider\">\n\t\t\t<span class=\"elementor-divider-separator\">\n\t\t\t\t\t\t<\/span>\n\t\t<\/div>\n\t\t\t\t\t\t<\/div>\n\t\t\t\t<\/div>\n\t\t<div class=\"elementor-element elementor-element-9d2df18 e-flex e-con-boxed e-con e-parent\" data-id=\"9d2df18\" data-element_type=\"container\">\n\t\t\t\t\t<div class=\"e-con-inner\">\n\t\t<div class=\"elementor-element elementor-element-cb4342a e-con-full e-flex e-con e-child\" data-id=\"cb4342a\" data-element_type=\"container\">\n\t\t\t\t<div class=\"elementor-element elementor-element-33420ec elementor-widget elementor-widget-text-editor\" data-id=\"33420ec\" data-element_type=\"widget\" data-widget_type=\"text-editor.default\">\n\t\t\t\t\t\t\t\t\t<p>Punta Cana es un punto de embarque privilegiado para descubrir el Caribe Oriental. Ofrece playas de arena blanca y un ambiente ideal para relajarse antes de navegar hacia destinos como Barbados, Santa Luc\u00eda o San Mart\u00edn.<\/p><p><strong>L\u00edneas y cruceros destacados:<\/strong><\/p><ul><li>MSC Cruises \u2013 Caribe Oriental y Antillas Menores.<\/li><li>Costa Cruises \u2013 itinerarios por el Caribe Sur.<\/li><li><strong>Marella Cruises \u2013 opciones con todo incluido.<\/strong><\/li><\/ul><p><strong>Cruceros desde Panam\u00e1<\/strong><\/p><p>El puerto de Col\u00f3n en Panam\u00e1 es una de las puertas m\u00e1s importantes para los cruceros que atraviesan el <strong>Canal de Panam\u00e1<\/strong>, una experiencia \u00fanica en el mundo. Desde aqu\u00ed zarpan rutas hacia el Caribe, Sudam\u00e9rica y la costa pac\u00edfica.<\/p><p><strong>L\u00edneas y cruceros destacados:<\/strong><\/p><ul><li>Norwegian Cruise Line \u2013 tr\u00e1nsito parcial o completo del Canal de Panam\u00e1.<\/li><li>Princess Cruises \u2013 rutas por el Pac\u00edfico y Caribe.<\/li><li><strong>Holland America Line \u2013 itinerarios m\u00e1s largos hacia Sudam\u00e9rica.<\/strong><\/li><\/ul>\t\t\t\t\t\t\t\t<\/div>\n\t\t\t\t<\/div>\n\t\t<div class=\"elementor-element elementor-element-8b41dfc e-con-full e-flex e-con e-child\" data-id=\"8b41dfc\" data-element_type=\"container\">\n\t\t<div class=\"elementor-element elementor-element-d142054 e-con-full e-flex e-con e-child\" data-id=\"d142054\" data-element_type=\"container\">\n\t\t\t\t<div class=\"elementor-element elementor-element-4ea9122 elementor-widget elementor-widget-gva-heading-block\" data-id=\"4ea9122\" data-element_type=\"widget\" data-widget_type=\"gva-heading-block.default\">\n\t\t\t\t<div class=\"elementor-widget-container\">\n\t\t\t\t\t<div class=\"gva-element-gva-heading-block gva-element\">\r\n   <div class=\"align-center style-1 widget gsc-heading box-align-left auto-responsive\">\r\n      \r\n      <div class=\"content-inner\">\r\n                  \r\n           \r\n         \r\n                     <h2 class=\"title\">\r\n               <span>Cotiza tu viaje con nosotros<\/span>\r\n            <\/h2>\r\n                  \r\n         \r\n               <\/div>\r\n\r\n   <\/div>\r\n\r\n<\/div>\t\t\t\t<\/div>\n\t\t\t\t<\/div>\n\t\t\t\t<div class=\"elementor-element elementor-element-9f18200 elementor-align-center elementor-widget__width-auto elementor-widget elementor-widget-button\" data-id=\"9f18200\" data-element_type=\"widget\" data-widget_type=\"button.default\">\n\t\t\t\t\t\t\t\t\t\t<a class=\"elementor-button elementor-button-link elementor-size-sm\" href=\"https:\/\/dev.gomnetwork.com\/tvsl\/contacto\/\">\n\t\t\t\t\t\t<span class=\"elementor-button-content-wrapper\">\n\t\t\t\t\t\t\t\t\t<span class=\"elementor-button-text\">Cont\u00e1ctanos<\/span>\n\t\t\t\t\t<\/span>\n\t\t\t\t\t<\/a>\n\t\t\t\t\t\t\t\t<\/div>\n\t\t\t\t<\/div>\n\t\t\t\t<\/div>\n\t\t\t\t\t<\/div>\n\t\t\t\t<\/div>\n\t\t\t\t<\/div>\n\t\t","protected":false},"excerpt":{"rendered":"<p>Cruceros Punta Cana, Rep\u00fablica Dominicana Cruceros Punta Cana, Rep\u00fablica Dominicana Cruceros Punta Cana, Rep\u00fablica Dominicana Cruceros Punta Cana, Rep\u00fablica Dominicana Cruceros Punta Cana, Rep\u00fablica Dominicana Cruceros desde Punta Cana, Rep\u00fablica [&hellip;]<\/p>\n","protected":false},"author":1,"featured_media":0,"parent":0,"menu_order":0,"comment_status":"closed","ping_status":"closed","template":"","meta":{"footnotes":""},"class_list":["post-1229","page","type-page","status-publish","hentry"],"_links":{"self":[{"href":"https:\/\/dev.gomnetwork.com\/tvsl\/wp-json\/wp\/v2\/pages\/1229","targetHints":{"allow":["GET"]}}],"collection":[{"href":"https:\/\/dev.gomnetwork.com\/tvsl\/wp-json\/wp\/v2\/pages"}],"about":[{"href":"https:\/\/dev.gomnetwork.com\/tvsl\/wp-json\/wp\/v2\/types\/page"}],"author":[{"embeddable":true,"href":"https:\/\/dev.gomnetwork.com\/tvsl\/wp-json\/wp\/v2\/users\/1"}],"replies":[{"embeddable":true,"href":"https:\/\/dev.gomnetwork.com\/tvsl\/wp-json\/wp\/v2\/comments?post=1229"}],"version-history":[{"count":22,"href":"https:\/\/dev.gomnetwork.com\/tvsl\/wp-json\/wp\/v2\/pages\/1229\/revisions"}],"predecessor-version":[{"id":2074,"href":"https:\/\/dev.gomnetwork.com\/tvsl\/wp-json\/wp\/v2\/pages\/1229\/revisions\/2074"}],"wp:attachment":[{"href":"https:\/\/dev.gomnetwork.com\/tvsl\/wp-json\/wp\/v2\/media?parent=1229"}],"curies":[{"name":"wp","href":"https:\/\/api.w.org\/{rel}","templated":true}]}}