{"id":1225,"date":"2025-11-18T13:37:40","date_gmt":"2025-11-18T18:37:40","guid":{"rendered":"https:\/\/dev.gomnetwork.com\/tvsl\/?page_id=1225"},"modified":"2026-01-19T08:07:33","modified_gmt":"2026-01-19T13:07:33","slug":"interna-del-servicio-paris","status":"publish","type":"page","link":"https:\/\/dev.gomnetwork.com\/tvsl\/interna-del-servicio-paris\/","title":{"rendered":"Interna del servicio Par\u00eds"},"content":{"rendered":"\t\t<div data-elementor-type=\"wp-page\" data-elementor-id=\"1225\" class=\"elementor elementor-1225\">\n\t\t\t\t<div class=\"elementor-element elementor-element-1bbba21 e-con-full e-flex e-con e-parent\" data-id=\"1bbba21\" data-element_type=\"container\">\n\t\t\t\t<div class=\"elementor-element elementor-element-778b26b elementor-widget elementor-widget-gva-gallery\" data-id=\"778b26b\" data-element_type=\"widget\" data-widget_type=\"gva-gallery.default\">\n\t\t\t\t<div class=\"elementor-widget-container\">\n\t\t\t\t\t<div class=\"gva-element-gva-gallery gva-element\">\r\n<div class=\"gva-gallery-carousel swiper-slider-wrapper style-1 margin-disable\">\r\n\t<div class=\"swiper-content-inner\">\r\n   \t<div class=\"init-carousel-swiper swiper\" data-carousel=\"{&quot;items&quot;:3,&quot;items_lg&quot;:3,&quot;items_md&quot;:2,&quot;items_sm&quot;:2,&quot;items_xs&quot;:1,&quot;items_xx&quot;:1,&quot;effect&quot;:&quot;slide&quot;,&quot;space_between&quot;:10,&quot;loop&quot;:1,&quot;speed&quot;:600,&quot;autoplay&quot;:1,&quot;autoplay_delay&quot;:4500,&quot;autoplay_hover&quot;:1,&quot;navigation&quot;:0,&quot;pagination&quot;:0,&quot;dynamic_bullets&quot;:0,&quot;pagination_type&quot;:&quot;bullets&quot;}\">\r\n      \t<div class=\"swiper-wrapper\">\r\n\t\t\t\t<div class=\"swiper-slide item\">   <div class=\"gallery-one__single\">\r\n               <div class=\"gallery-one__image\">\r\n            <img decoding=\"async\" src=\"https:\/\/dev.gomnetwork.com\/tvsl\/wp-content\/uploads\/2025\/11\/Paris-1-600x500.webp\" alt=\"Paris \" \/>  \r\n         <\/div>\r\n         <a class=\"gallery-one__photo\" href=\"https:\/\/dev.gomnetwork.com\/tvsl\/wp-content\/uploads\/2025\/11\/Paris-1.webp\" data-elementor-lightbox-slideshow=\"gallery-4p4d\"><i class=\"fa-solid fa-expand\"><\/i><\/a>\r\n      \r\n      <div class=\"gallery-one__content\">\r\n         <div class=\"gallery-one__content-inner\">\r\n         \t                           <h3 class=\"gallery-one__title\">Paris <\/h3>\r\n                     <\/div>   \r\n      <\/div>\r\n   <\/div>\r\n \r\n <\/div><div class=\"swiper-slide item\">   <div class=\"gallery-one__single\">\r\n               <div class=\"gallery-one__image\">\r\n            <img decoding=\"async\" src=\"https:\/\/dev.gomnetwork.com\/tvsl\/wp-content\/uploads\/2025\/11\/Paris-2-600x500.webp\" alt=\"Paris \" \/>  \r\n         <\/div>\r\n         <a class=\"gallery-one__photo\" href=\"https:\/\/dev.gomnetwork.com\/tvsl\/wp-content\/uploads\/2025\/11\/Paris-2.webp\" data-elementor-lightbox-slideshow=\"gallery-4p4d\"><i class=\"fa-solid fa-expand\"><\/i><\/a>\r\n      \r\n      <div class=\"gallery-one__content\">\r\n         <div class=\"gallery-one__content-inner\">\r\n         \t                           <h3 class=\"gallery-one__title\">Paris <\/h3>\r\n                     <\/div>   \r\n      <\/div>\r\n   <\/div>\r\n \r\n <\/div><div class=\"swiper-slide item\">   <div class=\"gallery-one__single\">\r\n               <div class=\"gallery-one__image\">\r\n            <img decoding=\"async\" src=\"https:\/\/dev.gomnetwork.com\/tvsl\/wp-content\/uploads\/2025\/11\/Paris-3-600x500.webp\" alt=\"Paris \" \/>  \r\n         <\/div>\r\n         <a class=\"gallery-one__photo\" href=\"https:\/\/dev.gomnetwork.com\/tvsl\/wp-content\/uploads\/2025\/11\/Paris-3.webp\" data-elementor-lightbox-slideshow=\"gallery-4p4d\"><i class=\"fa-solid fa-expand\"><\/i><\/a>\r\n      \r\n      <div class=\"gallery-one__content\">\r\n         <div class=\"gallery-one__content-inner\">\r\n         \t                           <h3 class=\"gallery-one__title\">Paris <\/h3>\r\n                     <\/div>   \r\n      <\/div>\r\n   <\/div>\r\n \r\n <\/div><div class=\"swiper-slide item\">   <div class=\"gallery-one__single\">\r\n               <div class=\"gallery-one__image\">\r\n            <img decoding=\"async\" src=\"https:\/\/dev.gomnetwork.com\/tvsl\/wp-content\/uploads\/2025\/11\/Paris-4-600x500.webp\" alt=\"Paris \" \/>  \r\n         <\/div>\r\n         <a class=\"gallery-one__photo\" href=\"https:\/\/dev.gomnetwork.com\/tvsl\/wp-content\/uploads\/2025\/11\/Paris-4.webp\" data-elementor-lightbox-slideshow=\"gallery-4p4d\"><i class=\"fa-solid fa-expand\"><\/i><\/a>\r\n      \r\n      <div class=\"gallery-one__content\">\r\n         <div class=\"gallery-one__content-inner\">\r\n         \t                           <h3 class=\"gallery-one__title\">Paris <\/h3>\r\n                     <\/div>   \r\n      <\/div>\r\n   <\/div>\r\n \r\n <\/div><div class=\"swiper-slide item\">   <div class=\"gallery-one__single\">\r\n               <div class=\"gallery-one__image\">\r\n            <img decoding=\"async\" src=\"https:\/\/dev.gomnetwork.com\/tvsl\/wp-content\/uploads\/2025\/11\/Paris-5-600x500.webp\" alt=\"Paris \" \/>  \r\n         <\/div>\r\n         <a class=\"gallery-one__photo\" href=\"https:\/\/dev.gomnetwork.com\/tvsl\/wp-content\/uploads\/2025\/11\/Paris-5.webp\" data-elementor-lightbox-slideshow=\"gallery-4p4d\"><i class=\"fa-solid fa-expand\"><\/i><\/a>\r\n      \r\n      <div class=\"gallery-one__content\">\r\n         <div class=\"gallery-one__content-inner\">\r\n         \t                           <h3 class=\"gallery-one__title\">Paris <\/h3>\r\n                     <\/div>   \r\n      <\/div>\r\n   <\/div>\r\n \r\n <\/div>\t\t\t<\/div>\r\n\t\t<\/div>\r\n\t<\/div>\r\n\t   <\/div>\r\n<\/div>\t\t\t\t<\/div>\n\t\t\t\t<\/div>\n\t\t\t\t<\/div>\n\t\t<div class=\"elementor-element elementor-element-88255cb e-flex e-con-boxed e-con e-parent\" data-id=\"88255cb\" data-element_type=\"container\">\n\t\t\t\t\t<div class=\"e-con-inner\">\n\t\t\t\t<div class=\"elementor-element elementor-element-62bf409 elementor-widget elementor-widget-gva-heading-block\" data-id=\"62bf409\" data-element_type=\"widget\" data-widget_type=\"gva-heading-block.default\">\n\t\t\t\t<div class=\"elementor-widget-container\">\n\t\t\t\t\t<div class=\"gva-element-gva-heading-block gva-element\">\r\n   <div class=\"align-center style-1 widget gsc-heading box-align-left auto-responsive\">\r\n      \r\n      <div class=\"content-inner\">\r\n                  \r\n           \r\n         \r\n                     <h2 class=\"title\">\r\n               <span>Par\u00eds<\/span>\r\n            <\/h2>\r\n                  \r\n         \r\n               <\/div>\r\n\r\n   <\/div>\r\n\r\n<\/div>\t\t\t\t<\/div>\n\t\t\t\t<\/div>\n\t\t\t\t<div class=\"elementor-element elementor-element-5fd5476 elementor-widget elementor-widget-rating\" data-id=\"5fd5476\" data-element_type=\"widget\" data-widget_type=\"rating.default\">\n\t\t\t\t\t\t\t<div class=\"e-rating\" itemtype=\"https:\/\/schema.org\/Rating\" itemscope=\"\" itemprop=\"reviewRating\">\n\t\t\t<meta itemprop=\"worstRating\" content=\"0\">\n\t\t\t<meta itemprop=\"bestRating\" content=\"5\">\n\t\t\t<div class=\"e-rating-wrapper\" itemprop=\"ratingValue\" content=\"4\" role=\"img\" aria-label=\"Rated 4 out of 5\">\n\t\t\t\t\t\t\t<div class=\"e-icon\">\n\t\t\t\t<div class=\"e-icon-wrapper e-icon-marked\">\n\t\t\t\t\t<i aria-hidden=\"true\" class=\"eicon-star\"><\/i>\t\t\t\t<\/div>\n\t\t\t\t<div class=\"e-icon-wrapper e-icon-unmarked\">\n\t\t\t\t\t<i aria-hidden=\"true\" class=\"eicon-star\"><\/i>\t\t\t\t<\/div>\n\t\t\t<\/div>\n\t\t\t\t\t\t<div class=\"e-icon\">\n\t\t\t\t<div class=\"e-icon-wrapper e-icon-marked\">\n\t\t\t\t\t<i aria-hidden=\"true\" class=\"eicon-star\"><\/i>\t\t\t\t<\/div>\n\t\t\t\t<div class=\"e-icon-wrapper e-icon-unmarked\">\n\t\t\t\t\t<i aria-hidden=\"true\" class=\"eicon-star\"><\/i>\t\t\t\t<\/div>\n\t\t\t<\/div>\n\t\t\t\t\t\t<div class=\"e-icon\">\n\t\t\t\t<div class=\"e-icon-wrapper e-icon-marked\">\n\t\t\t\t\t<i aria-hidden=\"true\" class=\"eicon-star\"><\/i>\t\t\t\t<\/div>\n\t\t\t\t<div class=\"e-icon-wrapper e-icon-unmarked\">\n\t\t\t\t\t<i aria-hidden=\"true\" class=\"eicon-star\"><\/i>\t\t\t\t<\/div>\n\t\t\t<\/div>\n\t\t\t\t\t\t<div class=\"e-icon\">\n\t\t\t\t<div class=\"e-icon-wrapper e-icon-marked\">\n\t\t\t\t\t<i aria-hidden=\"true\" class=\"eicon-star\"><\/i>\t\t\t\t<\/div>\n\t\t\t\t<div class=\"e-icon-wrapper e-icon-unmarked\">\n\t\t\t\t\t<i aria-hidden=\"true\" class=\"eicon-star\"><\/i>\t\t\t\t<\/div>\n\t\t\t<\/div>\n\t\t\t\t\t\t<div class=\"e-icon\">\n\t\t\t\t<div class=\"e-icon-wrapper e-icon-marked\" style=\"--e-rating-icon-marked-width: 0%;\">\n\t\t\t\t\t<i aria-hidden=\"true\" class=\"eicon-star\"><\/i>\t\t\t\t<\/div>\n\t\t\t\t<div class=\"e-icon-wrapper e-icon-unmarked\">\n\t\t\t\t\t<i aria-hidden=\"true\" class=\"eicon-star\"><\/i>\t\t\t\t<\/div>\n\t\t\t<\/div>\n\t\t\t\t\t\t<\/div>\n\t\t<\/div>\n\t\t\t\t\t\t<\/div>\n\t\t\t\t\t<\/div>\n\t\t\t\t<\/div>\n\t\t<div class=\"elementor-element elementor-element-6179737 e-con-full e-flex e-con e-parent\" data-id=\"6179737\" data-element_type=\"container\">\n\t\t\t\t<div class=\"elementor-element elementor-element-2886739 elementor-widget-divider--view-line elementor-widget elementor-widget-divider\" data-id=\"2886739\" data-element_type=\"widget\" data-widget_type=\"divider.default\">\n\t\t\t\t\t\t\t<div class=\"elementor-divider\">\n\t\t\t<span class=\"elementor-divider-separator\">\n\t\t\t\t\t\t<\/span>\n\t\t<\/div>\n\t\t\t\t\t\t<\/div>\n\t\t\t\t<\/div>\n\t\t<div class=\"elementor-element elementor-element-fce03e0 e-flex e-con-boxed e-con e-parent\" data-id=\"fce03e0\" data-element_type=\"container\">\n\t\t\t\t\t<div class=\"e-con-inner\">\n\t\t<div class=\"elementor-element elementor-element-d73637c e-con-full e-flex e-con e-child\" data-id=\"d73637c\" data-element_type=\"container\">\n\t\t\t\t<div class=\"elementor-element elementor-element-9c45d54 elementor-widget elementor-widget-text-editor\" data-id=\"9c45d54\" data-element_type=\"widget\" data-widget_type=\"text-editor.default\">\n\t\t\t\t\t\t\t\t\t<p>Par\u00eds, la ciudad del amor, conquista con su arquitectura, historia y romanticismo. Es uno de los destinos m\u00e1s visitados del mundo, perfecto para parejas, familias y amantes del arte.<\/p><p><strong>Qu\u00e9 hacer: <\/strong>Sube a la Torre Eiffel, pasea por el Sena, recorre el Museo del Louvre y disfruta una tarde en Montmartre.<\/p><p><strong>Mejor \u00e9poca para viajar: <\/strong>De abril a junio o de septiembre a noviembre, cuando la ciudad tiene un clima ideal para caminar.<\/p>\t\t\t\t\t\t\t\t<\/div>\n\t\t\t\t<\/div>\n\t\t<div class=\"elementor-element elementor-element-ab7c634 e-con-full e-flex e-con e-child\" data-id=\"ab7c634\" data-element_type=\"container\">\n\t\t<div class=\"elementor-element elementor-element-2dcb3d5 e-con-full e-flex e-con e-child\" data-id=\"2dcb3d5\" data-element_type=\"container\">\n\t\t\t\t<div class=\"elementor-element elementor-element-97e4e22 elementor-widget elementor-widget-gva-heading-block\" data-id=\"97e4e22\" data-element_type=\"widget\" data-widget_type=\"gva-heading-block.default\">\n\t\t\t\t<div class=\"elementor-widget-container\">\n\t\t\t\t\t<div class=\"gva-element-gva-heading-block gva-element\">\r\n   <div class=\"align-center style-1 widget gsc-heading box-align-left auto-responsive\">\r\n      \r\n      <div class=\"content-inner\">\r\n                  \r\n           \r\n         \r\n                     <h2 class=\"title\">\r\n               <span>Cotiza tu viaje con nosotros<\/span>\r\n            <\/h2>\r\n                  \r\n         \r\n               <\/div>\r\n\r\n   <\/div>\r\n\r\n<\/div>\t\t\t\t<\/div>\n\t\t\t\t<\/div>\n\t\t\t\t<div class=\"elementor-element elementor-element-b805080 elementor-align-center elementor-widget__width-auto elementor-widget elementor-widget-button\" data-id=\"b805080\" data-element_type=\"widget\" data-widget_type=\"button.default\">\n\t\t\t\t\t\t\t\t\t\t<a class=\"elementor-button elementor-button-link elementor-size-sm\" href=\"https:\/\/dev.gomnetwork.com\/tvsl\/contacto\/\">\n\t\t\t\t\t\t<span class=\"elementor-button-content-wrapper\">\n\t\t\t\t\t\t\t\t\t<span class=\"elementor-button-text\">Cont\u00e1ctanos<\/span>\n\t\t\t\t\t<\/span>\n\t\t\t\t\t<\/a>\n\t\t\t\t\t\t\t\t<\/div>\n\t\t\t\t<\/div>\n\t\t\t\t<\/div>\n\t\t\t\t\t<\/div>\n\t\t\t\t<\/div>\n\t\t\t\t<\/div>\n\t\t","protected":false},"excerpt":{"rendered":"<p>Paris Paris Paris Paris Paris Par\u00eds Par\u00eds, la ciudad del amor, conquista con su arquitectura, historia y romanticismo. Es uno de los destinos m\u00e1s visitados del mundo, perfecto para parejas, [&hellip;]<\/p>\n","protected":false},"author":1,"featured_media":0,"parent":0,"menu_order":0,"comment_status":"closed","ping_status":"closed","template":"","meta":{"footnotes":""},"class_list":["post-1225","page","type-page","status-publish","hentry"],"_links":{"self":[{"href":"https:\/\/dev.gomnetwork.com\/tvsl\/wp-json\/wp\/v2\/pages\/1225","targetHints":{"allow":["GET"]}}],"collection":[{"href":"https:\/\/dev.gomnetwork.com\/tvsl\/wp-json\/wp\/v2\/pages"}],"about":[{"href":"https:\/\/dev.gomnetwork.com\/tvsl\/wp-json\/wp\/v2\/types\/page"}],"author":[{"embeddable":true,"href":"https:\/\/dev.gomnetwork.com\/tvsl\/wp-json\/wp\/v2\/users\/1"}],"replies":[{"embeddable":true,"href":"https:\/\/dev.gomnetwork.com\/tvsl\/wp-json\/wp\/v2\/comments?post=1225"}],"version-history":[{"count":22,"href":"https:\/\/dev.gomnetwork.com\/tvsl\/wp-json\/wp\/v2\/pages\/1225\/revisions"}],"predecessor-version":[{"id":2102,"href":"https:\/\/dev.gomnetwork.com\/tvsl\/wp-json\/wp\/v2\/pages\/1225\/revisions\/2102"}],"wp:attachment":[{"href":"https:\/\/dev.gomnetwork.com\/tvsl\/wp-json\/wp\/v2\/media?parent=1225"}],"curies":[{"name":"wp","href":"https:\/\/api.w.org\/{rel}","templated":true}]}}