{"id":1217,"date":"2025-11-18T13:32:13","date_gmt":"2025-11-18T18:32:13","guid":{"rendered":"https:\/\/dev.gomnetwork.com\/tvsl\/?page_id=1217"},"modified":"2026-01-19T08:07:23","modified_gmt":"2026-01-19T13:07:23","slug":"interna-del-servicio-new-york","status":"publish","type":"page","link":"https:\/\/dev.gomnetwork.com\/tvsl\/interna-del-servicio-new-york\/","title":{"rendered":"Interna del servicio New York"},"content":{"rendered":"\t\t<div data-elementor-type=\"wp-page\" data-elementor-id=\"1217\" class=\"elementor elementor-1217\">\n\t\t\t\t<div class=\"elementor-element elementor-element-3dc5a3b e-con-full e-flex e-con e-parent\" data-id=\"3dc5a3b\" data-element_type=\"container\">\n\t\t\t\t<div class=\"elementor-element elementor-element-a7bb161 elementor-widget elementor-widget-gva-gallery\" data-id=\"a7bb161\" data-element_type=\"widget\" data-widget_type=\"gva-gallery.default\">\n\t\t\t\t<div class=\"elementor-widget-container\">\n\t\t\t\t\t<div class=\"gva-element-gva-gallery gva-element\">\r\n<div class=\"gva-gallery-carousel swiper-slider-wrapper style-1 margin-disable\">\r\n\t<div class=\"swiper-content-inner\">\r\n   \t<div class=\"init-carousel-swiper swiper\" data-carousel=\"{&quot;items&quot;:3,&quot;items_lg&quot;:3,&quot;items_md&quot;:2,&quot;items_sm&quot;:2,&quot;items_xs&quot;:1,&quot;items_xx&quot;:1,&quot;effect&quot;:&quot;slide&quot;,&quot;space_between&quot;:10,&quot;loop&quot;:1,&quot;speed&quot;:600,&quot;autoplay&quot;:1,&quot;autoplay_delay&quot;:4500,&quot;autoplay_hover&quot;:1,&quot;navigation&quot;:0,&quot;pagination&quot;:0,&quot;dynamic_bullets&quot;:0,&quot;pagination_type&quot;:&quot;bullets&quot;}\">\r\n      \t<div class=\"swiper-wrapper\">\r\n\t\t\t\t<div class=\"swiper-slide item\">   <div class=\"gallery-one__single\">\r\n               <div class=\"gallery-one__image\">\r\n            <img decoding=\"async\" src=\"https:\/\/dev.gomnetwork.com\/tvsl\/wp-content\/uploads\/2025\/11\/Nueva-York-1-600x500.webp\" alt=\"Nueva York\" \/>  \r\n         <\/div>\r\n         <a class=\"gallery-one__photo\" href=\"https:\/\/dev.gomnetwork.com\/tvsl\/wp-content\/uploads\/2025\/11\/Nueva-York-1.webp\" data-elementor-lightbox-slideshow=\"gallery-eaio\"><i class=\"fa-solid fa-expand\"><\/i><\/a>\r\n      \r\n      <div class=\"gallery-one__content\">\r\n         <div class=\"gallery-one__content-inner\">\r\n         \t                           <h3 class=\"gallery-one__title\">Nueva York<\/h3>\r\n                     <\/div>   \r\n      <\/div>\r\n   <\/div>\r\n \r\n <\/div><div class=\"swiper-slide item\">   <div class=\"gallery-one__single\">\r\n               <div class=\"gallery-one__image\">\r\n            <img decoding=\"async\" src=\"https:\/\/dev.gomnetwork.com\/tvsl\/wp-content\/uploads\/2025\/11\/Nueva-York-2-600x500.webp\" alt=\"Nueva York\" \/>  \r\n         <\/div>\r\n         <a class=\"gallery-one__photo\" href=\"https:\/\/dev.gomnetwork.com\/tvsl\/wp-content\/uploads\/2025\/11\/Nueva-York-2.webp\" data-elementor-lightbox-slideshow=\"gallery-eaio\"><i class=\"fa-solid fa-expand\"><\/i><\/a>\r\n      \r\n      <div class=\"gallery-one__content\">\r\n         <div class=\"gallery-one__content-inner\">\r\n         \t                           <h3 class=\"gallery-one__title\">Nueva York<\/h3>\r\n                     <\/div>   \r\n      <\/div>\r\n   <\/div>\r\n \r\n <\/div><div class=\"swiper-slide item\">   <div class=\"gallery-one__single\">\r\n               <div class=\"gallery-one__image\">\r\n            <img decoding=\"async\" src=\"https:\/\/dev.gomnetwork.com\/tvsl\/wp-content\/uploads\/2025\/11\/Nueva-York-3-600x500.webp\" alt=\"Nueva York\" \/>  \r\n         <\/div>\r\n         <a class=\"gallery-one__photo\" href=\"https:\/\/dev.gomnetwork.com\/tvsl\/wp-content\/uploads\/2025\/11\/Nueva-York-3.webp\" data-elementor-lightbox-slideshow=\"gallery-eaio\"><i class=\"fa-solid fa-expand\"><\/i><\/a>\r\n      \r\n      <div class=\"gallery-one__content\">\r\n         <div class=\"gallery-one__content-inner\">\r\n         \t                           <h3 class=\"gallery-one__title\">Nueva York<\/h3>\r\n                     <\/div>   \r\n      <\/div>\r\n   <\/div>\r\n \r\n <\/div><div class=\"swiper-slide item\">   <div class=\"gallery-one__single\">\r\n               <div class=\"gallery-one__image\">\r\n            <img decoding=\"async\" src=\"https:\/\/dev.gomnetwork.com\/tvsl\/wp-content\/uploads\/2025\/11\/Nueva-York-4-600x500.webp\" alt=\"Nueva York\" \/>  \r\n         <\/div>\r\n         <a class=\"gallery-one__photo\" href=\"https:\/\/dev.gomnetwork.com\/tvsl\/wp-content\/uploads\/2025\/11\/Nueva-York-4.webp\" data-elementor-lightbox-slideshow=\"gallery-eaio\"><i class=\"fa-solid fa-expand\"><\/i><\/a>\r\n      \r\n      <div class=\"gallery-one__content\">\r\n         <div class=\"gallery-one__content-inner\">\r\n         \t                           <h3 class=\"gallery-one__title\">Nueva York<\/h3>\r\n                     <\/div>   \r\n      <\/div>\r\n   <\/div>\r\n \r\n <\/div><div class=\"swiper-slide item\">   <div class=\"gallery-one__single\">\r\n               <div class=\"gallery-one__image\">\r\n            <img decoding=\"async\" src=\"https:\/\/dev.gomnetwork.com\/tvsl\/wp-content\/uploads\/2025\/11\/Nueva-York-5-600x500.webp\" alt=\"Nueva York\" \/>  \r\n         <\/div>\r\n         <a class=\"gallery-one__photo\" href=\"https:\/\/dev.gomnetwork.com\/tvsl\/wp-content\/uploads\/2025\/11\/Nueva-York-5.webp\" data-elementor-lightbox-slideshow=\"gallery-eaio\"><i class=\"fa-solid fa-expand\"><\/i><\/a>\r\n      \r\n      <div class=\"gallery-one__content\">\r\n         <div class=\"gallery-one__content-inner\">\r\n         \t                           <h3 class=\"gallery-one__title\">Nueva York<\/h3>\r\n                     <\/div>   \r\n      <\/div>\r\n   <\/div>\r\n \r\n <\/div>\t\t\t<\/div>\r\n\t\t<\/div>\r\n\t<\/div>\r\n\t   <\/div>\r\n<\/div>\t\t\t\t<\/div>\n\t\t\t\t<\/div>\n\t\t\t\t<\/div>\n\t\t<div class=\"elementor-element elementor-element-15708e4 e-flex e-con-boxed e-con e-parent\" data-id=\"15708e4\" data-element_type=\"container\">\n\t\t\t\t\t<div class=\"e-con-inner\">\n\t\t\t\t<div class=\"elementor-element elementor-element-cc17409 elementor-widget elementor-widget-gva-heading-block\" data-id=\"cc17409\" data-element_type=\"widget\" data-widget_type=\"gva-heading-block.default\">\n\t\t\t\t<div class=\"elementor-widget-container\">\n\t\t\t\t\t<div class=\"gva-element-gva-heading-block gva-element\">\r\n   <div class=\"align-center style-1 widget gsc-heading box-align-left auto-responsive\">\r\n      \r\n      <div class=\"content-inner\">\r\n                  \r\n           \r\n         \r\n                     <h2 class=\"title\">\r\n               <span>New York<\/span>\r\n            <\/h2>\r\n                  \r\n         \r\n               <\/div>\r\n\r\n   <\/div>\r\n\r\n<\/div>\t\t\t\t<\/div>\n\t\t\t\t<\/div>\n\t\t\t\t<div class=\"elementor-element elementor-element-e97c506 elementor-widget elementor-widget-rating\" data-id=\"e97c506\" data-element_type=\"widget\" data-widget_type=\"rating.default\">\n\t\t\t\t\t\t\t<div class=\"e-rating\" itemtype=\"https:\/\/schema.org\/Rating\" itemscope=\"\" itemprop=\"reviewRating\">\n\t\t\t<meta itemprop=\"worstRating\" content=\"0\">\n\t\t\t<meta itemprop=\"bestRating\" content=\"5\">\n\t\t\t<div class=\"e-rating-wrapper\" itemprop=\"ratingValue\" content=\"4\" role=\"img\" aria-label=\"Rated 4 out of 5\">\n\t\t\t\t\t\t\t<div class=\"e-icon\">\n\t\t\t\t<div class=\"e-icon-wrapper e-icon-marked\">\n\t\t\t\t\t<i aria-hidden=\"true\" class=\"eicon-star\"><\/i>\t\t\t\t<\/div>\n\t\t\t\t<div class=\"e-icon-wrapper e-icon-unmarked\">\n\t\t\t\t\t<i aria-hidden=\"true\" class=\"eicon-star\"><\/i>\t\t\t\t<\/div>\n\t\t\t<\/div>\n\t\t\t\t\t\t<div class=\"e-icon\">\n\t\t\t\t<div class=\"e-icon-wrapper e-icon-marked\">\n\t\t\t\t\t<i aria-hidden=\"true\" class=\"eicon-star\"><\/i>\t\t\t\t<\/div>\n\t\t\t\t<div class=\"e-icon-wrapper e-icon-unmarked\">\n\t\t\t\t\t<i aria-hidden=\"true\" class=\"eicon-star\"><\/i>\t\t\t\t<\/div>\n\t\t\t<\/div>\n\t\t\t\t\t\t<div class=\"e-icon\">\n\t\t\t\t<div class=\"e-icon-wrapper e-icon-marked\">\n\t\t\t\t\t<i aria-hidden=\"true\" class=\"eicon-star\"><\/i>\t\t\t\t<\/div>\n\t\t\t\t<div class=\"e-icon-wrapper e-icon-unmarked\">\n\t\t\t\t\t<i aria-hidden=\"true\" class=\"eicon-star\"><\/i>\t\t\t\t<\/div>\n\t\t\t<\/div>\n\t\t\t\t\t\t<div class=\"e-icon\">\n\t\t\t\t<div class=\"e-icon-wrapper e-icon-marked\">\n\t\t\t\t\t<i aria-hidden=\"true\" class=\"eicon-star\"><\/i>\t\t\t\t<\/div>\n\t\t\t\t<div class=\"e-icon-wrapper e-icon-unmarked\">\n\t\t\t\t\t<i aria-hidden=\"true\" class=\"eicon-star\"><\/i>\t\t\t\t<\/div>\n\t\t\t<\/div>\n\t\t\t\t\t\t<div class=\"e-icon\">\n\t\t\t\t<div class=\"e-icon-wrapper e-icon-marked\" style=\"--e-rating-icon-marked-width: 0%;\">\n\t\t\t\t\t<i aria-hidden=\"true\" class=\"eicon-star\"><\/i>\t\t\t\t<\/div>\n\t\t\t\t<div class=\"e-icon-wrapper e-icon-unmarked\">\n\t\t\t\t\t<i aria-hidden=\"true\" class=\"eicon-star\"><\/i>\t\t\t\t<\/div>\n\t\t\t<\/div>\n\t\t\t\t\t\t<\/div>\n\t\t<\/div>\n\t\t\t\t\t\t<\/div>\n\t\t\t\t\t<\/div>\n\t\t\t\t<\/div>\n\t\t<div class=\"elementor-element elementor-element-5921ec5 e-con-full e-flex e-con e-parent\" data-id=\"5921ec5\" data-element_type=\"container\">\n\t\t\t\t<div class=\"elementor-element elementor-element-10d079a elementor-widget-divider--view-line elementor-widget elementor-widget-divider\" data-id=\"10d079a\" data-element_type=\"widget\" data-widget_type=\"divider.default\">\n\t\t\t\t\t\t\t<div class=\"elementor-divider\">\n\t\t\t<span class=\"elementor-divider-separator\">\n\t\t\t\t\t\t<\/span>\n\t\t<\/div>\n\t\t\t\t\t\t<\/div>\n\t\t\t\t<\/div>\n\t\t<div class=\"elementor-element elementor-element-eafa813 e-flex e-con-boxed e-con e-parent\" data-id=\"eafa813\" data-element_type=\"container\">\n\t\t\t\t\t<div class=\"e-con-inner\">\n\t\t<div class=\"elementor-element elementor-element-e782cdb e-con-full e-flex e-con e-child\" data-id=\"e782cdb\" data-element_type=\"container\">\n\t\t\t\t<div class=\"elementor-element elementor-element-29c2f04 elementor-widget elementor-widget-text-editor\" data-id=\"29c2f04\" data-element_type=\"widget\" data-widget_type=\"text-editor.default\">\n\t\t\t\t\t\t\t\t\t<p><strong>Descripci\u00f3n: <\/strong>Nueva York, la ciudad que nunca duerme, combina cultura, moda y gastronom\u00eda en un solo lugar. Es ideal para viajeros que buscan vivir experiencias urbanas, recorrer \u00edconos mundiales y descubrir nuevos rincones cada d\u00eda.<\/p><p><strong>Qu\u00e9 hacer: <\/strong>Visita Times Square, el Empire State y Central Park. Disfruta un musical en Broadway, cruza el Puente de Brooklyn y explora barrios como Soho, Chinatown y Harlem.<\/p><p><strong>Mejor \u00e9poca para viajar: <\/strong>Primavera (abril-junio) y oto\u00f1o (septiembre-noviembre) por su clima templado y eventos culturales.<\/p>\t\t\t\t\t\t\t\t<\/div>\n\t\t\t\t<\/div>\n\t\t<div class=\"elementor-element elementor-element-d8b7cd9 e-con-full e-flex e-con e-child\" data-id=\"d8b7cd9\" data-element_type=\"container\">\n\t\t<div class=\"elementor-element elementor-element-860c6c2 e-con-full e-flex e-con e-child\" data-id=\"860c6c2\" data-element_type=\"container\">\n\t\t\t\t<div class=\"elementor-element elementor-element-1ad14a8 elementor-widget elementor-widget-gva-heading-block\" data-id=\"1ad14a8\" data-element_type=\"widget\" data-widget_type=\"gva-heading-block.default\">\n\t\t\t\t<div class=\"elementor-widget-container\">\n\t\t\t\t\t<div class=\"gva-element-gva-heading-block gva-element\">\r\n   <div class=\"align-center style-1 widget gsc-heading box-align-left auto-responsive\">\r\n      \r\n      <div class=\"content-inner\">\r\n                  \r\n           \r\n         \r\n                     <h2 class=\"title\">\r\n               <span>Cotiza tu viaje con nosotros<\/span>\r\n            <\/h2>\r\n                  \r\n         \r\n               <\/div>\r\n\r\n   <\/div>\r\n\r\n<\/div>\t\t\t\t<\/div>\n\t\t\t\t<\/div>\n\t\t\t\t<div class=\"elementor-element elementor-element-39db274 elementor-align-center elementor-widget__width-auto elementor-widget elementor-widget-button\" data-id=\"39db274\" data-element_type=\"widget\" data-widget_type=\"button.default\">\n\t\t\t\t\t\t\t\t\t\t<a class=\"elementor-button elementor-button-link elementor-size-sm\" href=\"https:\/\/dev.gomnetwork.com\/tvsl\/contacto\/\">\n\t\t\t\t\t\t<span class=\"elementor-button-content-wrapper\">\n\t\t\t\t\t\t\t\t\t<span class=\"elementor-button-text\">Cont\u00e1ctanos<\/span>\n\t\t\t\t\t<\/span>\n\t\t\t\t\t<\/a>\n\t\t\t\t\t\t\t\t<\/div>\n\t\t\t\t<\/div>\n\t\t\t\t<\/div>\n\t\t\t\t\t<\/div>\n\t\t\t\t<\/div>\n\t\t\t\t<\/div>\n\t\t","protected":false},"excerpt":{"rendered":"<p>Nueva York Nueva York Nueva York Nueva York Nueva York New York Descripci\u00f3n: Nueva York, la ciudad que nunca duerme, combina cultura, moda y gastronom\u00eda en un solo lugar. Es [&hellip;]<\/p>\n","protected":false},"author":1,"featured_media":0,"parent":0,"menu_order":0,"comment_status":"closed","ping_status":"closed","template":"","meta":{"footnotes":""},"class_list":["post-1217","page","type-page","status-publish","hentry"],"_links":{"self":[{"href":"https:\/\/dev.gomnetwork.com\/tvsl\/wp-json\/wp\/v2\/pages\/1217","targetHints":{"allow":["GET"]}}],"collection":[{"href":"https:\/\/dev.gomnetwork.com\/tvsl\/wp-json\/wp\/v2\/pages"}],"about":[{"href":"https:\/\/dev.gomnetwork.com\/tvsl\/wp-json\/wp\/v2\/types\/page"}],"author":[{"embeddable":true,"href":"https:\/\/dev.gomnetwork.com\/tvsl\/wp-json\/wp\/v2\/users\/1"}],"replies":[{"embeddable":true,"href":"https:\/\/dev.gomnetwork.com\/tvsl\/wp-json\/wp\/v2\/comments?post=1217"}],"version-history":[{"count":22,"href":"https:\/\/dev.gomnetwork.com\/tvsl\/wp-json\/wp\/v2\/pages\/1217\/revisions"}],"predecessor-version":[{"id":2096,"href":"https:\/\/dev.gomnetwork.com\/tvsl\/wp-json\/wp\/v2\/pages\/1217\/revisions\/2096"}],"wp:attachment":[{"href":"https:\/\/dev.gomnetwork.com\/tvsl\/wp-json\/wp\/v2\/media?parent=1217"}],"curies":[{"name":"wp","href":"https:\/\/api.w.org\/{rel}","templated":true}]}}