{"id":1213,"date":"2025-11-18T13:30:11","date_gmt":"2025-11-18T18:30:11","guid":{"rendered":"https:\/\/dev.gomnetwork.com\/tvsl\/?page_id=1213"},"modified":"2026-01-19T08:05:00","modified_gmt":"2026-01-19T13:05:00","slug":"interna-del-servicio-medellin","status":"publish","type":"page","link":"https:\/\/dev.gomnetwork.com\/tvsl\/interna-del-servicio-medellin\/","title":{"rendered":"Interna del servicio Medell\u00edn"},"content":{"rendered":"\t\t<div data-elementor-type=\"wp-page\" data-elementor-id=\"1213\" class=\"elementor elementor-1213\">\n\t\t\t\t<div class=\"elementor-element elementor-element-2d7adef e-con-full e-flex e-con e-parent\" data-id=\"2d7adef\" data-element_type=\"container\">\n\t\t\t\t<div class=\"elementor-element elementor-element-f4336b3 elementor-widget elementor-widget-gva-gallery\" data-id=\"f4336b3\" data-element_type=\"widget\" data-widget_type=\"gva-gallery.default\">\n\t\t\t\t<div class=\"elementor-widget-container\">\n\t\t\t\t\t<div class=\"gva-element-gva-gallery gva-element\">\r\n<div class=\"gva-gallery-carousel swiper-slider-wrapper style-1 margin-disable\">\r\n\t<div class=\"swiper-content-inner\">\r\n   \t<div class=\"init-carousel-swiper swiper\" data-carousel=\"{&quot;items&quot;:3,&quot;items_lg&quot;:3,&quot;items_md&quot;:2,&quot;items_sm&quot;:2,&quot;items_xs&quot;:1,&quot;items_xx&quot;:1,&quot;effect&quot;:&quot;slide&quot;,&quot;space_between&quot;:10,&quot;loop&quot;:1,&quot;speed&quot;:600,&quot;autoplay&quot;:1,&quot;autoplay_delay&quot;:4500,&quot;autoplay_hover&quot;:1,&quot;navigation&quot;:0,&quot;pagination&quot;:0,&quot;dynamic_bullets&quot;:0,&quot;pagination_type&quot;:&quot;bullets&quot;}\">\r\n      \t<div class=\"swiper-wrapper\">\r\n\t\t\t\t<div class=\"swiper-slide item\">   <div class=\"gallery-one__single\">\r\n               <div class=\"gallery-one__image\">\r\n            <img decoding=\"async\" src=\"https:\/\/dev.gomnetwork.com\/tvsl\/wp-content\/uploads\/2025\/11\/Medellin-1-600x500.webp\" alt=\"Medell\u00edn \" \/>  \r\n         <\/div>\r\n         <a class=\"gallery-one__photo\" href=\"https:\/\/dev.gomnetwork.com\/tvsl\/wp-content\/uploads\/2025\/11\/Medellin-1.webp\" data-elementor-lightbox-slideshow=\"gallery-f6zg\"><i class=\"fa-solid fa-expand\"><\/i><\/a>\r\n      \r\n      <div class=\"gallery-one__content\">\r\n         <div class=\"gallery-one__content-inner\">\r\n         \t                           <h3 class=\"gallery-one__title\">Medell\u00edn <\/h3>\r\n                     <\/div>   \r\n      <\/div>\r\n   <\/div>\r\n \r\n <\/div><div class=\"swiper-slide item\">   <div class=\"gallery-one__single\">\r\n               <div class=\"gallery-one__image\">\r\n            <img decoding=\"async\" src=\"https:\/\/dev.gomnetwork.com\/tvsl\/wp-content\/uploads\/2025\/11\/Medellin-2-600x500.webp\" alt=\"Medell\u00edn \" \/>  \r\n         <\/div>\r\n         <a class=\"gallery-one__photo\" href=\"https:\/\/dev.gomnetwork.com\/tvsl\/wp-content\/uploads\/2025\/11\/Medellin-2.webp\" data-elementor-lightbox-slideshow=\"gallery-f6zg\"><i class=\"fa-solid fa-expand\"><\/i><\/a>\r\n      \r\n      <div class=\"gallery-one__content\">\r\n         <div class=\"gallery-one__content-inner\">\r\n         \t                           <h3 class=\"gallery-one__title\">Medell\u00edn <\/h3>\r\n                     <\/div>   \r\n      <\/div>\r\n   <\/div>\r\n \r\n <\/div><div class=\"swiper-slide item\">   <div class=\"gallery-one__single\">\r\n               <div class=\"gallery-one__image\">\r\n            <img decoding=\"async\" src=\"https:\/\/dev.gomnetwork.com\/tvsl\/wp-content\/uploads\/2025\/11\/Medellin-3-600x500.webp\" alt=\"Medell\u00edn \" \/>  \r\n         <\/div>\r\n         <a class=\"gallery-one__photo\" href=\"https:\/\/dev.gomnetwork.com\/tvsl\/wp-content\/uploads\/2025\/11\/Medellin-3.webp\" data-elementor-lightbox-slideshow=\"gallery-f6zg\"><i class=\"fa-solid fa-expand\"><\/i><\/a>\r\n      \r\n      <div class=\"gallery-one__content\">\r\n         <div class=\"gallery-one__content-inner\">\r\n         \t                           <h3 class=\"gallery-one__title\">Medell\u00edn <\/h3>\r\n                     <\/div>   \r\n      <\/div>\r\n   <\/div>\r\n \r\n <\/div><div class=\"swiper-slide item\">   <div class=\"gallery-one__single\">\r\n               <div class=\"gallery-one__image\">\r\n            <img decoding=\"async\" src=\"https:\/\/dev.gomnetwork.com\/tvsl\/wp-content\/uploads\/2025\/11\/Medellin-4-600x500.webp\" alt=\"Medell\u00edn \" \/>  \r\n         <\/div>\r\n         <a class=\"gallery-one__photo\" href=\"https:\/\/dev.gomnetwork.com\/tvsl\/wp-content\/uploads\/2025\/11\/Medellin-4.webp\" data-elementor-lightbox-slideshow=\"gallery-f6zg\"><i class=\"fa-solid fa-expand\"><\/i><\/a>\r\n      \r\n      <div class=\"gallery-one__content\">\r\n         <div class=\"gallery-one__content-inner\">\r\n         \t                           <h3 class=\"gallery-one__title\">Medell\u00edn <\/h3>\r\n                     <\/div>   \r\n      <\/div>\r\n   <\/div>\r\n \r\n <\/div><div class=\"swiper-slide item\">   <div class=\"gallery-one__single\">\r\n               <div class=\"gallery-one__image\">\r\n            <img decoding=\"async\" src=\"https:\/\/dev.gomnetwork.com\/tvsl\/wp-content\/uploads\/2025\/11\/Medellin-5-600x500.webp\" alt=\"Medell\u00edn \" \/>  \r\n         <\/div>\r\n         <a class=\"gallery-one__photo\" href=\"https:\/\/dev.gomnetwork.com\/tvsl\/wp-content\/uploads\/2025\/11\/Medellin-5.webp\" data-elementor-lightbox-slideshow=\"gallery-f6zg\"><i class=\"fa-solid fa-expand\"><\/i><\/a>\r\n      \r\n      <div class=\"gallery-one__content\">\r\n         <div class=\"gallery-one__content-inner\">\r\n         \t                           <h3 class=\"gallery-one__title\">Medell\u00edn <\/h3>\r\n                     <\/div>   \r\n      <\/div>\r\n   <\/div>\r\n \r\n <\/div>\t\t\t<\/div>\r\n\t\t<\/div>\r\n\t<\/div>\r\n\t   <\/div>\r\n<\/div>\t\t\t\t<\/div>\n\t\t\t\t<\/div>\n\t\t\t\t<\/div>\n\t\t<div class=\"elementor-element elementor-element-43c420c e-flex e-con-boxed e-con e-parent\" data-id=\"43c420c\" data-element_type=\"container\">\n\t\t\t\t\t<div class=\"e-con-inner\">\n\t\t\t\t<div class=\"elementor-element elementor-element-e7dcaee elementor-widget elementor-widget-gva-heading-block\" data-id=\"e7dcaee\" data-element_type=\"widget\" data-widget_type=\"gva-heading-block.default\">\n\t\t\t\t<div class=\"elementor-widget-container\">\n\t\t\t\t\t<div class=\"gva-element-gva-heading-block gva-element\">\r\n   <div class=\"align-center style-1 widget gsc-heading box-align-left auto-responsive\">\r\n      \r\n      <div class=\"content-inner\">\r\n                  \r\n           \r\n         \r\n                     <h2 class=\"title\">\r\n               <span>Medell\u00edn<\/span>\r\n            <\/h2>\r\n                  \r\n         \r\n               <\/div>\r\n\r\n   <\/div>\r\n\r\n<\/div>\t\t\t\t<\/div>\n\t\t\t\t<\/div>\n\t\t\t\t<div class=\"elementor-element elementor-element-0a79d35 elementor-widget elementor-widget-rating\" data-id=\"0a79d35\" data-element_type=\"widget\" data-widget_type=\"rating.default\">\n\t\t\t\t\t\t\t<div class=\"e-rating\" itemtype=\"https:\/\/schema.org\/Rating\" itemscope=\"\" itemprop=\"reviewRating\">\n\t\t\t<meta itemprop=\"worstRating\" content=\"0\">\n\t\t\t<meta itemprop=\"bestRating\" content=\"5\">\n\t\t\t<div class=\"e-rating-wrapper\" itemprop=\"ratingValue\" content=\"4\" role=\"img\" aria-label=\"Rated 4 out of 5\">\n\t\t\t\t\t\t\t<div class=\"e-icon\">\n\t\t\t\t<div class=\"e-icon-wrapper e-icon-marked\">\n\t\t\t\t\t<i aria-hidden=\"true\" class=\"eicon-star\"><\/i>\t\t\t\t<\/div>\n\t\t\t\t<div class=\"e-icon-wrapper e-icon-unmarked\">\n\t\t\t\t\t<i aria-hidden=\"true\" class=\"eicon-star\"><\/i>\t\t\t\t<\/div>\n\t\t\t<\/div>\n\t\t\t\t\t\t<div class=\"e-icon\">\n\t\t\t\t<div class=\"e-icon-wrapper e-icon-marked\">\n\t\t\t\t\t<i aria-hidden=\"true\" class=\"eicon-star\"><\/i>\t\t\t\t<\/div>\n\t\t\t\t<div class=\"e-icon-wrapper e-icon-unmarked\">\n\t\t\t\t\t<i aria-hidden=\"true\" class=\"eicon-star\"><\/i>\t\t\t\t<\/div>\n\t\t\t<\/div>\n\t\t\t\t\t\t<div class=\"e-icon\">\n\t\t\t\t<div class=\"e-icon-wrapper e-icon-marked\">\n\t\t\t\t\t<i aria-hidden=\"true\" class=\"eicon-star\"><\/i>\t\t\t\t<\/div>\n\t\t\t\t<div class=\"e-icon-wrapper e-icon-unmarked\">\n\t\t\t\t\t<i aria-hidden=\"true\" class=\"eicon-star\"><\/i>\t\t\t\t<\/div>\n\t\t\t<\/div>\n\t\t\t\t\t\t<div class=\"e-icon\">\n\t\t\t\t<div class=\"e-icon-wrapper e-icon-marked\">\n\t\t\t\t\t<i aria-hidden=\"true\" class=\"eicon-star\"><\/i>\t\t\t\t<\/div>\n\t\t\t\t<div class=\"e-icon-wrapper e-icon-unmarked\">\n\t\t\t\t\t<i aria-hidden=\"true\" class=\"eicon-star\"><\/i>\t\t\t\t<\/div>\n\t\t\t<\/div>\n\t\t\t\t\t\t<div class=\"e-icon\">\n\t\t\t\t<div class=\"e-icon-wrapper e-icon-marked\" style=\"--e-rating-icon-marked-width: 0%;\">\n\t\t\t\t\t<i aria-hidden=\"true\" class=\"eicon-star\"><\/i>\t\t\t\t<\/div>\n\t\t\t\t<div class=\"e-icon-wrapper e-icon-unmarked\">\n\t\t\t\t\t<i aria-hidden=\"true\" class=\"eicon-star\"><\/i>\t\t\t\t<\/div>\n\t\t\t<\/div>\n\t\t\t\t\t\t<\/div>\n\t\t<\/div>\n\t\t\t\t\t\t<\/div>\n\t\t\t\t\t<\/div>\n\t\t\t\t<\/div>\n\t\t<div class=\"elementor-element elementor-element-ac71fe2 e-con-full e-flex e-con e-parent\" data-id=\"ac71fe2\" data-element_type=\"container\">\n\t\t\t\t<div class=\"elementor-element elementor-element-b1317b5 elementor-widget-divider--view-line elementor-widget elementor-widget-divider\" data-id=\"b1317b5\" data-element_type=\"widget\" data-widget_type=\"divider.default\">\n\t\t\t\t\t\t\t<div class=\"elementor-divider\">\n\t\t\t<span class=\"elementor-divider-separator\">\n\t\t\t\t\t\t<\/span>\n\t\t<\/div>\n\t\t\t\t\t\t<\/div>\n\t\t\t\t<\/div>\n\t\t<div class=\"elementor-element elementor-element-1233844 e-flex e-con-boxed e-con e-parent\" data-id=\"1233844\" data-element_type=\"container\">\n\t\t\t\t\t<div class=\"e-con-inner\">\n\t\t<div class=\"elementor-element elementor-element-099e193 e-con-full e-flex e-con e-child\" data-id=\"099e193\" data-element_type=\"container\">\n\t\t\t\t<div class=\"elementor-element elementor-element-8408093 elementor-widget elementor-widget-text-editor\" data-id=\"8408093\" data-element_type=\"widget\" data-widget_type=\"text-editor.default\">\n\t\t\t\t\t\t\t\t\t<p>Medell\u00edn es una ciudad moderna con clima primaveral todo el a\u00f1o. Destino ideal para turismo urbano, gastronom\u00eda y eventos.<\/p><p><strong>Qu\u00e9 hacer en Medell\u00edn:<\/strong>\u00a0Plaza Botero y Museo de Antioquia. Tour en Metrocable a Parque Arv\u00ed. Comuna 13 y experiencias culturales. Excursi\u00f3n a Guatap\u00e9.<\/p><p><strong>Mejor \u00e9poca para viajar:<\/strong>\u00a0Clima estable todo el a\u00f1o. Menos lluvias en enero\u2013marzo y julio\u2013agosto.<\/p>\t\t\t\t\t\t\t\t<\/div>\n\t\t\t\t<\/div>\n\t\t<div class=\"elementor-element elementor-element-4e44038 e-con-full e-flex e-con e-child\" data-id=\"4e44038\" data-element_type=\"container\">\n\t\t\t\t<div class=\"elementor-element elementor-element-e5a5405 elementor-widget elementor-widget-gva-heading-block\" data-id=\"e5a5405\" data-element_type=\"widget\" data-widget_type=\"gva-heading-block.default\">\n\t\t\t\t<div class=\"elementor-widget-container\">\n\t\t\t\t\t<div class=\"gva-element-gva-heading-block gva-element\">\r\n   <div class=\"align-center style-1 widget gsc-heading box-align-left auto-responsive\">\r\n      \r\n      <div class=\"content-inner\">\r\n                  \r\n           \r\n         \r\n                     <h2 class=\"title\">\r\n               <span>Cotiza tu viaje con nosotros<\/span>\r\n            <\/h2>\r\n                  \r\n         \r\n               <\/div>\r\n\r\n   <\/div>\r\n\r\n<\/div>\t\t\t\t<\/div>\n\t\t\t\t<\/div>\n\t\t\t\t<div class=\"elementor-element elementor-element-c84f00c elementor-align-center elementor-widget__width-auto elementor-widget elementor-widget-button\" data-id=\"c84f00c\" data-element_type=\"widget\" data-widget_type=\"button.default\">\n\t\t\t\t\t\t\t\t\t\t<a class=\"elementor-button elementor-button-link elementor-size-sm\" href=\"https:\/\/dev.gomnetwork.com\/tvsl\/contacto\/\">\n\t\t\t\t\t\t<span class=\"elementor-button-content-wrapper\">\n\t\t\t\t\t\t\t\t\t<span class=\"elementor-button-text\">Cont\u00e1ctanos<\/span>\n\t\t\t\t\t<\/span>\n\t\t\t\t\t<\/a>\n\t\t\t\t\t\t\t\t<\/div>\n\t\t\t\t<\/div>\n\t\t\t\t\t<\/div>\n\t\t\t\t<\/div>\n\t\t\t\t<\/div>\n\t\t","protected":false},"excerpt":{"rendered":"<p>Medell\u00edn Medell\u00edn Medell\u00edn Medell\u00edn Medell\u00edn Medell\u00edn Medell\u00edn es una ciudad moderna con clima primaveral todo el a\u00f1o. Destino ideal para turismo urbano, gastronom\u00eda y eventos. Qu\u00e9 hacer en Medell\u00edn:\u00a0Plaza Botero [&hellip;]<\/p>\n","protected":false},"author":1,"featured_media":0,"parent":0,"menu_order":0,"comment_status":"closed","ping_status":"closed","template":"","meta":{"footnotes":""},"class_list":["post-1213","page","type-page","status-publish","hentry"],"_links":{"self":[{"href":"https:\/\/dev.gomnetwork.com\/tvsl\/wp-json\/wp\/v2\/pages\/1213","targetHints":{"allow":["GET"]}}],"collection":[{"href":"https:\/\/dev.gomnetwork.com\/tvsl\/wp-json\/wp\/v2\/pages"}],"about":[{"href":"https:\/\/dev.gomnetwork.com\/tvsl\/wp-json\/wp\/v2\/types\/page"}],"author":[{"embeddable":true,"href":"https:\/\/dev.gomnetwork.com\/tvsl\/wp-json\/wp\/v2\/users\/1"}],"replies":[{"embeddable":true,"href":"https:\/\/dev.gomnetwork.com\/tvsl\/wp-json\/wp\/v2\/comments?post=1213"}],"version-history":[{"count":19,"href":"https:\/\/dev.gomnetwork.com\/tvsl\/wp-json\/wp\/v2\/pages\/1213\/revisions"}],"predecessor-version":[{"id":2068,"href":"https:\/\/dev.gomnetwork.com\/tvsl\/wp-json\/wp\/v2\/pages\/1213\/revisions\/2068"}],"wp:attachment":[{"href":"https:\/\/dev.gomnetwork.com\/tvsl\/wp-json\/wp\/v2\/media?parent=1213"}],"curies":[{"name":"wp","href":"https:\/\/api.w.org\/{rel}","templated":true}]}}