{"id":3,"date":"2026-01-21T15:17:22","date_gmt":"2026-01-21T15:17:22","guid":{"rendered":"https:\/\/dev.gomnetwork.com\/lik\/?page_id=3"},"modified":"2026-02-10T20:00:32","modified_gmt":"2026-02-10T20:00:32","slug":"politica-privacidad","status":"publish","type":"page","link":"https:\/\/dev.gomnetwork.com\/lik\/politica-privacidad\/","title":{"rendered":"Pol\u00edtica de privacidad"},"content":{"rendered":"\t\t<div data-elementor-type=\"wp-page\" data-elementor-id=\"3\" class=\"elementor elementor-3\">\n\t\t\t\t<div class=\"elementor-element elementor-element-1123f35 e-con-full e-flex e-con e-parent\" data-id=\"1123f35\" data-element_type=\"container\" data-e-type=\"container\" data-settings=\"{&quot;background_background&quot;:&quot;classic&quot;}\">\n\t\t\t\t<div class=\"elementor-element elementor-element-39f2008 elementor-invisible elementor-widget elementor-widget-gtea_widget_title\" data-id=\"39f2008\" data-element_type=\"widget\" data-e-type=\"widget\" data-settings=\"{&quot;_animation&quot;:&quot;fadeInUp&quot;,&quot;_animation_delay&quot;:0}\" data-widget_type=\"gtea_widget_title.default\">\n\t\t\t\t<div class=\"elementor-widget-container\">\n\t\t\t\t\t<h1 class=\"gtea-widget-title\">Pol\u00edtica de privacidad<\/h1>\t\t\t\t<\/div>\n\t\t\t\t<\/div>\n\t\t\t\t<\/div>\n\t\t<div class=\"elementor-element elementor-element-6aba12a e-flex e-con-boxed e-con e-parent\" data-id=\"6aba12a\" data-element_type=\"container\" data-e-type=\"container\" data-settings=\"{&quot;background_background&quot;:&quot;classic&quot;}\">\n\t\t\t\t\t<div class=\"e-con-inner\">\n\t\t\t\t<div class=\"elementor-element elementor-element-e296491 elementor-widget elementor-widget-text-editor\" data-id=\"e296491\" data-element_type=\"widget\" data-e-type=\"widget\" data-widget_type=\"text-editor.default\">\n\t\t\t\t\t\t\t\t\t\n<h2 class=\"wp-block-heading\" data-path-to-node=\"2\"><strong>Qui\u00e9nes somos<\/strong><\/h2>\n<p data-path-to-node=\"3\"><b data-path-to-node=\"3\" data-index-in-node=\"0\">Texto sugerido:<\/b> La direcci\u00f3n de nuestro sitio web es: <a class=\"ng-star-inserted\" href=\"https:\/\/themes.gomnetwork.com\/theme-v5\" target=\"_blank\" rel=\"noopener\" data-hveid=\"0\" data-ved=\"0CAAQ_4QMahcKEwj5hr7Ss6ySAxUAAAAAHQAAAAAQZw\">https:\/\/themes.gomnetwork.com\/theme-v5<\/a>.<\/p>\n<h2 data-path-to-node=\"4\"><strong>Comentarios<\/strong><\/h2>\n<p data-path-to-node=\"5\"><b data-path-to-node=\"5\" data-index-in-node=\"0\">Texto sugerido:<\/b> Cuando los visitantes dejan comentarios en la web, recopilamos los datos que se muestran en el formulario de comentarios, as\u00ed como la direcci\u00f3n IP del visitante y la cadena de agentes de usuario del navegador para ayudar a la detecci\u00f3n de spam.<\/p>\n<p data-path-to-node=\"6\">Una cadena anonimizada creada a partir de tu direcci\u00f3n de correo electr\u00f3nico (tambi\u00e9n llamada hash) puede ser proporcionada al servicio Gravatar para ver si la est\u00e1s usando. La pol\u00edtica de privacidad del servicio Gravatar est\u00e1 disponible aqu\u00ed: <a class=\"ng-star-inserted\" href=\"https:\/\/automattic.com\/privacy\/\" target=\"_blank\" rel=\"noopener\" data-hveid=\"0\" data-ved=\"0CAAQ_4QMahcKEwj5hr7Ss6ySAxUAAAAAHQAAAAAQaA\">https:\/\/automattic.com\/privacy\/<\/a>. Despu\u00e9s de la aprobaci\u00f3n de tu comentario, la imagen de tu perfil es visible para el p\u00fablico en el contexto de tu comentario.<\/p>\n<h2 data-path-to-node=\"7\"><strong>Medios<\/strong><\/h2>\n<p data-path-to-node=\"8\"><b data-path-to-node=\"8\" data-index-in-node=\"0\">Texto sugerido:<\/b> Si subes im\u00e1genes a la web, deber\u00edas evitar subir im\u00e1genes con datos de ubicaci\u00f3n (GPS EXIF) incluidos. Los visitantes de la web pueden descargar y extraer cualquier dato de ubicaci\u00f3n de las im\u00e1genes de la web.<\/p>\n<h2 data-path-to-node=\"9\"><strong>Cookies<\/strong><\/h2>\n<p data-path-to-node=\"10\"><b data-path-to-node=\"10\" data-index-in-node=\"0\">Texto sugerido:<\/b> Si dejas un comentario en nuestro sitio, puedes elegir guardar tu nombre, direcci\u00f3n de correo electr\u00f3nico y web en cookies. Esto es para tu comodidad, para que no tengas que volver a rellenar tus datos cuando dejes otro comentario. Estas cookies tendr\u00e1n una duraci\u00f3n de un a\u00f1o.<\/p>\n<p data-path-to-node=\"11\">Si tienes una cuenta y te conectas a este sitio, instalaremos una cookie temporal para determinar si tu navegador acepta cookies. Esta cookie no contien<span class=\"citation-838 citation-839 citation-end-839\">e datos personales y se elimina al cerrar el navegador.<\/span><\/p>\n<p data-path-to-node=\"12\"><span class=\"citation-836 citation-837 citation-end-837\">Cuando accedas, tambi\u00e9n instalaremos varias cookies para guardar tu informaci\u00f3n de inicio de sesi\u00f3n y tus preferencias de visualizaci\u00f3n de pantalla.<\/span><span class=\"citation-836 citation-end-836\"> Las cookie<\/span>s de inicio de sesi\u00f3n duran <span class=\"citation-835\">dos d\u00edas, y las cookies de opciones de pantalla duran un a\u00f1o. Si seleccionas &#8220;Recu\u00e9rdarme&#8221;, tu acceso persistir\u00e1 durante dos semanas. Si cierras sesi\u00f3n en tu cuenta, las cookies de inicio de s<\/span><span class=\"citation-834 citation-835 citation-end-835\">esi\u00f3n se eliminar\u00e1n.<\/span><\/p>\n<p data-path-to-node=\"13\"><span class=\"citation-832 citation-833 citation-end-833\">Si editas o publicas un art\u00edculo, se guardar\u00e1 una cookie adic<\/span><span class=\"citation-832 citation-end-832\">ional en tu navegador. Esta cookie no incluye datos personales y simplemente indica el ID del art\u00edculo que acabas de editar. Expira despu\u00e9s de un d\u00eda.<\/span><\/p>\n<h2 data-path-to-node=\"14\"><strong><span class=\"citation-831 citation-end-831\">Contenido incrusta<\/span>do de otros sitios web<\/strong><\/h2>\n<p data-path-to-node=\"15\"><b data-path-to-node=\"15\" data-index-in-node=\"0\">Texto sugerido:<\/b> Los art\u00edculos de este sitio pueden incluir contenido incrustado (por ejemplo, v\u00eddeos, im\u00e1genes, art\u00edculos, etc.). El contenido incrustado de otras webs se comporta exactamente de la misma manera que si el visitante hubiera visitado la otra web.<\/p>\n<p data-path-to-node=\"16\">Estas webs pueden recopilar datos sobre ti, utilizar cookies, incrustar un seguimiento adicional de terceros y supervisar tu interacci\u00f3n con ese contenido incrustado, incluido el seguimiento de tu interacci\u00f3n con el contenido incrustado si tienes una cuenta y est\u00e1s conectado a esa web.<\/p>\n<h2 data-path-to-node=\"17\"><strong>Con qui\u00e9n compartimos tus datos<\/strong><\/h2>\n<p data-path-to-node=\"18\"><b data-path-to-node=\"18\" data-index-in-node=\"0\">Texto sugerido:<\/b> Si solicitas un restablecimiento de contrase\u00f1a, tu direcci\u00f3n IP se incluir\u00e1 en el cor<span class=\"citation-829 citation-830 citation-end-830\">reo electr\u00f3nico de restablecimiento.<\/span><\/p>\n<h2 data-path-to-node=\"19\"><strong><span class=\"citation-827 citation-828 citation-end-828\">Cu\u00e1nto tiempo conservamos tus datos<\/span><\/strong><\/h2>\n<p data-path-to-node=\"20\"><b data-path-to-node=\"20\" data-index-in-node=\"0\"><span class=\"citation-825 citation-826\">Texto sugerido:<\/span><\/b><span class=\"citation-825 citation-826 citation-end-826\"> Si dejas un comentario, el comentario y sus metadatos se conservan indefinidamente. Esto es para que podamos reconocer y aprobar comenta<\/span><span class=\"citation-825 citation-end-825\">rios sucesivos <\/span>de forma<span class=\"citation-824 citation-end-824\"> autom\u00e1tica, en lugar de mantenerlos en una cola de moderaci\u00f3n.<\/span><\/p>\n<p data-path-to-node=\"21\"><span class=\"citation-823 citation-end-823\">De los usuarios que se registran en nuestra web (si los hay), tambi\u00e9n almacenamos la informaci\u00f3n personal que proporcionan en su perfil de usuario. Todos los usuarios pueden ver, editar o eliminar su informa<\/span>ci\u00f3n personal en cualquier momento (excepto que no pueden cambiar su nombre de usuario). Los administradores de la web tambi\u00e9n pueden ver y editar esa informaci\u00f3n.<\/p>\n<h2 data-path-to-node=\"22\"><strong>Qu\u00e9 derechos tienes sobre tus datos<\/strong><\/h2>\n<p data-path-to-node=\"23\"><b data-path-to-node=\"23\" data-index-in-node=\"0\">Texto sugerido:<\/b> Si tienes una cuenta o has dejado comentarios en esta web, puedes solicitar recibir un archivo de exportaci\u00f3n de los datos personales que tenemos sobre ti, incluyendo cualquier dato que nos h<span class=\"citation-822\">ayas proporcionado. Tambi\u00e9n puedes solicitar que eliminemos cualquier dato personal que tengamos sobre ti. Esto no incluye<\/span><span class=\"citation-821 citation-822 citation-end-822\"> ning\u00fan dato que estemos obligados a conservar con fines administrativos, legales o de seguridad.<\/span><\/p>\n<h2 data-path-to-node=\"24\"><strong><span class=\"citation-819 citation-820 citation-end-820\">D\u00f3<\/span><span class=\"citation-819 citation-end-819\">nde se env\u00edan tus datos<\/span><\/strong><\/h2>\n<p data-path-to-node=\"25\"><b data-path-to-node=\"25\" data-index-in-node=\"0\"><span class=\"citation-818\">Texto sugerido:<\/span><\/b><span class=\"citation-818 citation-end-818\"> Los comentarios de los visitantes puede que los revise un servicio de detecci\u00f3n autom\u00e1tica de spam.<\/span><\/p>\n\t\t\t\t\t\t\t\t<\/div>\n\t\t\t\t\t<\/div>\n\t\t\t\t<\/div>\n\t\t\t\t<\/div>\n\t\t","protected":false},"excerpt":{"rendered":"<p>Pol\u00edtica de privacidad Qui\u00e9nes somos Texto sugerido: La direcci\u00f3n de nuestro sitio web es: https:\/\/themes.gomnetwork.com\/theme-v5. Comentarios Texto sugerido: Cuando los visitantes dejan comentarios en la web, recopilamos los datos que se muestran en el formulario de comentarios, as\u00ed como la direcci\u00f3n IP del visitante y la cadena de agentes de usuario del navegador para ayudar [&hellip;]<\/p>\n","protected":false},"author":1,"featured_media":0,"parent":0,"menu_order":0,"comment_status":"closed","ping_status":"open","template":"tpl-gom-tools-elementor-v1.php","meta":{"footnotes":""},"class_list":["post-3","page","type-page","status-publish","hentry"],"yoast_head":"<!-- This site is optimized with the Yoast SEO plugin v27.3 - https:\/\/yoast.com\/product\/yoast-seo-wordpress\/ -->\n<title>Pol\u00edtica de privacidad - Lik Studio<\/title>\n<meta name=\"robots\" content=\"noindex, follow, max-snippet:-1, max-image-preview:large, max-video-preview:-1\" \/>\n<meta property=\"og:locale\" content=\"en_US\" \/>\n<meta property=\"og:type\" content=\"article\" \/>\n<meta property=\"og:title\" content=\"Pol\u00edtica de privacidad - Lik Studio\" \/>\n<meta property=\"og:description\" content=\"Pol\u00edtica de privacidad Qui\u00e9nes somos Texto sugerido: La direcci\u00f3n de nuestro sitio web es: https:\/\/themes.gomnetwork.com\/theme-v5. Comentarios Texto sugerido: Cuando los visitantes dejan comentarios en la web, recopilamos los datos que se muestran en el formulario de comentarios, as\u00ed como la direcci\u00f3n IP del visitante y la cadena de agentes de usuario del navegador para ayudar [&hellip;]\" \/>\n<meta property=\"og:url\" content=\"https:\/\/dev.gomnetwork.com\/lik\/politica-privacidad\/\" \/>\n<meta property=\"og:site_name\" content=\"Lik Studio\" \/>\n<meta property=\"article:modified_time\" content=\"2026-02-10T20:00:32+00:00\" \/>\n<meta name=\"twitter:card\" content=\"summary_large_image\" \/>\n<meta name=\"twitter:label1\" content=\"Est. reading time\" \/>\n\t<meta name=\"twitter:data1\" content=\"1 minute\" \/>\n<script type=\"application\/ld+json\" class=\"yoast-schema-graph\">{\"@context\":\"https:\\\/\\\/schema.org\",\"@graph\":[{\"@type\":\"WebPage\",\"@id\":\"https:\\\/\\\/dev.gomnetwork.com\\\/lik\\\/politica-privacidad\\\/\",\"url\":\"https:\\\/\\\/dev.gomnetwork.com\\\/lik\\\/politica-privacidad\\\/\",\"name\":\"Pol\u00edtica de privacidad - Lik Studio\",\"isPartOf\":{\"@id\":\"https:\\\/\\\/dev.gomnetwork.com\\\/lik\\\/#website\"},\"datePublished\":\"2026-01-21T15:17:22+00:00\",\"dateModified\":\"2026-02-10T20:00:32+00:00\",\"breadcrumb\":{\"@id\":\"https:\\\/\\\/dev.gomnetwork.com\\\/lik\\\/politica-privacidad\\\/#breadcrumb\"},\"inLanguage\":\"en-US\",\"potentialAction\":[{\"@type\":\"ReadAction\",\"target\":[\"https:\\\/\\\/dev.gomnetwork.com\\\/lik\\\/politica-privacidad\\\/\"]}]},{\"@type\":\"BreadcrumbList\",\"@id\":\"https:\\\/\\\/dev.gomnetwork.com\\\/lik\\\/politica-privacidad\\\/#breadcrumb\",\"itemListElement\":[{\"@type\":\"ListItem\",\"position\":1,\"name\":\"Home\",\"item\":\"https:\\\/\\\/dev.gomnetwork.com\\\/lik\\\/\"},{\"@type\":\"ListItem\",\"position\":2,\"name\":\"Pol\u00edtica de privacidad\"}]},{\"@type\":\"WebSite\",\"@id\":\"https:\\\/\\\/dev.gomnetwork.com\\\/lik\\\/#website\",\"url\":\"https:\\\/\\\/dev.gomnetwork.com\\\/lik\\\/\",\"name\":\"Lik Studio\",\"description\":\"\",\"potentialAction\":[{\"@type\":\"SearchAction\",\"target\":{\"@type\":\"EntryPoint\",\"urlTemplate\":\"https:\\\/\\\/dev.gomnetwork.com\\\/lik\\\/?s={search_term_string}\"},\"query-input\":{\"@type\":\"PropertyValueSpecification\",\"valueRequired\":true,\"valueName\":\"search_term_string\"}}],\"inLanguage\":\"en-US\"}]}<\/script>\n<!-- \/ Yoast SEO plugin. -->","yoast_head_json":{"title":"Pol\u00edtica de privacidad - Lik Studio","robots":{"index":"noindex","follow":"follow","max-snippet":"max-snippet:-1","max-image-preview":"max-image-preview:large","max-video-preview":"max-video-preview:-1"},"og_locale":"en_US","og_type":"article","og_title":"Pol\u00edtica de privacidad - Lik Studio","og_description":"Pol\u00edtica de privacidad Qui\u00e9nes somos Texto sugerido: La direcci\u00f3n de nuestro sitio web es: https:\/\/themes.gomnetwork.com\/theme-v5. Comentarios Texto sugerido: Cuando los visitantes dejan comentarios en la web, recopilamos los datos que se muestran en el formulario de comentarios, as\u00ed como la direcci\u00f3n IP del visitante y la cadena de agentes de usuario del navegador para ayudar [&hellip;]","og_url":"https:\/\/dev.gomnetwork.com\/lik\/politica-privacidad\/","og_site_name":"Lik Studio","article_modified_time":"2026-02-10T20:00:32+00:00","twitter_card":"summary_large_image","twitter_misc":{"Est. reading time":"1 minute"},"schema":{"@context":"https:\/\/schema.org","@graph":[{"@type":"WebPage","@id":"https:\/\/dev.gomnetwork.com\/lik\/politica-privacidad\/","url":"https:\/\/dev.gomnetwork.com\/lik\/politica-privacidad\/","name":"Pol\u00edtica de privacidad - Lik Studio","isPartOf":{"@id":"https:\/\/dev.gomnetwork.com\/lik\/#website"},"datePublished":"2026-01-21T15:17:22+00:00","dateModified":"2026-02-10T20:00:32+00:00","breadcrumb":{"@id":"https:\/\/dev.gomnetwork.com\/lik\/politica-privacidad\/#breadcrumb"},"inLanguage":"en-US","potentialAction":[{"@type":"ReadAction","target":["https:\/\/dev.gomnetwork.com\/lik\/politica-privacidad\/"]}]},{"@type":"BreadcrumbList","@id":"https:\/\/dev.gomnetwork.com\/lik\/politica-privacidad\/#breadcrumb","itemListElement":[{"@type":"ListItem","position":1,"name":"Home","item":"https:\/\/dev.gomnetwork.com\/lik\/"},{"@type":"ListItem","position":2,"name":"Pol\u00edtica de privacidad"}]},{"@type":"WebSite","@id":"https:\/\/dev.gomnetwork.com\/lik\/#website","url":"https:\/\/dev.gomnetwork.com\/lik\/","name":"Lik Studio","description":"","potentialAction":[{"@type":"SearchAction","target":{"@type":"EntryPoint","urlTemplate":"https:\/\/dev.gomnetwork.com\/lik\/?s={search_term_string}"},"query-input":{"@type":"PropertyValueSpecification","valueRequired":true,"valueName":"search_term_string"}}],"inLanguage":"en-US"}]}},"_links":{"self":[{"href":"https:\/\/dev.gomnetwork.com\/lik\/wp-json\/wp\/v2\/pages\/3","targetHints":{"allow":["GET"]}}],"collection":[{"href":"https:\/\/dev.gomnetwork.com\/lik\/wp-json\/wp\/v2\/pages"}],"about":[{"href":"https:\/\/dev.gomnetwork.com\/lik\/wp-json\/wp\/v2\/types\/page"}],"author":[{"embeddable":true,"href":"https:\/\/dev.gomnetwork.com\/lik\/wp-json\/wp\/v2\/users\/1"}],"replies":[{"embeddable":true,"href":"https:\/\/dev.gomnetwork.com\/lik\/wp-json\/wp\/v2\/comments?post=3"}],"version-history":[{"count":16,"href":"https:\/\/dev.gomnetwork.com\/lik\/wp-json\/wp\/v2\/pages\/3\/revisions"}],"predecessor-version":[{"id":637,"href":"https:\/\/dev.gomnetwork.com\/lik\/wp-json\/wp\/v2\/pages\/3\/revisions\/637"}],"wp:attachment":[{"href":"https:\/\/dev.gomnetwork.com\/lik\/wp-json\/wp\/v2\/media?parent=3"}],"curies":[{"name":"wp","href":"https:\/\/api.w.org\/{rel}","templated":true}]}}