{"id":4466,"date":"2024-06-11T22:09:41","date_gmt":"2024-06-12T03:09:41","guid":{"rendered":"https:\/\/dev.gomnetwork.com\/colchones-new-confort\/?post_type=product&#038;p=4466"},"modified":"2024-06-12T14:40:04","modified_gmt":"2024-06-12T19:40:04","slug":"sofa-cama-duoflex-elaborado-madera-pino","status":"publish","type":"product","link":"https:\/\/dev.gomnetwork.com\/colchones-new-confort\/producto\/sofa-cama-duoflex-elaborado-madera-pino\/","title":{"rendered":"Sof\u00e1 cama Duoflex elaborado en madera de pino"},"content":{"rendered":"<p>El Sof\u00e1 Cama Duoflex es elaborado en madera de pino, completamente seca e inmunizada, este sof\u00e1 de precioso dise\u00f1o combina el estilo moderno y cl\u00e1sico, logrando con ello un espectacular resultado. Espaldar dividido en dos partes para diferentes modos de uso, dise\u00f1o elegante capitoneado, alzado sobre patas c\u00f3nicas de madera de roble y acolchado con espuma penta gris de alta densidad de 8cm de grosor. Externamente puedes elegir su tapizado en eco cuero sint\u00e9tico, pa\u00f1o o lona de alta resistencia, adem\u00e1s este sof\u00e1 tiene 3 grados de inclinaci\u00f3n para su mayor comodidad.<\/p>\n<p><strong>Todos nuestros productos son elaborados desde cero, por ese motivo garantizamos que nuestros dise\u00f1os sean fabricados el bajo los mejores est\u00e1ndares de calidad y detalle.<\/strong><\/p>\n<p>En resumen, el sof\u00e1 cama Duoflex es una excelente opci\u00f3n para quienes buscan un mueble c\u00f3modo, pr\u00e1ctico y duradero. Con su elegante dise\u00f1o y su estructura de madera de pino, este sof\u00e1 cama es la opci\u00f3n perfecta para quienes buscan ahorrar espacio en casa y recibir visitas de manera c\u00f3moda y pr\u00e1ctica. Si buscas un mueble que te ofrezca confort y funcionalidad al mismo tiempo, el sof\u00e1 cama Duoflex es la elecci\u00f3n ideal para ti.<\/p>\n","protected":false},"excerpt":{"rendered":"<ul>\n<li>El mueble debe ser utilizado en interiores, evitar los rayos de sol directos y constantes en el mueble.<\/li>\n<li>Se recomienda limpiar con champ\u00fa o jab\u00f3n l\u00edquido, no limpie con solventes como Varsol, thiner, acetona, alcohol.<\/li>\n<li>Tener cuidado con el uso de objetos corto-punzantes, pueden da\u00f1ar la superficie del mueble .<\/li>\n<li>Garant\u00eda de 1 a\u00f1o en la estructura de madera.<\/li>\n<\/ul>\n","protected":false},"featured_media":3536,"comment_status":"open","ping_status":"closed","template":"","meta":[],"product_cat":[62],"product_tag":[],"class_list":{"0":"post-4466","1":"product","2":"type-product","3":"status-publish","4":"has-post-thumbnail","6":"product_cat-cabeceros-para-cama","8":"first","9":"instock","10":"shipping-taxable","11":"purchasable","12":"product-type-variable","13":"has-default-attributes"},"yoast_head":"<!-- This site is optimized with the Yoast SEO plugin v22.9 - https:\/\/yoast.com\/wordpress\/plugins\/seo\/ -->\n<title>Sof\u00e1 cama Duoflex elaborado en madera de pino<\/title>\n<meta name=\"description\" content=\"Este sof\u00e1 cama ha sido elaborado en madera de pino, completamente seca e inmunizada, lo que garantiza que se mantendr\u00e1 en buen estado por muchos a\u00f1os.\" \/>\n<meta name=\"robots\" content=\"noindex, follow, max-snippet:-1, max-image-preview:large, max-video-preview:-1\" \/>\n<meta property=\"og:locale\" content=\"es_ES\" \/>\n<meta property=\"og:type\" content=\"article\" \/>\n<meta property=\"og:title\" content=\"Sof\u00e1 cama Duoflex elaborado en madera de pino\" \/>\n<meta property=\"og:description\" content=\"Este sof\u00e1 cama ha sido elaborado en madera de pino, completamente seca e inmunizada, lo que garantiza que se mantendr\u00e1 en buen estado por muchos a\u00f1os.\" \/>\n<meta property=\"og:url\" content=\"https:\/\/dev.gomnetwork.com\/colchones-new-confort\/producto\/sofa-cama-duoflex-elaborado-madera-pino\/\" \/>\n<meta property=\"og:site_name\" content=\"Colchones y Muebles New Confort\" \/>\n<meta property=\"article:modified_time\" content=\"2024-06-12T19:40:04+00:00\" \/>\n<meta property=\"og:image\" content=\"https:\/\/dev.gomnetwork.com\/colchones-new-confort\/wp-content\/uploads\/2024\/06\/sofa-cama-duoflex-blanco-1.webp\" \/>\n\t<meta property=\"og:image:width\" content=\"800\" \/>\n\t<meta property=\"og:image:height\" content=\"800\" \/>\n\t<meta property=\"og:image:type\" content=\"image\/webp\" \/>\n<meta name=\"twitter:card\" content=\"summary_large_image\" \/>\n<meta name=\"twitter:title\" content=\"Sof\u00e1 cama Duoflex elaborado en madera de pino\" \/>\n<meta name=\"twitter:description\" content=\"Este sof\u00e1 cama ha sido elaborado en madera de pino, completamente seca e inmunizada, lo que garantiza que se mantendr\u00e1 en buen estado por muchos a\u00f1os.\" \/>\n<meta name=\"twitter:image\" content=\"https:\/\/dev.gomnetwork.com\/colchones-new-confort\/wp-content\/uploads\/2024\/06\/sofa-cama-duoflex-blanco-1.webp\" \/>\n<meta name=\"twitter:label1\" content=\"Tiempo de lectura\" \/>\n\t<meta name=\"twitter:data1\" content=\"2 minutos\" \/>\n<script type=\"application\/ld+json\" class=\"yoast-schema-graph\">{\"@context\":\"https:\/\/schema.org\",\"@graph\":[{\"@type\":\"WebPage\",\"@id\":\"https:\/\/dev.gomnetwork.com\/colchones-new-confort\/producto\/sofa-cama-duoflex-elaborado-madera-pino\/\",\"url\":\"https:\/\/dev.gomnetwork.com\/colchones-new-confort\/producto\/sofa-cama-duoflex-elaborado-madera-pino\/\",\"name\":\"Sof\u00e1 cama Duoflex elaborado en madera de pino\",\"isPartOf\":{\"@id\":\"https:\/\/dev.gomnetwork.com\/colchones-new-confort\/#website\"},\"primaryImageOfPage\":{\"@id\":\"https:\/\/dev.gomnetwork.com\/colchones-new-confort\/producto\/sofa-cama-duoflex-elaborado-madera-pino\/#primaryimage\"},\"image\":{\"@id\":\"https:\/\/dev.gomnetwork.com\/colchones-new-confort\/producto\/sofa-cama-duoflex-elaborado-madera-pino\/#primaryimage\"},\"thumbnailUrl\":\"https:\/\/dev.gomnetwork.com\/colchones-new-confort\/wp-content\/uploads\/2024\/06\/sofa-cama-duoflex-blanco-1.webp\",\"datePublished\":\"2024-06-12T03:09:41+00:00\",\"dateModified\":\"2024-06-12T19:40:04+00:00\",\"description\":\"Este sof\u00e1 cama ha sido elaborado en madera de pino, completamente seca e inmunizada, lo que garantiza que se mantendr\u00e1 en buen estado por muchos a\u00f1os.\",\"breadcrumb\":{\"@id\":\"https:\/\/dev.gomnetwork.com\/colchones-new-confort\/producto\/sofa-cama-duoflex-elaborado-madera-pino\/#breadcrumb\"},\"inLanguage\":\"es-CO\",\"potentialAction\":[{\"@type\":\"ReadAction\",\"target\":[\"https:\/\/dev.gomnetwork.com\/colchones-new-confort\/producto\/sofa-cama-duoflex-elaborado-madera-pino\/\"]}]},{\"@type\":\"ImageObject\",\"inLanguage\":\"es-CO\",\"@id\":\"https:\/\/dev.gomnetwork.com\/colchones-new-confort\/producto\/sofa-cama-duoflex-elaborado-madera-pino\/#primaryimage\",\"url\":\"https:\/\/dev.gomnetwork.com\/colchones-new-confort\/wp-content\/uploads\/2024\/06\/sofa-cama-duoflex-blanco-1.webp\",\"contentUrl\":\"https:\/\/dev.gomnetwork.com\/colchones-new-confort\/wp-content\/uploads\/2024\/06\/sofa-cama-duoflex-blanco-1.webp\",\"width\":800,\"height\":800,\"caption\":\"sofa-cama-duoflex-blanco-1\"},{\"@type\":\"BreadcrumbList\",\"@id\":\"https:\/\/dev.gomnetwork.com\/colchones-new-confort\/producto\/sofa-cama-duoflex-elaborado-madera-pino\/#breadcrumb\",\"itemListElement\":[{\"@type\":\"ListItem\",\"position\":1,\"name\":\"Inicio\",\"item\":\"https:\/\/dev.gomnetwork.com\/colchones-new-confort\/\"},{\"@type\":\"ListItem\",\"position\":2,\"name\":\"Tienda\",\"item\":\"https:\/\/dev.gomnetwork.com\/colchones-new-confort\/tienda\/\"},{\"@type\":\"ListItem\",\"position\":3,\"name\":\"Sof\u00e1 cama Duoflex elaborado en madera de pino\"}]},{\"@type\":\"WebSite\",\"@id\":\"https:\/\/dev.gomnetwork.com\/colchones-new-confort\/#website\",\"url\":\"https:\/\/dev.gomnetwork.com\/colchones-new-confort\/\",\"name\":\"Colchones y Muebles New Confort\",\"description\":\"\",\"potentialAction\":[{\"@type\":\"SearchAction\",\"target\":{\"@type\":\"EntryPoint\",\"urlTemplate\":\"https:\/\/dev.gomnetwork.com\/colchones-new-confort\/?s={search_term_string}\"},\"query-input\":\"required name=search_term_string\"}],\"inLanguage\":\"es-CO\"}]}<\/script>\n<!-- \/ Yoast SEO plugin. -->","yoast_head_json":{"title":"Sof\u00e1 cama Duoflex elaborado en madera de pino","description":"Este sof\u00e1 cama ha sido elaborado en madera de pino, completamente seca e inmunizada, lo que garantiza que se mantendr\u00e1 en buen estado por muchos a\u00f1os.","robots":{"index":"noindex","follow":"follow","max-snippet":"max-snippet:-1","max-image-preview":"max-image-preview:large","max-video-preview":"max-video-preview:-1"},"og_locale":"es_ES","og_type":"article","og_title":"Sof\u00e1 cama Duoflex elaborado en madera de pino","og_description":"Este sof\u00e1 cama ha sido elaborado en madera de pino, completamente seca e inmunizada, lo que garantiza que se mantendr\u00e1 en buen estado por muchos a\u00f1os.","og_url":"https:\/\/dev.gomnetwork.com\/colchones-new-confort\/producto\/sofa-cama-duoflex-elaborado-madera-pino\/","og_site_name":"Colchones y Muebles New Confort","article_modified_time":"2024-06-12T19:40:04+00:00","og_image":[{"width":800,"height":800,"url":"https:\/\/dev.gomnetwork.com\/colchones-new-confort\/wp-content\/uploads\/2024\/06\/sofa-cama-duoflex-blanco-1.webp","type":"image\/webp"}],"twitter_card":"summary_large_image","twitter_title":"Sof\u00e1 cama Duoflex elaborado en madera de pino","twitter_description":"Este sof\u00e1 cama ha sido elaborado en madera de pino, completamente seca e inmunizada, lo que garantiza que se mantendr\u00e1 en buen estado por muchos a\u00f1os.","twitter_image":"https:\/\/dev.gomnetwork.com\/colchones-new-confort\/wp-content\/uploads\/2024\/06\/sofa-cama-duoflex-blanco-1.webp","twitter_misc":{"Tiempo de lectura":"2 minutos"},"schema":{"@context":"https:\/\/schema.org","@graph":[{"@type":"WebPage","@id":"https:\/\/dev.gomnetwork.com\/colchones-new-confort\/producto\/sofa-cama-duoflex-elaborado-madera-pino\/","url":"https:\/\/dev.gomnetwork.com\/colchones-new-confort\/producto\/sofa-cama-duoflex-elaborado-madera-pino\/","name":"Sof\u00e1 cama Duoflex elaborado en madera de pino","isPartOf":{"@id":"https:\/\/dev.gomnetwork.com\/colchones-new-confort\/#website"},"primaryImageOfPage":{"@id":"https:\/\/dev.gomnetwork.com\/colchones-new-confort\/producto\/sofa-cama-duoflex-elaborado-madera-pino\/#primaryimage"},"image":{"@id":"https:\/\/dev.gomnetwork.com\/colchones-new-confort\/producto\/sofa-cama-duoflex-elaborado-madera-pino\/#primaryimage"},"thumbnailUrl":"https:\/\/dev.gomnetwork.com\/colchones-new-confort\/wp-content\/uploads\/2024\/06\/sofa-cama-duoflex-blanco-1.webp","datePublished":"2024-06-12T03:09:41+00:00","dateModified":"2024-06-12T19:40:04+00:00","description":"Este sof\u00e1 cama ha sido elaborado en madera de pino, completamente seca e inmunizada, lo que garantiza que se mantendr\u00e1 en buen estado por muchos a\u00f1os.","breadcrumb":{"@id":"https:\/\/dev.gomnetwork.com\/colchones-new-confort\/producto\/sofa-cama-duoflex-elaborado-madera-pino\/#breadcrumb"},"inLanguage":"es-CO","potentialAction":[{"@type":"ReadAction","target":["https:\/\/dev.gomnetwork.com\/colchones-new-confort\/producto\/sofa-cama-duoflex-elaborado-madera-pino\/"]}]},{"@type":"ImageObject","inLanguage":"es-CO","@id":"https:\/\/dev.gomnetwork.com\/colchones-new-confort\/producto\/sofa-cama-duoflex-elaborado-madera-pino\/#primaryimage","url":"https:\/\/dev.gomnetwork.com\/colchones-new-confort\/wp-content\/uploads\/2024\/06\/sofa-cama-duoflex-blanco-1.webp","contentUrl":"https:\/\/dev.gomnetwork.com\/colchones-new-confort\/wp-content\/uploads\/2024\/06\/sofa-cama-duoflex-blanco-1.webp","width":800,"height":800,"caption":"sofa-cama-duoflex-blanco-1"},{"@type":"BreadcrumbList","@id":"https:\/\/dev.gomnetwork.com\/colchones-new-confort\/producto\/sofa-cama-duoflex-elaborado-madera-pino\/#breadcrumb","itemListElement":[{"@type":"ListItem","position":1,"name":"Inicio","item":"https:\/\/dev.gomnetwork.com\/colchones-new-confort\/"},{"@type":"ListItem","position":2,"name":"Tienda","item":"https:\/\/dev.gomnetwork.com\/colchones-new-confort\/tienda\/"},{"@type":"ListItem","position":3,"name":"Sof\u00e1 cama Duoflex elaborado en madera de pino"}]},{"@type":"WebSite","@id":"https:\/\/dev.gomnetwork.com\/colchones-new-confort\/#website","url":"https:\/\/dev.gomnetwork.com\/colchones-new-confort\/","name":"Colchones y Muebles New Confort","description":"","potentialAction":[{"@type":"SearchAction","target":{"@type":"EntryPoint","urlTemplate":"https:\/\/dev.gomnetwork.com\/colchones-new-confort\/?s={search_term_string}"},"query-input":"required name=search_term_string"}],"inLanguage":"es-CO"}]}},"_links":{"self":[{"href":"https:\/\/dev.gomnetwork.com\/colchones-new-confort\/wp-json\/wp\/v2\/product\/4466","targetHints":{"allow":["GET"]}}],"collection":[{"href":"https:\/\/dev.gomnetwork.com\/colchones-new-confort\/wp-json\/wp\/v2\/product"}],"about":[{"href":"https:\/\/dev.gomnetwork.com\/colchones-new-confort\/wp-json\/wp\/v2\/types\/product"}],"replies":[{"embeddable":true,"href":"https:\/\/dev.gomnetwork.com\/colchones-new-confort\/wp-json\/wp\/v2\/comments?post=4466"}],"wp:featuredmedia":[{"embeddable":true,"href":"https:\/\/dev.gomnetwork.com\/colchones-new-confort\/wp-json\/wp\/v2\/media\/3536"}],"wp:attachment":[{"href":"https:\/\/dev.gomnetwork.com\/colchones-new-confort\/wp-json\/wp\/v2\/media?parent=4466"}],"wp:term":[{"taxonomy":"product_cat","embeddable":true,"href":"https:\/\/dev.gomnetwork.com\/colchones-new-confort\/wp-json\/wp\/v2\/product_cat?post=4466"},{"taxonomy":"product_tag","embeddable":true,"href":"https:\/\/dev.gomnetwork.com\/colchones-new-confort\/wp-json\/wp\/v2\/product_tag?post=4466"}],"curies":[{"name":"wp","href":"https:\/\/api.w.org\/{rel}","templated":true}]}}