{"id":4465,"date":"2024-06-11T22:09:41","date_gmt":"2024-06-12T03:09:41","guid":{"rendered":"https:\/\/dev.gomnetwork.com\/colchones-new-confort\/?post_type=product&#038;p=4465"},"modified":"2024-06-12T14:39:46","modified_gmt":"2024-06-12T19:39:46","slug":"sofa-cama-classic-elaborado-madera-pino","status":"publish","type":"product","link":"https:\/\/dev.gomnetwork.com\/colchones-new-confort\/producto\/sofa-cama-classic-elaborado-madera-pino\/","title":{"rendered":"Sof\u00e1 cama Classic elaborado en madera de pino"},"content":{"rendered":"<p>El Sof\u00e1 Cama Classic es elaborado en madera de pino, completamente seca e inmunizada, este sof\u00e1 de precioso dise\u00f1o combina el estilo moderno y cl\u00e1sico, logrando con ello un espectacular resultado, con un dise\u00f1o elegante capitoneado, alzado sobre patas c\u00f3nicas de madera de roble y acolchado con espuma penta gris de alta densidad de 8cm de grosor. Externamente puedes elegir su tapizado en eco cuero sint\u00e9tico, pa\u00f1o o lona de alta resistencia, este sof\u00e1 tiene 3 grados de inclinaci\u00f3n para su mayor comodidad.<\/p>\n<p><strong>Todos nuestros productos son elaborados desde cero, por ese motivo garantizamos que nuestros dise\u00f1os sean fabricados bajo los mejores est\u00e1ndares de calidad y detalle.<\/strong><\/p>\n<p>En resumen, el sof\u00e1 cama Classic es una excelente opci\u00f3n para cualquier persona que busque un sof\u00e1 c\u00f3modo y elegante que tambi\u00e9n pueda convertirse en una cama para invitados. Con su dise\u00f1o cl\u00e1sico, tapicer\u00eda de alta calidad y construcci\u00f3n duradera, este sof\u00e1 cama es la soluci\u00f3n perfecta para cualquier hogar. Ya sea que viva en un apartamento peque\u00f1o o en una casa m\u00e1s grande, el sof\u00e1 cama Classic seguramente se convertir\u00e1 en una de sus piezas de mobiliario favoritas.<\/p>\n","protected":false},"excerpt":{"rendered":"<ul>\n<li>El mueble debe ser utilizado en interiores, evitar los rayos de sol directos y constantes en el mueble.<\/li>\n<li>Se recomienda limpiar con champ\u00fa o jab\u00f3n l\u00edquido, no limpie con solventes como Varsol, thiner, acetona, alcohol.<\/li>\n<li>Tener cuidado con el uso de objetos corto-punzantes, pueden da\u00f1ar la superficie del mueble<\/li>\n<li>Garant\u00eda de 1 a\u00f1o en la estructura de madera.<\/li>\n<\/ul>\n","protected":false},"featured_media":3518,"comment_status":"open","ping_status":"closed","template":"","meta":[],"product_cat":[62,63],"product_tag":[],"class_list":{"0":"post-4465","1":"product","2":"type-product","3":"status-publish","4":"has-post-thumbnail","6":"product_cat-cabeceros-para-cama","7":"product_cat-pie-de-cama","9":"first","10":"instock","11":"shipping-taxable","12":"purchasable","13":"product-type-variable","14":"has-default-attributes"},"yoast_head":"<!-- This site is optimized with the Yoast SEO plugin v22.9 - https:\/\/yoast.com\/wordpress\/plugins\/seo\/ -->\n<title>Sof\u00e1 cama Classic elaborado en madera de pino<\/title>\n<meta name=\"description\" content=\"El sof\u00e1 cama Classic es una pieza de mobiliario elegante, combina estilo y comodidad con su dise\u00f1o cl\u00e1sico y su capacidad para transformarse en una cama\" \/>\n<meta name=\"robots\" content=\"noindex, follow, max-snippet:-1, max-image-preview:large, max-video-preview:-1\" \/>\n<meta property=\"og:locale\" content=\"es_ES\" \/>\n<meta property=\"og:type\" content=\"article\" \/>\n<meta property=\"og:title\" content=\"Sof\u00e1 cama Classic elaborado en madera de pino\" \/>\n<meta property=\"og:description\" content=\"El sof\u00e1 cama Classic es una pieza de mobiliario elegante, combina estilo y comodidad con su dise\u00f1o cl\u00e1sico y su capacidad para transformarse en una cama\" \/>\n<meta property=\"og:url\" content=\"https:\/\/dev.gomnetwork.com\/colchones-new-confort\/producto\/sofa-cama-classic-elaborado-madera-pino\/\" \/>\n<meta property=\"og:site_name\" content=\"Colchones y Muebles New Confort\" \/>\n<meta property=\"article:modified_time\" content=\"2024-06-12T19:39:46+00:00\" \/>\n<meta property=\"og:image\" content=\"https:\/\/dev.gomnetwork.com\/colchones-new-confort\/wp-content\/uploads\/2024\/06\/sofa-cama-classic-negro-1.webp\" \/>\n\t<meta property=\"og:image:width\" content=\"800\" \/>\n\t<meta property=\"og:image:height\" content=\"800\" \/>\n\t<meta property=\"og:image:type\" content=\"image\/webp\" \/>\n<meta name=\"twitter:card\" content=\"summary_large_image\" \/>\n<meta name=\"twitter:title\" content=\"Sof\u00e1 cama Classic elaborado en madera de pino\" \/>\n<meta name=\"twitter:description\" content=\"El sof\u00e1 cama Classic es una pieza de mobiliario elegante, combina estilo y comodidad con su dise\u00f1o cl\u00e1sico y su capacidad para transformarse en una cama\" \/>\n<meta name=\"twitter:image\" content=\"https:\/\/dev.gomnetwork.com\/colchones-new-confort\/wp-content\/uploads\/2024\/06\/sofa-cama-classic-negro-1.webp\" \/>\n<meta name=\"twitter:label1\" content=\"Tiempo de lectura\" \/>\n\t<meta name=\"twitter:data1\" content=\"2 minutos\" \/>\n<script type=\"application\/ld+json\" class=\"yoast-schema-graph\">{\"@context\":\"https:\/\/schema.org\",\"@graph\":[{\"@type\":\"WebPage\",\"@id\":\"https:\/\/dev.gomnetwork.com\/colchones-new-confort\/producto\/sofa-cama-classic-elaborado-madera-pino\/\",\"url\":\"https:\/\/dev.gomnetwork.com\/colchones-new-confort\/producto\/sofa-cama-classic-elaborado-madera-pino\/\",\"name\":\"Sof\u00e1 cama Classic elaborado en madera de pino\",\"isPartOf\":{\"@id\":\"https:\/\/dev.gomnetwork.com\/colchones-new-confort\/#website\"},\"primaryImageOfPage\":{\"@id\":\"https:\/\/dev.gomnetwork.com\/colchones-new-confort\/producto\/sofa-cama-classic-elaborado-madera-pino\/#primaryimage\"},\"image\":{\"@id\":\"https:\/\/dev.gomnetwork.com\/colchones-new-confort\/producto\/sofa-cama-classic-elaborado-madera-pino\/#primaryimage\"},\"thumbnailUrl\":\"https:\/\/dev.gomnetwork.com\/colchones-new-confort\/wp-content\/uploads\/2024\/06\/sofa-cama-classic-negro-1.webp\",\"datePublished\":\"2024-06-12T03:09:41+00:00\",\"dateModified\":\"2024-06-12T19:39:46+00:00\",\"description\":\"El sof\u00e1 cama Classic es una pieza de mobiliario elegante, combina estilo y comodidad con su dise\u00f1o cl\u00e1sico y su capacidad para transformarse en una cama\",\"breadcrumb\":{\"@id\":\"https:\/\/dev.gomnetwork.com\/colchones-new-confort\/producto\/sofa-cama-classic-elaborado-madera-pino\/#breadcrumb\"},\"inLanguage\":\"es-CO\",\"potentialAction\":[{\"@type\":\"ReadAction\",\"target\":[\"https:\/\/dev.gomnetwork.com\/colchones-new-confort\/producto\/sofa-cama-classic-elaborado-madera-pino\/\"]}]},{\"@type\":\"ImageObject\",\"inLanguage\":\"es-CO\",\"@id\":\"https:\/\/dev.gomnetwork.com\/colchones-new-confort\/producto\/sofa-cama-classic-elaborado-madera-pino\/#primaryimage\",\"url\":\"https:\/\/dev.gomnetwork.com\/colchones-new-confort\/wp-content\/uploads\/2024\/06\/sofa-cama-classic-negro-1.webp\",\"contentUrl\":\"https:\/\/dev.gomnetwork.com\/colchones-new-confort\/wp-content\/uploads\/2024\/06\/sofa-cama-classic-negro-1.webp\",\"width\":800,\"height\":800,\"caption\":\"sofa-cama-classic-negro-1\"},{\"@type\":\"BreadcrumbList\",\"@id\":\"https:\/\/dev.gomnetwork.com\/colchones-new-confort\/producto\/sofa-cama-classic-elaborado-madera-pino\/#breadcrumb\",\"itemListElement\":[{\"@type\":\"ListItem\",\"position\":1,\"name\":\"Inicio\",\"item\":\"https:\/\/dev.gomnetwork.com\/colchones-new-confort\/\"},{\"@type\":\"ListItem\",\"position\":2,\"name\":\"Tienda\",\"item\":\"https:\/\/dev.gomnetwork.com\/colchones-new-confort\/tienda\/\"},{\"@type\":\"ListItem\",\"position\":3,\"name\":\"Sof\u00e1 cama Classic elaborado en madera de pino\"}]},{\"@type\":\"WebSite\",\"@id\":\"https:\/\/dev.gomnetwork.com\/colchones-new-confort\/#website\",\"url\":\"https:\/\/dev.gomnetwork.com\/colchones-new-confort\/\",\"name\":\"Colchones y Muebles New Confort\",\"description\":\"\",\"potentialAction\":[{\"@type\":\"SearchAction\",\"target\":{\"@type\":\"EntryPoint\",\"urlTemplate\":\"https:\/\/dev.gomnetwork.com\/colchones-new-confort\/?s={search_term_string}\"},\"query-input\":\"required name=search_term_string\"}],\"inLanguage\":\"es-CO\"}]}<\/script>\n<!-- \/ Yoast SEO plugin. -->","yoast_head_json":{"title":"Sof\u00e1 cama Classic elaborado en madera de pino","description":"El sof\u00e1 cama Classic es una pieza de mobiliario elegante, combina estilo y comodidad con su dise\u00f1o cl\u00e1sico y su capacidad para transformarse en una cama","robots":{"index":"noindex","follow":"follow","max-snippet":"max-snippet:-1","max-image-preview":"max-image-preview:large","max-video-preview":"max-video-preview:-1"},"og_locale":"es_ES","og_type":"article","og_title":"Sof\u00e1 cama Classic elaborado en madera de pino","og_description":"El sof\u00e1 cama Classic es una pieza de mobiliario elegante, combina estilo y comodidad con su dise\u00f1o cl\u00e1sico y su capacidad para transformarse en una cama","og_url":"https:\/\/dev.gomnetwork.com\/colchones-new-confort\/producto\/sofa-cama-classic-elaborado-madera-pino\/","og_site_name":"Colchones y Muebles New Confort","article_modified_time":"2024-06-12T19:39:46+00:00","og_image":[{"width":800,"height":800,"url":"https:\/\/dev.gomnetwork.com\/colchones-new-confort\/wp-content\/uploads\/2024\/06\/sofa-cama-classic-negro-1.webp","type":"image\/webp"}],"twitter_card":"summary_large_image","twitter_title":"Sof\u00e1 cama Classic elaborado en madera de pino","twitter_description":"El sof\u00e1 cama Classic es una pieza de mobiliario elegante, combina estilo y comodidad con su dise\u00f1o cl\u00e1sico y su capacidad para transformarse en una cama","twitter_image":"https:\/\/dev.gomnetwork.com\/colchones-new-confort\/wp-content\/uploads\/2024\/06\/sofa-cama-classic-negro-1.webp","twitter_misc":{"Tiempo de lectura":"2 minutos"},"schema":{"@context":"https:\/\/schema.org","@graph":[{"@type":"WebPage","@id":"https:\/\/dev.gomnetwork.com\/colchones-new-confort\/producto\/sofa-cama-classic-elaborado-madera-pino\/","url":"https:\/\/dev.gomnetwork.com\/colchones-new-confort\/producto\/sofa-cama-classic-elaborado-madera-pino\/","name":"Sof\u00e1 cama Classic elaborado en madera de pino","isPartOf":{"@id":"https:\/\/dev.gomnetwork.com\/colchones-new-confort\/#website"},"primaryImageOfPage":{"@id":"https:\/\/dev.gomnetwork.com\/colchones-new-confort\/producto\/sofa-cama-classic-elaborado-madera-pino\/#primaryimage"},"image":{"@id":"https:\/\/dev.gomnetwork.com\/colchones-new-confort\/producto\/sofa-cama-classic-elaborado-madera-pino\/#primaryimage"},"thumbnailUrl":"https:\/\/dev.gomnetwork.com\/colchones-new-confort\/wp-content\/uploads\/2024\/06\/sofa-cama-classic-negro-1.webp","datePublished":"2024-06-12T03:09:41+00:00","dateModified":"2024-06-12T19:39:46+00:00","description":"El sof\u00e1 cama Classic es una pieza de mobiliario elegante, combina estilo y comodidad con su dise\u00f1o cl\u00e1sico y su capacidad para transformarse en una cama","breadcrumb":{"@id":"https:\/\/dev.gomnetwork.com\/colchones-new-confort\/producto\/sofa-cama-classic-elaborado-madera-pino\/#breadcrumb"},"inLanguage":"es-CO","potentialAction":[{"@type":"ReadAction","target":["https:\/\/dev.gomnetwork.com\/colchones-new-confort\/producto\/sofa-cama-classic-elaborado-madera-pino\/"]}]},{"@type":"ImageObject","inLanguage":"es-CO","@id":"https:\/\/dev.gomnetwork.com\/colchones-new-confort\/producto\/sofa-cama-classic-elaborado-madera-pino\/#primaryimage","url":"https:\/\/dev.gomnetwork.com\/colchones-new-confort\/wp-content\/uploads\/2024\/06\/sofa-cama-classic-negro-1.webp","contentUrl":"https:\/\/dev.gomnetwork.com\/colchones-new-confort\/wp-content\/uploads\/2024\/06\/sofa-cama-classic-negro-1.webp","width":800,"height":800,"caption":"sofa-cama-classic-negro-1"},{"@type":"BreadcrumbList","@id":"https:\/\/dev.gomnetwork.com\/colchones-new-confort\/producto\/sofa-cama-classic-elaborado-madera-pino\/#breadcrumb","itemListElement":[{"@type":"ListItem","position":1,"name":"Inicio","item":"https:\/\/dev.gomnetwork.com\/colchones-new-confort\/"},{"@type":"ListItem","position":2,"name":"Tienda","item":"https:\/\/dev.gomnetwork.com\/colchones-new-confort\/tienda\/"},{"@type":"ListItem","position":3,"name":"Sof\u00e1 cama Classic elaborado en madera de pino"}]},{"@type":"WebSite","@id":"https:\/\/dev.gomnetwork.com\/colchones-new-confort\/#website","url":"https:\/\/dev.gomnetwork.com\/colchones-new-confort\/","name":"Colchones y Muebles New Confort","description":"","potentialAction":[{"@type":"SearchAction","target":{"@type":"EntryPoint","urlTemplate":"https:\/\/dev.gomnetwork.com\/colchones-new-confort\/?s={search_term_string}"},"query-input":"required name=search_term_string"}],"inLanguage":"es-CO"}]}},"_links":{"self":[{"href":"https:\/\/dev.gomnetwork.com\/colchones-new-confort\/wp-json\/wp\/v2\/product\/4465","targetHints":{"allow":["GET"]}}],"collection":[{"href":"https:\/\/dev.gomnetwork.com\/colchones-new-confort\/wp-json\/wp\/v2\/product"}],"about":[{"href":"https:\/\/dev.gomnetwork.com\/colchones-new-confort\/wp-json\/wp\/v2\/types\/product"}],"replies":[{"embeddable":true,"href":"https:\/\/dev.gomnetwork.com\/colchones-new-confort\/wp-json\/wp\/v2\/comments?post=4465"}],"wp:featuredmedia":[{"embeddable":true,"href":"https:\/\/dev.gomnetwork.com\/colchones-new-confort\/wp-json\/wp\/v2\/media\/3518"}],"wp:attachment":[{"href":"https:\/\/dev.gomnetwork.com\/colchones-new-confort\/wp-json\/wp\/v2\/media?parent=4465"}],"wp:term":[{"taxonomy":"product_cat","embeddable":true,"href":"https:\/\/dev.gomnetwork.com\/colchones-new-confort\/wp-json\/wp\/v2\/product_cat?post=4465"},{"taxonomy":"product_tag","embeddable":true,"href":"https:\/\/dev.gomnetwork.com\/colchones-new-confort\/wp-json\/wp\/v2\/product_tag?post=4465"}],"curies":[{"name":"wp","href":"https:\/\/api.w.org\/{rel}","templated":true}]}}