{"id":4463,"date":"2024-06-11T22:09:40","date_gmt":"2024-06-12T03:09:40","guid":{"rendered":"https:\/\/dev.gomnetwork.com\/colchones-new-confort\/?post_type=product&#038;p=4463"},"modified":"2024-06-12T13:35:19","modified_gmt":"2024-06-12T18:35:19","slug":"silla-poltrona-escandi-elaborada-madera-pino","status":"publish","type":"product","link":"https:\/\/dev.gomnetwork.com\/colchones-new-confort\/producto\/silla-poltrona-escandi-elaborada-madera-pino\/","title":{"rendered":"Silla poltrona Escandi elaborada en madera de pino"},"content":{"rendered":"<p>La Silla Poltrona Escandi es elaborada en madera de pino, completamente seca e inmunizada, este sill\u00f3n de precioso dise\u00f1o combina el estilo moderno y cl\u00e1sico, logrando con ello un espectacular resultado, alzada sobre patas altas de madera de roble color natural, acolchado del asiento con espuma penta gris de alta densidad, acolchado del espaldar en algod\u00f3n siliconado para mayor suavidad y comodidad, adem\u00e1s externamente puedes elegir su tapizado en eco cuero sint\u00e9tico, pa\u00f1o o lona de alta resistencia.<\/p>\n<p><strong>Todos nuestros productos son elaborados desde cero, por ese motivo garantizamos que nuestros dise\u00f1os sean fabricados bajo los mejores est\u00e1ndares de calidad y detalle.<\/strong><\/p>\n<p>En resumen, si buscas una silla c\u00f3moda y elegante que se adapte a cualquier estilo de decoraci\u00f3n, la silla poltrona Escandi es la elecci\u00f3n perfecta. Con su dise\u00f1o ergon\u00f3mico, su construcci\u00f3n robusta y su tapicer\u00eda de alta calidad, esta silla es una inversi\u00f3n que durar\u00e1 muchos a\u00f1os. Adem\u00e1s, al ser una elecci\u00f3n ecol\u00f3gica, estar\u00e1s contribuyendo a la protecci\u00f3n del medio ambiente. As\u00ed que no esperes m\u00e1s, haz tu pedido ahora y comienza a disfrutar de la comodidad y el estilo de la silla poltrona Escandi.<\/p>\n","protected":false},"excerpt":{"rendered":"<ul>\n<li>El mueble debe ser utilizado en interiores, evitar los rayos de sol directos y constantes en el mueble.<\/li>\n<li>Se recomienda limpiar con champ\u00fa o jab\u00f3n l\u00edquido, no limpie con solventes como Varsol, thiner, acetona, alcohol.<\/li>\n<li>Tener cuidado con el uso de objetos corto-punzantes, pueden da\u00f1ar la superficie del mueble .<\/li>\n<li>Garant\u00eda de 1 a\u00f1o en la estructura de madera.<\/li>\n<\/ul>\n","protected":false},"featured_media":3486,"comment_status":"open","ping_status":"closed","template":"","meta":[],"product_cat":[59,64],"product_tag":[],"class_list":{"0":"post-4463","1":"product","2":"type-product","3":"status-publish","4":"has-post-thumbnail","6":"product_cat-muebles-hogar","7":"product_cat-sillas-y-sofas","9":"first","10":"instock","11":"shipping-taxable","12":"purchasable","13":"product-type-variable","14":"has-default-attributes"},"yoast_head":"<!-- This site is optimized with the Yoast SEO plugin v22.9 - https:\/\/yoast.com\/wordpress\/plugins\/seo\/ -->\n<title>Silla poltrona Escandi elaborada en madera de pino<\/title>\n<meta name=\"description\" content=\"Dise\u00f1ada con l\u00edneas limpias y elegantes, esta silla est\u00e1 elaborada en madera de pino de alta calidad, lo que garantiza su durabilidad y resistencia.\" \/>\n<meta name=\"robots\" content=\"noindex, follow, max-snippet:-1, max-image-preview:large, max-video-preview:-1\" \/>\n<meta property=\"og:locale\" content=\"es_ES\" \/>\n<meta property=\"og:type\" content=\"article\" \/>\n<meta property=\"og:title\" content=\"Silla poltrona Escandi elaborada en madera de pino\" \/>\n<meta property=\"og:description\" content=\"Dise\u00f1ada con l\u00edneas limpias y elegantes, esta silla est\u00e1 elaborada en madera de pino de alta calidad, lo que garantiza su durabilidad y resistencia.\" \/>\n<meta property=\"og:url\" content=\"https:\/\/dev.gomnetwork.com\/colchones-new-confort\/producto\/silla-poltrona-escandi-elaborada-madera-pino\/\" \/>\n<meta property=\"og:site_name\" content=\"Colchones y Muebles New Confort\" \/>\n<meta property=\"article:modified_time\" content=\"2024-06-12T18:35:19+00:00\" \/>\n<meta property=\"og:image\" content=\"https:\/\/dev.gomnetwork.com\/colchones-new-confort\/wp-content\/uploads\/2024\/06\/silla-poltrona-escandi-marfil-lateral.webp\" \/>\n\t<meta property=\"og:image:width\" content=\"800\" \/>\n\t<meta property=\"og:image:height\" content=\"800\" \/>\n\t<meta property=\"og:image:type\" content=\"image\/webp\" \/>\n<meta name=\"twitter:card\" content=\"summary_large_image\" \/>\n<meta name=\"twitter:title\" content=\"Silla poltrona Escandi elaborada en madera de pino\" \/>\n<meta name=\"twitter:description\" content=\"Dise\u00f1ada con l\u00edneas limpias y elegantes, esta silla est\u00e1 elaborada en madera de pino de alta calidad, lo que garantiza su durabilidad y resistencia.\" \/>\n<meta name=\"twitter:image\" content=\"https:\/\/dev.gomnetwork.com\/colchones-new-confort\/wp-content\/uploads\/2024\/06\/silla-poltrona-escandi-marfil-lateral.webp\" \/>\n<meta name=\"twitter:label1\" content=\"Tiempo de lectura\" \/>\n\t<meta name=\"twitter:data1\" content=\"2 minutos\" \/>\n<script type=\"application\/ld+json\" class=\"yoast-schema-graph\">{\"@context\":\"https:\/\/schema.org\",\"@graph\":[{\"@type\":\"WebPage\",\"@id\":\"https:\/\/dev.gomnetwork.com\/colchones-new-confort\/producto\/silla-poltrona-escandi-elaborada-madera-pino\/\",\"url\":\"https:\/\/dev.gomnetwork.com\/colchones-new-confort\/producto\/silla-poltrona-escandi-elaborada-madera-pino\/\",\"name\":\"Silla poltrona Escandi elaborada en madera de pino\",\"isPartOf\":{\"@id\":\"https:\/\/dev.gomnetwork.com\/colchones-new-confort\/#website\"},\"primaryImageOfPage\":{\"@id\":\"https:\/\/dev.gomnetwork.com\/colchones-new-confort\/producto\/silla-poltrona-escandi-elaborada-madera-pino\/#primaryimage\"},\"image\":{\"@id\":\"https:\/\/dev.gomnetwork.com\/colchones-new-confort\/producto\/silla-poltrona-escandi-elaborada-madera-pino\/#primaryimage\"},\"thumbnailUrl\":\"https:\/\/dev.gomnetwork.com\/colchones-new-confort\/wp-content\/uploads\/2024\/06\/silla-poltrona-escandi-marfil-lateral.webp\",\"datePublished\":\"2024-06-12T03:09:40+00:00\",\"dateModified\":\"2024-06-12T18:35:19+00:00\",\"description\":\"Dise\u00f1ada con l\u00edneas limpias y elegantes, esta silla est\u00e1 elaborada en madera de pino de alta calidad, lo que garantiza su durabilidad y resistencia.\",\"breadcrumb\":{\"@id\":\"https:\/\/dev.gomnetwork.com\/colchones-new-confort\/producto\/silla-poltrona-escandi-elaborada-madera-pino\/#breadcrumb\"},\"inLanguage\":\"es-CO\",\"potentialAction\":[{\"@type\":\"ReadAction\",\"target\":[\"https:\/\/dev.gomnetwork.com\/colchones-new-confort\/producto\/silla-poltrona-escandi-elaborada-madera-pino\/\"]}]},{\"@type\":\"ImageObject\",\"inLanguage\":\"es-CO\",\"@id\":\"https:\/\/dev.gomnetwork.com\/colchones-new-confort\/producto\/silla-poltrona-escandi-elaborada-madera-pino\/#primaryimage\",\"url\":\"https:\/\/dev.gomnetwork.com\/colchones-new-confort\/wp-content\/uploads\/2024\/06\/silla-poltrona-escandi-marfil-lateral.webp\",\"contentUrl\":\"https:\/\/dev.gomnetwork.com\/colchones-new-confort\/wp-content\/uploads\/2024\/06\/silla-poltrona-escandi-marfil-lateral.webp\",\"width\":800,\"height\":800,\"caption\":\"silla-poltrona-escandi-marfil-lateral\"},{\"@type\":\"BreadcrumbList\",\"@id\":\"https:\/\/dev.gomnetwork.com\/colchones-new-confort\/producto\/silla-poltrona-escandi-elaborada-madera-pino\/#breadcrumb\",\"itemListElement\":[{\"@type\":\"ListItem\",\"position\":1,\"name\":\"Inicio\",\"item\":\"https:\/\/dev.gomnetwork.com\/colchones-new-confort\/\"},{\"@type\":\"ListItem\",\"position\":2,\"name\":\"Tienda\",\"item\":\"https:\/\/dev.gomnetwork.com\/colchones-new-confort\/tienda\/\"},{\"@type\":\"ListItem\",\"position\":3,\"name\":\"Silla poltrona Escandi elaborada en madera de pino\"}]},{\"@type\":\"WebSite\",\"@id\":\"https:\/\/dev.gomnetwork.com\/colchones-new-confort\/#website\",\"url\":\"https:\/\/dev.gomnetwork.com\/colchones-new-confort\/\",\"name\":\"Colchones y Muebles New Confort\",\"description\":\"\",\"potentialAction\":[{\"@type\":\"SearchAction\",\"target\":{\"@type\":\"EntryPoint\",\"urlTemplate\":\"https:\/\/dev.gomnetwork.com\/colchones-new-confort\/?s={search_term_string}\"},\"query-input\":\"required name=search_term_string\"}],\"inLanguage\":\"es-CO\"}]}<\/script>\n<!-- \/ Yoast SEO plugin. -->","yoast_head_json":{"title":"Silla poltrona Escandi elaborada en madera de pino","description":"Dise\u00f1ada con l\u00edneas limpias y elegantes, esta silla est\u00e1 elaborada en madera de pino de alta calidad, lo que garantiza su durabilidad y resistencia.","robots":{"index":"noindex","follow":"follow","max-snippet":"max-snippet:-1","max-image-preview":"max-image-preview:large","max-video-preview":"max-video-preview:-1"},"og_locale":"es_ES","og_type":"article","og_title":"Silla poltrona Escandi elaborada en madera de pino","og_description":"Dise\u00f1ada con l\u00edneas limpias y elegantes, esta silla est\u00e1 elaborada en madera de pino de alta calidad, lo que garantiza su durabilidad y resistencia.","og_url":"https:\/\/dev.gomnetwork.com\/colchones-new-confort\/producto\/silla-poltrona-escandi-elaborada-madera-pino\/","og_site_name":"Colchones y Muebles New Confort","article_modified_time":"2024-06-12T18:35:19+00:00","og_image":[{"width":800,"height":800,"url":"https:\/\/dev.gomnetwork.com\/colchones-new-confort\/wp-content\/uploads\/2024\/06\/silla-poltrona-escandi-marfil-lateral.webp","type":"image\/webp"}],"twitter_card":"summary_large_image","twitter_title":"Silla poltrona Escandi elaborada en madera de pino","twitter_description":"Dise\u00f1ada con l\u00edneas limpias y elegantes, esta silla est\u00e1 elaborada en madera de pino de alta calidad, lo que garantiza su durabilidad y resistencia.","twitter_image":"https:\/\/dev.gomnetwork.com\/colchones-new-confort\/wp-content\/uploads\/2024\/06\/silla-poltrona-escandi-marfil-lateral.webp","twitter_misc":{"Tiempo de lectura":"2 minutos"},"schema":{"@context":"https:\/\/schema.org","@graph":[{"@type":"WebPage","@id":"https:\/\/dev.gomnetwork.com\/colchones-new-confort\/producto\/silla-poltrona-escandi-elaborada-madera-pino\/","url":"https:\/\/dev.gomnetwork.com\/colchones-new-confort\/producto\/silla-poltrona-escandi-elaborada-madera-pino\/","name":"Silla poltrona Escandi elaborada en madera de pino","isPartOf":{"@id":"https:\/\/dev.gomnetwork.com\/colchones-new-confort\/#website"},"primaryImageOfPage":{"@id":"https:\/\/dev.gomnetwork.com\/colchones-new-confort\/producto\/silla-poltrona-escandi-elaborada-madera-pino\/#primaryimage"},"image":{"@id":"https:\/\/dev.gomnetwork.com\/colchones-new-confort\/producto\/silla-poltrona-escandi-elaborada-madera-pino\/#primaryimage"},"thumbnailUrl":"https:\/\/dev.gomnetwork.com\/colchones-new-confort\/wp-content\/uploads\/2024\/06\/silla-poltrona-escandi-marfil-lateral.webp","datePublished":"2024-06-12T03:09:40+00:00","dateModified":"2024-06-12T18:35:19+00:00","description":"Dise\u00f1ada con l\u00edneas limpias y elegantes, esta silla est\u00e1 elaborada en madera de pino de alta calidad, lo que garantiza su durabilidad y resistencia.","breadcrumb":{"@id":"https:\/\/dev.gomnetwork.com\/colchones-new-confort\/producto\/silla-poltrona-escandi-elaborada-madera-pino\/#breadcrumb"},"inLanguage":"es-CO","potentialAction":[{"@type":"ReadAction","target":["https:\/\/dev.gomnetwork.com\/colchones-new-confort\/producto\/silla-poltrona-escandi-elaborada-madera-pino\/"]}]},{"@type":"ImageObject","inLanguage":"es-CO","@id":"https:\/\/dev.gomnetwork.com\/colchones-new-confort\/producto\/silla-poltrona-escandi-elaborada-madera-pino\/#primaryimage","url":"https:\/\/dev.gomnetwork.com\/colchones-new-confort\/wp-content\/uploads\/2024\/06\/silla-poltrona-escandi-marfil-lateral.webp","contentUrl":"https:\/\/dev.gomnetwork.com\/colchones-new-confort\/wp-content\/uploads\/2024\/06\/silla-poltrona-escandi-marfil-lateral.webp","width":800,"height":800,"caption":"silla-poltrona-escandi-marfil-lateral"},{"@type":"BreadcrumbList","@id":"https:\/\/dev.gomnetwork.com\/colchones-new-confort\/producto\/silla-poltrona-escandi-elaborada-madera-pino\/#breadcrumb","itemListElement":[{"@type":"ListItem","position":1,"name":"Inicio","item":"https:\/\/dev.gomnetwork.com\/colchones-new-confort\/"},{"@type":"ListItem","position":2,"name":"Tienda","item":"https:\/\/dev.gomnetwork.com\/colchones-new-confort\/tienda\/"},{"@type":"ListItem","position":3,"name":"Silla poltrona Escandi elaborada en madera de pino"}]},{"@type":"WebSite","@id":"https:\/\/dev.gomnetwork.com\/colchones-new-confort\/#website","url":"https:\/\/dev.gomnetwork.com\/colchones-new-confort\/","name":"Colchones y Muebles New Confort","description":"","potentialAction":[{"@type":"SearchAction","target":{"@type":"EntryPoint","urlTemplate":"https:\/\/dev.gomnetwork.com\/colchones-new-confort\/?s={search_term_string}"},"query-input":"required name=search_term_string"}],"inLanguage":"es-CO"}]}},"_links":{"self":[{"href":"https:\/\/dev.gomnetwork.com\/colchones-new-confort\/wp-json\/wp\/v2\/product\/4463","targetHints":{"allow":["GET"]}}],"collection":[{"href":"https:\/\/dev.gomnetwork.com\/colchones-new-confort\/wp-json\/wp\/v2\/product"}],"about":[{"href":"https:\/\/dev.gomnetwork.com\/colchones-new-confort\/wp-json\/wp\/v2\/types\/product"}],"replies":[{"embeddable":true,"href":"https:\/\/dev.gomnetwork.com\/colchones-new-confort\/wp-json\/wp\/v2\/comments?post=4463"}],"wp:featuredmedia":[{"embeddable":true,"href":"https:\/\/dev.gomnetwork.com\/colchones-new-confort\/wp-json\/wp\/v2\/media\/3486"}],"wp:attachment":[{"href":"https:\/\/dev.gomnetwork.com\/colchones-new-confort\/wp-json\/wp\/v2\/media?parent=4463"}],"wp:term":[{"taxonomy":"product_cat","embeddable":true,"href":"https:\/\/dev.gomnetwork.com\/colchones-new-confort\/wp-json\/wp\/v2\/product_cat?post=4463"},{"taxonomy":"product_tag","embeddable":true,"href":"https:\/\/dev.gomnetwork.com\/colchones-new-confort\/wp-json\/wp\/v2\/product_tag?post=4463"}],"curies":[{"name":"wp","href":"https:\/\/api.w.org\/{rel}","templated":true}]}}