{"id":4461,"date":"2024-06-11T22:09:40","date_gmt":"2024-06-12T03:09:40","guid":{"rendered":"https:\/\/dev.gomnetwork.com\/colchones-new-confort\/?post_type=product&#038;p=4461"},"modified":"2024-06-12T14:47:39","modified_gmt":"2024-06-12T19:47:39","slug":"pie-cama-baul-nova-elaborado-madera-mdf","status":"publish","type":"product","link":"https:\/\/dev.gomnetwork.com\/colchones-new-confort\/producto\/pie-cama-baul-nova-elaborado-madera-mdf\/","title":{"rendered":"Pie de cama ba\u00fal Nova elaborado en madera de MDF"},"content":{"rendered":"<p>Esta elaborado en madera MDF, completamente seca e inmunizada, el pie de cama Ba\u00fal Nova es una pieza que combina un dise\u00f1o m\u00e1s cl\u00e1sico con materiales de actualidad, creando una pieza elegante y atractiva, se compone de un ba\u00fal con capacidad de almacenaje que se servir\u00e1 para la organizaci\u00f3n de tu dormitorio y tiene un soporte de 4 patas tipo moneda metalica. Parte superior con dise\u00f1o en cuadros capitoneados con botones, acolchado con espuma penta gris de alta densidad de 8cm de grosor para su comodidad, adem\u00e1s externamente puedes elegir su tapizado en eco cuero sint\u00e9tico, pa\u00f1o o lona de alta resistencia.<\/p>\n<p><strong>Todos nuestros productos son elaborados desde cero, por ese motivo garantizamos que nuestros dise\u00f1os sean fabricados bajo los mejores est\u00e1ndares de calidad y detalle.<\/strong><\/p>\n<p>En resumen, este mueble tiene un dise\u00f1o muy pr\u00e1ctico que te permitir\u00e1 acceder a tus cosas f\u00e1cilmente. Adem\u00e1s, su tapa abatible te permitir\u00e1 guardar objetos grandes y voluminosos, el pie de cama es muy resistente y duradero, por lo que te aseguramos que te acompa\u00f1ar\u00e1 por mucho tiempo. Si est\u00e1s buscando un mueble vers\u00e1til y funcional para tu dormitorio, el pie de cama ba\u00fal Nova es la opci\u00f3n ideal. Con su dise\u00f1o moderno y sofisticado, podr\u00e1s darle un toque de elegancia a tu habitaci\u00f3n mientras aprovechas su gran capacidad de almacenamiento.<\/p>\n","protected":false},"excerpt":{"rendered":"<ul>\n<li>El mueble debe ser utilizado en interiores, evitar los rayos de sol directos y constantes en el mueble.<\/li>\n<li>Se recomienda limpiar con champ\u00fa o jab\u00f3n l\u00edquido, no limpie con solventes como Varsol, thiner, acetona, alcohol.<\/li>\n<li>Tener cuidado con el uso de objetos corto-punzantes, pueden da\u00f1ar la superficie del mueble .<\/li>\n<li>Garant\u00eda de 1 a\u00f1o en la estructura de madera. Sistema de apertura con herrajes para su mayor facilidad.<\/li>\n<\/ul>\n","protected":false},"featured_media":3454,"comment_status":"open","ping_status":"closed","template":"","meta":[],"product_cat":[62,63],"product_tag":[],"class_list":{"0":"post-4461","1":"product","2":"type-product","3":"status-publish","4":"has-post-thumbnail","6":"product_cat-cabeceros-para-cama","7":"product_cat-pie-de-cama","9":"first","10":"instock","11":"shipping-taxable","12":"purchasable","13":"product-type-variable","14":"has-default-attributes"},"yoast_head":"<!-- This site is optimized with the Yoast SEO plugin v22.9 - https:\/\/yoast.com\/wordpress\/plugins\/seo\/ -->\n<title>Pie de cama ba\u00fal Nova elaborado en madera de MDF<\/title>\n<meta name=\"description\" content=\"Este mueble, elaborado en madera MDF de alta calidad, combina a la perfecci\u00f3n la funcionalidad de un ba\u00fal con el dise\u00f1o moderno de un pie de cama.\" \/>\n<meta name=\"robots\" content=\"noindex, follow, max-snippet:-1, max-image-preview:large, max-video-preview:-1\" \/>\n<meta property=\"og:locale\" content=\"es_ES\" \/>\n<meta property=\"og:type\" content=\"article\" \/>\n<meta property=\"og:title\" content=\"Pie de cama ba\u00fal Nova elaborado en madera de MDF\" \/>\n<meta property=\"og:description\" content=\"Este mueble, elaborado en madera MDF de alta calidad, combina a la perfecci\u00f3n la funcionalidad de un ba\u00fal con el dise\u00f1o moderno de un pie de cama.\" \/>\n<meta property=\"og:url\" content=\"https:\/\/dev.gomnetwork.com\/colchones-new-confort\/producto\/pie-cama-baul-nova-elaborado-madera-mdf\/\" \/>\n<meta property=\"og:site_name\" content=\"Colchones y Muebles New Confort\" \/>\n<meta property=\"article:modified_time\" content=\"2024-06-12T19:47:39+00:00\" \/>\n<meta property=\"og:image\" content=\"https:\/\/dev.gomnetwork.com\/colchones-new-confort\/wp-content\/uploads\/2024\/06\/pie-cama-baul-nova-rojo-lateral.webp\" \/>\n\t<meta property=\"og:image:width\" content=\"800\" \/>\n\t<meta property=\"og:image:height\" content=\"800\" \/>\n\t<meta property=\"og:image:type\" content=\"image\/webp\" \/>\n<meta name=\"twitter:card\" content=\"summary_large_image\" \/>\n<meta name=\"twitter:title\" content=\"Pie de cama ba\u00fal Nova elaborado en madera de MDF\" \/>\n<meta name=\"twitter:description\" content=\"Este mueble, elaborado en madera MDF de alta calidad, combina a la perfecci\u00f3n la funcionalidad de un ba\u00fal con el dise\u00f1o moderno de un pie de cama.\" \/>\n<meta name=\"twitter:image\" content=\"https:\/\/dev.gomnetwork.com\/colchones-new-confort\/wp-content\/uploads\/2024\/06\/pie-cama-baul-nova-rojo-lateral.webp\" \/>\n<meta name=\"twitter:label1\" content=\"Tiempo de lectura\" \/>\n\t<meta name=\"twitter:data1\" content=\"1 minuto\" \/>\n<script type=\"application\/ld+json\" class=\"yoast-schema-graph\">{\"@context\":\"https:\/\/schema.org\",\"@graph\":[{\"@type\":\"WebPage\",\"@id\":\"https:\/\/dev.gomnetwork.com\/colchones-new-confort\/producto\/pie-cama-baul-nova-elaborado-madera-mdf\/\",\"url\":\"https:\/\/dev.gomnetwork.com\/colchones-new-confort\/producto\/pie-cama-baul-nova-elaborado-madera-mdf\/\",\"name\":\"Pie de cama ba\u00fal Nova elaborado en madera de MDF\",\"isPartOf\":{\"@id\":\"https:\/\/dev.gomnetwork.com\/colchones-new-confort\/#website\"},\"primaryImageOfPage\":{\"@id\":\"https:\/\/dev.gomnetwork.com\/colchones-new-confort\/producto\/pie-cama-baul-nova-elaborado-madera-mdf\/#primaryimage\"},\"image\":{\"@id\":\"https:\/\/dev.gomnetwork.com\/colchones-new-confort\/producto\/pie-cama-baul-nova-elaborado-madera-mdf\/#primaryimage\"},\"thumbnailUrl\":\"https:\/\/dev.gomnetwork.com\/colchones-new-confort\/wp-content\/uploads\/2024\/06\/pie-cama-baul-nova-rojo-lateral.webp\",\"datePublished\":\"2024-06-12T03:09:40+00:00\",\"dateModified\":\"2024-06-12T19:47:39+00:00\",\"description\":\"Este mueble, elaborado en madera MDF de alta calidad, combina a la perfecci\u00f3n la funcionalidad de un ba\u00fal con el dise\u00f1o moderno de un pie de cama.\",\"breadcrumb\":{\"@id\":\"https:\/\/dev.gomnetwork.com\/colchones-new-confort\/producto\/pie-cama-baul-nova-elaborado-madera-mdf\/#breadcrumb\"},\"inLanguage\":\"es-CO\",\"potentialAction\":[{\"@type\":\"ReadAction\",\"target\":[\"https:\/\/dev.gomnetwork.com\/colchones-new-confort\/producto\/pie-cama-baul-nova-elaborado-madera-mdf\/\"]}]},{\"@type\":\"ImageObject\",\"inLanguage\":\"es-CO\",\"@id\":\"https:\/\/dev.gomnetwork.com\/colchones-new-confort\/producto\/pie-cama-baul-nova-elaborado-madera-mdf\/#primaryimage\",\"url\":\"https:\/\/dev.gomnetwork.com\/colchones-new-confort\/wp-content\/uploads\/2024\/06\/pie-cama-baul-nova-rojo-lateral.webp\",\"contentUrl\":\"https:\/\/dev.gomnetwork.com\/colchones-new-confort\/wp-content\/uploads\/2024\/06\/pie-cama-baul-nova-rojo-lateral.webp\",\"width\":800,\"height\":800,\"caption\":\"pie-cama-baul-nova-rojo-lateral\"},{\"@type\":\"BreadcrumbList\",\"@id\":\"https:\/\/dev.gomnetwork.com\/colchones-new-confort\/producto\/pie-cama-baul-nova-elaborado-madera-mdf\/#breadcrumb\",\"itemListElement\":[{\"@type\":\"ListItem\",\"position\":1,\"name\":\"Inicio\",\"item\":\"https:\/\/dev.gomnetwork.com\/colchones-new-confort\/\"},{\"@type\":\"ListItem\",\"position\":2,\"name\":\"Tienda\",\"item\":\"https:\/\/dev.gomnetwork.com\/colchones-new-confort\/tienda\/\"},{\"@type\":\"ListItem\",\"position\":3,\"name\":\"Pie de cama ba\u00fal Nova elaborado en madera de MDF\"}]},{\"@type\":\"WebSite\",\"@id\":\"https:\/\/dev.gomnetwork.com\/colchones-new-confort\/#website\",\"url\":\"https:\/\/dev.gomnetwork.com\/colchones-new-confort\/\",\"name\":\"Colchones y Muebles New Confort\",\"description\":\"\",\"potentialAction\":[{\"@type\":\"SearchAction\",\"target\":{\"@type\":\"EntryPoint\",\"urlTemplate\":\"https:\/\/dev.gomnetwork.com\/colchones-new-confort\/?s={search_term_string}\"},\"query-input\":\"required name=search_term_string\"}],\"inLanguage\":\"es-CO\"}]}<\/script>\n<!-- \/ Yoast SEO plugin. -->","yoast_head_json":{"title":"Pie de cama ba\u00fal Nova elaborado en madera de MDF","description":"Este mueble, elaborado en madera MDF de alta calidad, combina a la perfecci\u00f3n la funcionalidad de un ba\u00fal con el dise\u00f1o moderno de un pie de cama.","robots":{"index":"noindex","follow":"follow","max-snippet":"max-snippet:-1","max-image-preview":"max-image-preview:large","max-video-preview":"max-video-preview:-1"},"og_locale":"es_ES","og_type":"article","og_title":"Pie de cama ba\u00fal Nova elaborado en madera de MDF","og_description":"Este mueble, elaborado en madera MDF de alta calidad, combina a la perfecci\u00f3n la funcionalidad de un ba\u00fal con el dise\u00f1o moderno de un pie de cama.","og_url":"https:\/\/dev.gomnetwork.com\/colchones-new-confort\/producto\/pie-cama-baul-nova-elaborado-madera-mdf\/","og_site_name":"Colchones y Muebles New Confort","article_modified_time":"2024-06-12T19:47:39+00:00","og_image":[{"width":800,"height":800,"url":"https:\/\/dev.gomnetwork.com\/colchones-new-confort\/wp-content\/uploads\/2024\/06\/pie-cama-baul-nova-rojo-lateral.webp","type":"image\/webp"}],"twitter_card":"summary_large_image","twitter_title":"Pie de cama ba\u00fal Nova elaborado en madera de MDF","twitter_description":"Este mueble, elaborado en madera MDF de alta calidad, combina a la perfecci\u00f3n la funcionalidad de un ba\u00fal con el dise\u00f1o moderno de un pie de cama.","twitter_image":"https:\/\/dev.gomnetwork.com\/colchones-new-confort\/wp-content\/uploads\/2024\/06\/pie-cama-baul-nova-rojo-lateral.webp","twitter_misc":{"Tiempo de lectura":"1 minuto"},"schema":{"@context":"https:\/\/schema.org","@graph":[{"@type":"WebPage","@id":"https:\/\/dev.gomnetwork.com\/colchones-new-confort\/producto\/pie-cama-baul-nova-elaborado-madera-mdf\/","url":"https:\/\/dev.gomnetwork.com\/colchones-new-confort\/producto\/pie-cama-baul-nova-elaborado-madera-mdf\/","name":"Pie de cama ba\u00fal Nova elaborado en madera de MDF","isPartOf":{"@id":"https:\/\/dev.gomnetwork.com\/colchones-new-confort\/#website"},"primaryImageOfPage":{"@id":"https:\/\/dev.gomnetwork.com\/colchones-new-confort\/producto\/pie-cama-baul-nova-elaborado-madera-mdf\/#primaryimage"},"image":{"@id":"https:\/\/dev.gomnetwork.com\/colchones-new-confort\/producto\/pie-cama-baul-nova-elaborado-madera-mdf\/#primaryimage"},"thumbnailUrl":"https:\/\/dev.gomnetwork.com\/colchones-new-confort\/wp-content\/uploads\/2024\/06\/pie-cama-baul-nova-rojo-lateral.webp","datePublished":"2024-06-12T03:09:40+00:00","dateModified":"2024-06-12T19:47:39+00:00","description":"Este mueble, elaborado en madera MDF de alta calidad, combina a la perfecci\u00f3n la funcionalidad de un ba\u00fal con el dise\u00f1o moderno de un pie de cama.","breadcrumb":{"@id":"https:\/\/dev.gomnetwork.com\/colchones-new-confort\/producto\/pie-cama-baul-nova-elaborado-madera-mdf\/#breadcrumb"},"inLanguage":"es-CO","potentialAction":[{"@type":"ReadAction","target":["https:\/\/dev.gomnetwork.com\/colchones-new-confort\/producto\/pie-cama-baul-nova-elaborado-madera-mdf\/"]}]},{"@type":"ImageObject","inLanguage":"es-CO","@id":"https:\/\/dev.gomnetwork.com\/colchones-new-confort\/producto\/pie-cama-baul-nova-elaborado-madera-mdf\/#primaryimage","url":"https:\/\/dev.gomnetwork.com\/colchones-new-confort\/wp-content\/uploads\/2024\/06\/pie-cama-baul-nova-rojo-lateral.webp","contentUrl":"https:\/\/dev.gomnetwork.com\/colchones-new-confort\/wp-content\/uploads\/2024\/06\/pie-cama-baul-nova-rojo-lateral.webp","width":800,"height":800,"caption":"pie-cama-baul-nova-rojo-lateral"},{"@type":"BreadcrumbList","@id":"https:\/\/dev.gomnetwork.com\/colchones-new-confort\/producto\/pie-cama-baul-nova-elaborado-madera-mdf\/#breadcrumb","itemListElement":[{"@type":"ListItem","position":1,"name":"Inicio","item":"https:\/\/dev.gomnetwork.com\/colchones-new-confort\/"},{"@type":"ListItem","position":2,"name":"Tienda","item":"https:\/\/dev.gomnetwork.com\/colchones-new-confort\/tienda\/"},{"@type":"ListItem","position":3,"name":"Pie de cama ba\u00fal Nova elaborado en madera de MDF"}]},{"@type":"WebSite","@id":"https:\/\/dev.gomnetwork.com\/colchones-new-confort\/#website","url":"https:\/\/dev.gomnetwork.com\/colchones-new-confort\/","name":"Colchones y Muebles New Confort","description":"","potentialAction":[{"@type":"SearchAction","target":{"@type":"EntryPoint","urlTemplate":"https:\/\/dev.gomnetwork.com\/colchones-new-confort\/?s={search_term_string}"},"query-input":"required name=search_term_string"}],"inLanguage":"es-CO"}]}},"_links":{"self":[{"href":"https:\/\/dev.gomnetwork.com\/colchones-new-confort\/wp-json\/wp\/v2\/product\/4461","targetHints":{"allow":["GET"]}}],"collection":[{"href":"https:\/\/dev.gomnetwork.com\/colchones-new-confort\/wp-json\/wp\/v2\/product"}],"about":[{"href":"https:\/\/dev.gomnetwork.com\/colchones-new-confort\/wp-json\/wp\/v2\/types\/product"}],"replies":[{"embeddable":true,"href":"https:\/\/dev.gomnetwork.com\/colchones-new-confort\/wp-json\/wp\/v2\/comments?post=4461"}],"wp:featuredmedia":[{"embeddable":true,"href":"https:\/\/dev.gomnetwork.com\/colchones-new-confort\/wp-json\/wp\/v2\/media\/3454"}],"wp:attachment":[{"href":"https:\/\/dev.gomnetwork.com\/colchones-new-confort\/wp-json\/wp\/v2\/media?parent=4461"}],"wp:term":[{"taxonomy":"product_cat","embeddable":true,"href":"https:\/\/dev.gomnetwork.com\/colchones-new-confort\/wp-json\/wp\/v2\/product_cat?post=4461"},{"taxonomy":"product_tag","embeddable":true,"href":"https:\/\/dev.gomnetwork.com\/colchones-new-confort\/wp-json\/wp\/v2\/product_tag?post=4461"}],"curies":[{"name":"wp","href":"https:\/\/api.w.org\/{rel}","templated":true}]}}