{"id":4456,"date":"2024-06-11T22:09:40","date_gmt":"2024-06-12T03:09:40","guid":{"rendered":"https:\/\/dev.gomnetwork.com\/colchones-new-confort\/?post_type=product&#038;p=4456"},"modified":"2024-06-12T14:44:24","modified_gmt":"2024-06-12T19:44:24","slug":"cabecero-entero-pegassi-elaborado-madera-pino","status":"publish","type":"product","link":"https:\/\/dev.gomnetwork.com\/colchones-new-confort\/producto\/cabecero-entero-pegassi-elaborado-madera-pino\/","title":{"rendered":"Cabecero entero Pegassi elaborado en madera de pino"},"content":{"rendered":"<p>Esta elaborado en madera de pino, completamente seca e inmunizada, el cabecero entero Pegassi es recomendado para espacios amplios y para personas que cambian continuamente de posici\u00f3n la cama, su dise\u00f1o no requiere instalaci\u00f3n \u00fanicamente es necesario hacer presi\u00f3n con el colch\u00f3n y la base contra el cabecero para que repose sobre la pared adem\u00e1s, externamente puedes elegir su tapizado en eco cuero sint\u00e9tico, pa\u00f1o o lona de alta resistencia. Su dise\u00f1o en cuadros de 20x20cm capitoneado con botones le da un acabado \u00fanico y moderno, internamente esta acolchado con espuma de 3cm de alta densidad y guata, posee patas pl\u00e1sticas de 3cm que no raya el piso y su altura es de 123cm (Incluyendo las patas), m\u00e1s alto que los convencionales.<\/p>\n<p><strong>Todos nuestros productos son elaborados desde cero, por ese motivo garantizamos que nuestros dise\u00f1os sean fabricados el bajo los mejores est\u00e1ndares de calidad y detalle.<\/strong><\/p>\n<p>En resumen, el cabecero entero Pegassi es una excelente opci\u00f3n para aquellos que buscan un estilo moderno y elegante en su dormitorio. Es f\u00e1cil de montar, c\u00f3modo, resistente y vers\u00e1til en t\u00e9rminos de decoraci\u00f3n. Si est\u00e1s buscando un cabecero de cama de alta calidad, el Pegassi es una excelente opci\u00f3n que no te decepcionar\u00e1.<\/p>\n","protected":false},"excerpt":{"rendered":"<ul>\n<li>El mueble debe ser utilizado en interiores, evitar los rayos de sol directos y constantes en el mueble.<\/li>\n<li>Se recomienda limpiar con champ\u00fa o jab\u00f3n l\u00edquido, no limpie con solventes como Varsol, thiner, acetona, alcohol.<\/li>\n<li>Tener cuidado con el uso de objetos corto-punzantes, pueden da\u00f1ar la superficie del mueble .<\/li>\n<li>Garant\u00eda de 1 a\u00f1o en la estructura de madera por defectos de fabricaci\u00f3n.<\/li>\n<\/ul>\n","protected":false},"featured_media":3398,"comment_status":"open","ping_status":"closed","template":"","meta":[],"product_cat":[62,60,59],"product_tag":[],"class_list":{"0":"post-4456","1":"product","2":"type-product","3":"status-publish","4":"has-post-thumbnail","6":"product_cat-cabeceros-para-cama","7":"product_cat-camas-colchones-y-accesorios","8":"product_cat-muebles-hogar","10":"first","11":"instock","12":"shipping-taxable","13":"purchasable","14":"product-type-variable","15":"has-default-attributes"},"yoast_head":"<!-- This site is optimized with the Yoast SEO plugin v22.9 - https:\/\/yoast.com\/wordpress\/plugins\/seo\/ -->\n<title>Cabecero entero Pegassi elaborado en madera de pino<\/title>\n<meta name=\"description\" content=\"Si est\u00e1s buscando una opci\u00f3n elegante y moderna para tu habitaci\u00f3n, el cabecero entero Pegassi es la elecci\u00f3n perfecta para ti\" \/>\n<meta name=\"robots\" content=\"noindex, follow, max-snippet:-1, max-image-preview:large, max-video-preview:-1\" \/>\n<meta property=\"og:locale\" content=\"es_ES\" \/>\n<meta property=\"og:type\" content=\"article\" \/>\n<meta property=\"og:title\" content=\"Cabecero entero Pegassi elaborado en madera de pino\" \/>\n<meta property=\"og:description\" content=\"Si est\u00e1s buscando una opci\u00f3n elegante y moderna para tu habitaci\u00f3n, el cabecero entero Pegassi es la elecci\u00f3n perfecta para ti\" \/>\n<meta property=\"og:url\" content=\"https:\/\/dev.gomnetwork.com\/colchones-new-confort\/producto\/cabecero-entero-pegassi-elaborado-madera-pino\/\" \/>\n<meta property=\"og:site_name\" content=\"Colchones y Muebles New Confort\" \/>\n<meta property=\"article:modified_time\" content=\"2024-06-12T19:44:24+00:00\" \/>\n<meta property=\"og:image\" content=\"https:\/\/dev.gomnetwork.com\/colchones-new-confort\/wp-content\/uploads\/2024\/06\/cabecero-cama-pegassi-lateral-cafe.webp\" \/>\n\t<meta property=\"og:image:width\" content=\"800\" \/>\n\t<meta property=\"og:image:height\" content=\"800\" \/>\n\t<meta property=\"og:image:type\" content=\"image\/webp\" \/>\n<meta name=\"twitter:card\" content=\"summary_large_image\" \/>\n<meta name=\"twitter:title\" content=\"Cabecero entero Pegassi elaborado en madera de pino\" \/>\n<meta name=\"twitter:description\" content=\"Si est\u00e1s buscando una opci\u00f3n elegante y moderna para tu habitaci\u00f3n, el cabecero entero Pegassi es la elecci\u00f3n perfecta para ti\" \/>\n<meta name=\"twitter:image\" content=\"https:\/\/dev.gomnetwork.com\/colchones-new-confort\/wp-content\/uploads\/2024\/06\/cabecero-cama-pegassi-lateral-cafe.webp\" \/>\n<meta name=\"twitter:label1\" content=\"Tiempo de lectura\" \/>\n\t<meta name=\"twitter:data1\" content=\"2 minutos\" \/>\n<script type=\"application\/ld+json\" class=\"yoast-schema-graph\">{\"@context\":\"https:\/\/schema.org\",\"@graph\":[{\"@type\":\"WebPage\",\"@id\":\"https:\/\/dev.gomnetwork.com\/colchones-new-confort\/producto\/cabecero-entero-pegassi-elaborado-madera-pino\/\",\"url\":\"https:\/\/dev.gomnetwork.com\/colchones-new-confort\/producto\/cabecero-entero-pegassi-elaborado-madera-pino\/\",\"name\":\"Cabecero entero Pegassi elaborado en madera de pino\",\"isPartOf\":{\"@id\":\"https:\/\/dev.gomnetwork.com\/colchones-new-confort\/#website\"},\"primaryImageOfPage\":{\"@id\":\"https:\/\/dev.gomnetwork.com\/colchones-new-confort\/producto\/cabecero-entero-pegassi-elaborado-madera-pino\/#primaryimage\"},\"image\":{\"@id\":\"https:\/\/dev.gomnetwork.com\/colchones-new-confort\/producto\/cabecero-entero-pegassi-elaborado-madera-pino\/#primaryimage\"},\"thumbnailUrl\":\"https:\/\/dev.gomnetwork.com\/colchones-new-confort\/wp-content\/uploads\/2024\/06\/cabecero-cama-pegassi-lateral-negro.webp\",\"datePublished\":\"2024-06-12T03:09:40+00:00\",\"dateModified\":\"2024-06-12T19:44:24+00:00\",\"description\":\"Si est\u00e1s buscando una opci\u00f3n elegante y moderna para tu habitaci\u00f3n, el cabecero entero Pegassi es la elecci\u00f3n perfecta para ti\",\"breadcrumb\":{\"@id\":\"https:\/\/dev.gomnetwork.com\/colchones-new-confort\/producto\/cabecero-entero-pegassi-elaborado-madera-pino\/#breadcrumb\"},\"inLanguage\":\"es-CO\",\"potentialAction\":[{\"@type\":\"ReadAction\",\"target\":[\"https:\/\/dev.gomnetwork.com\/colchones-new-confort\/producto\/cabecero-entero-pegassi-elaborado-madera-pino\/\"]}]},{\"@type\":\"ImageObject\",\"inLanguage\":\"es-CO\",\"@id\":\"https:\/\/dev.gomnetwork.com\/colchones-new-confort\/producto\/cabecero-entero-pegassi-elaborado-madera-pino\/#primaryimage\",\"url\":\"https:\/\/dev.gomnetwork.com\/colchones-new-confort\/wp-content\/uploads\/2024\/06\/cabecero-cama-pegassi-lateral-negro.webp\",\"contentUrl\":\"https:\/\/dev.gomnetwork.com\/colchones-new-confort\/wp-content\/uploads\/2024\/06\/cabecero-cama-pegassi-lateral-negro.webp\",\"width\":800,\"height\":800,\"caption\":\"cabecero-cama-pegassi-lateral-negro\"},{\"@type\":\"BreadcrumbList\",\"@id\":\"https:\/\/dev.gomnetwork.com\/colchones-new-confort\/producto\/cabecero-entero-pegassi-elaborado-madera-pino\/#breadcrumb\",\"itemListElement\":[{\"@type\":\"ListItem\",\"position\":1,\"name\":\"Inicio\",\"item\":\"https:\/\/dev.gomnetwork.com\/colchones-new-confort\/\"},{\"@type\":\"ListItem\",\"position\":2,\"name\":\"Tienda\",\"item\":\"https:\/\/dev.gomnetwork.com\/colchones-new-confort\/tienda\/\"},{\"@type\":\"ListItem\",\"position\":3,\"name\":\"Cabecero entero Pegassi elaborado en madera de pino\"}]},{\"@type\":\"WebSite\",\"@id\":\"https:\/\/dev.gomnetwork.com\/colchones-new-confort\/#website\",\"url\":\"https:\/\/dev.gomnetwork.com\/colchones-new-confort\/\",\"name\":\"Colchones y Muebles New Confort\",\"description\":\"\",\"potentialAction\":[{\"@type\":\"SearchAction\",\"target\":{\"@type\":\"EntryPoint\",\"urlTemplate\":\"https:\/\/dev.gomnetwork.com\/colchones-new-confort\/?s={search_term_string}\"},\"query-input\":\"required name=search_term_string\"}],\"inLanguage\":\"es-CO\"}]}<\/script>\n<!-- \/ Yoast SEO plugin. -->","yoast_head_json":{"title":"Cabecero entero Pegassi elaborado en madera de pino","description":"Si est\u00e1s buscando una opci\u00f3n elegante y moderna para tu habitaci\u00f3n, el cabecero entero Pegassi es la elecci\u00f3n perfecta para ti","robots":{"index":"noindex","follow":"follow","max-snippet":"max-snippet:-1","max-image-preview":"max-image-preview:large","max-video-preview":"max-video-preview:-1"},"og_locale":"es_ES","og_type":"article","og_title":"Cabecero entero Pegassi elaborado en madera de pino","og_description":"Si est\u00e1s buscando una opci\u00f3n elegante y moderna para tu habitaci\u00f3n, el cabecero entero Pegassi es la elecci\u00f3n perfecta para ti","og_url":"https:\/\/dev.gomnetwork.com\/colchones-new-confort\/producto\/cabecero-entero-pegassi-elaborado-madera-pino\/","og_site_name":"Colchones y Muebles New Confort","article_modified_time":"2024-06-12T19:44:24+00:00","og_image":[{"width":800,"height":800,"url":"https:\/\/dev.gomnetwork.com\/colchones-new-confort\/wp-content\/uploads\/2024\/06\/cabecero-cama-pegassi-lateral-cafe.webp","type":"image\/webp"}],"twitter_card":"summary_large_image","twitter_title":"Cabecero entero Pegassi elaborado en madera de pino","twitter_description":"Si est\u00e1s buscando una opci\u00f3n elegante y moderna para tu habitaci\u00f3n, el cabecero entero Pegassi es la elecci\u00f3n perfecta para ti","twitter_image":"https:\/\/dev.gomnetwork.com\/colchones-new-confort\/wp-content\/uploads\/2024\/06\/cabecero-cama-pegassi-lateral-cafe.webp","twitter_misc":{"Tiempo de lectura":"2 minutos"},"schema":{"@context":"https:\/\/schema.org","@graph":[{"@type":"WebPage","@id":"https:\/\/dev.gomnetwork.com\/colchones-new-confort\/producto\/cabecero-entero-pegassi-elaborado-madera-pino\/","url":"https:\/\/dev.gomnetwork.com\/colchones-new-confort\/producto\/cabecero-entero-pegassi-elaborado-madera-pino\/","name":"Cabecero entero Pegassi elaborado en madera de pino","isPartOf":{"@id":"https:\/\/dev.gomnetwork.com\/colchones-new-confort\/#website"},"primaryImageOfPage":{"@id":"https:\/\/dev.gomnetwork.com\/colchones-new-confort\/producto\/cabecero-entero-pegassi-elaborado-madera-pino\/#primaryimage"},"image":{"@id":"https:\/\/dev.gomnetwork.com\/colchones-new-confort\/producto\/cabecero-entero-pegassi-elaborado-madera-pino\/#primaryimage"},"thumbnailUrl":"https:\/\/dev.gomnetwork.com\/colchones-new-confort\/wp-content\/uploads\/2024\/06\/cabecero-cama-pegassi-lateral-negro.webp","datePublished":"2024-06-12T03:09:40+00:00","dateModified":"2024-06-12T19:44:24+00:00","description":"Si est\u00e1s buscando una opci\u00f3n elegante y moderna para tu habitaci\u00f3n, el cabecero entero Pegassi es la elecci\u00f3n perfecta para ti","breadcrumb":{"@id":"https:\/\/dev.gomnetwork.com\/colchones-new-confort\/producto\/cabecero-entero-pegassi-elaborado-madera-pino\/#breadcrumb"},"inLanguage":"es-CO","potentialAction":[{"@type":"ReadAction","target":["https:\/\/dev.gomnetwork.com\/colchones-new-confort\/producto\/cabecero-entero-pegassi-elaborado-madera-pino\/"]}]},{"@type":"ImageObject","inLanguage":"es-CO","@id":"https:\/\/dev.gomnetwork.com\/colchones-new-confort\/producto\/cabecero-entero-pegassi-elaborado-madera-pino\/#primaryimage","url":"https:\/\/dev.gomnetwork.com\/colchones-new-confort\/wp-content\/uploads\/2024\/06\/cabecero-cama-pegassi-lateral-negro.webp","contentUrl":"https:\/\/dev.gomnetwork.com\/colchones-new-confort\/wp-content\/uploads\/2024\/06\/cabecero-cama-pegassi-lateral-negro.webp","width":800,"height":800,"caption":"cabecero-cama-pegassi-lateral-negro"},{"@type":"BreadcrumbList","@id":"https:\/\/dev.gomnetwork.com\/colchones-new-confort\/producto\/cabecero-entero-pegassi-elaborado-madera-pino\/#breadcrumb","itemListElement":[{"@type":"ListItem","position":1,"name":"Inicio","item":"https:\/\/dev.gomnetwork.com\/colchones-new-confort\/"},{"@type":"ListItem","position":2,"name":"Tienda","item":"https:\/\/dev.gomnetwork.com\/colchones-new-confort\/tienda\/"},{"@type":"ListItem","position":3,"name":"Cabecero entero Pegassi elaborado en madera de pino"}]},{"@type":"WebSite","@id":"https:\/\/dev.gomnetwork.com\/colchones-new-confort\/#website","url":"https:\/\/dev.gomnetwork.com\/colchones-new-confort\/","name":"Colchones y Muebles New Confort","description":"","potentialAction":[{"@type":"SearchAction","target":{"@type":"EntryPoint","urlTemplate":"https:\/\/dev.gomnetwork.com\/colchones-new-confort\/?s={search_term_string}"},"query-input":"required name=search_term_string"}],"inLanguage":"es-CO"}]}},"_links":{"self":[{"href":"https:\/\/dev.gomnetwork.com\/colchones-new-confort\/wp-json\/wp\/v2\/product\/4456","targetHints":{"allow":["GET"]}}],"collection":[{"href":"https:\/\/dev.gomnetwork.com\/colchones-new-confort\/wp-json\/wp\/v2\/product"}],"about":[{"href":"https:\/\/dev.gomnetwork.com\/colchones-new-confort\/wp-json\/wp\/v2\/types\/product"}],"replies":[{"embeddable":true,"href":"https:\/\/dev.gomnetwork.com\/colchones-new-confort\/wp-json\/wp\/v2\/comments?post=4456"}],"wp:featuredmedia":[{"embeddable":true,"href":"https:\/\/dev.gomnetwork.com\/colchones-new-confort\/wp-json\/wp\/v2\/media\/3398"}],"wp:attachment":[{"href":"https:\/\/dev.gomnetwork.com\/colchones-new-confort\/wp-json\/wp\/v2\/media?parent=4456"}],"wp:term":[{"taxonomy":"product_cat","embeddable":true,"href":"https:\/\/dev.gomnetwork.com\/colchones-new-confort\/wp-json\/wp\/v2\/product_cat?post=4456"},{"taxonomy":"product_tag","embeddable":true,"href":"https:\/\/dev.gomnetwork.com\/colchones-new-confort\/wp-json\/wp\/v2\/product_tag?post=4456"}],"curies":[{"name":"wp","href":"https:\/\/api.w.org\/{rel}","templated":true}]}}