{"id":4453,"date":"2024-06-11T22:09:40","date_gmt":"2024-06-12T03:09:40","guid":{"rendered":"https:\/\/dev.gomnetwork.com\/colchones-new-confort\/?post_type=product&#038;p=4453"},"modified":"2024-06-12T15:06:50","modified_gmt":"2024-06-12T20:06:50","slug":"base-cama-dividida-elaborado-madera-pino","status":"publish","type":"product","link":"https:\/\/dev.gomnetwork.com\/colchones-new-confort\/producto\/base-cama-dividida-elaborado-madera-pino\/","title":{"rendered":"Base cama dividida elaborado en madera de pino"},"content":{"rendered":"<p>Esta elaborada en madera de pino, completamente seca e inmunizada; con superficie tipo somier, esto colabora a la conservaci\u00f3n del colch\u00f3n, dividida en dos partes de igual tama\u00f1o para su f\u00e1cil transporte y ubicaci\u00f3n, externamente puedes elegir su tapizado en eco cuero sint\u00e9tico, pa\u00f1o o lona de alta resistencia. En la parte superior tiene una l\u00e1mina de Polytex que cuando entra en contacto con la tela del colch\u00f3n, evita que este se deslice f\u00e1cilmente, adem\u00e1s posee patas met\u00e1licas cil\u00edndricas con base de antideslizante que no raya el piso, su altura es de 30 cm (Incluyendo las patas), m\u00e1s alta que las convencionales.<\/p>\n<p><strong>Todos nuestros productos son elaborados desde cero, por ese motivo garantizamos que nuestros dise\u00f1os sean fabricados bajo los mejores est\u00e1ndares de calidad y detalle.<\/strong><\/p>\n<p>En resumen, la base cama dividida elaborada en madera de pino es una opci\u00f3n excepcional para quienes buscan una combinaci\u00f3n de durabilidad, funcionalidad y estilo en su mobiliario de dormitorio. Con su construcci\u00f3n robusta, materiales de alta calidad y dise\u00f1o vers\u00e1til, esta base cama proporciona un soporte \u00f3ptimo para el colch\u00f3n, asegurando una superficie de descanso estable y c\u00f3moda.<\/p>\n","protected":false},"excerpt":{"rendered":"<ul>\n<li>El mueble debe ser utilizado en interiores, evitar los rayos de sol directos y constantes en el mueble.<\/li>\n<li>Se recomienda limpiar con champ\u00fa o jab\u00f3n l\u00edquido, no limpie con solventes como Varsol, thiner, acetona, alcohol.<\/li>\n<li>Tener cuidado con el uso de objetos corto-punzantes, pueden da\u00f1ar la superficie del mueble .<\/li>\n<li>Garant\u00eda de 1 a\u00f1o en la estructura de madera por defectos de fabricaci\u00f3n.<\/li>\n<\/ul>\n","protected":false},"featured_media":3372,"comment_status":"open","ping_status":"closed","template":"","meta":[],"product_cat":[62,63,64],"product_tag":[],"class_list":{"0":"post-4453","1":"product","2":"type-product","3":"status-publish","4":"has-post-thumbnail","6":"product_cat-cabeceros-para-cama","7":"product_cat-pie-de-cama","8":"product_cat-sillas-y-sofas","10":"first","11":"instock","12":"shipping-taxable","13":"purchasable","14":"product-type-variable","15":"has-default-attributes"},"yoast_head":"<!-- This site is optimized with the Yoast SEO plugin v22.9 - https:\/\/yoast.com\/wordpress\/plugins\/seo\/ -->\n<title>Base cama dividida elaborado en madera de pino<\/title>\n<meta name=\"description\" content=\"\u00bfEst\u00e1s buscando una nueva cama con estilo para tu dormitorio? Una base de cama dividida puede ser la soluci\u00f3n perfecta para ti\" \/>\n<meta name=\"robots\" content=\"noindex, follow, max-snippet:-1, max-image-preview:large, max-video-preview:-1\" \/>\n<meta property=\"og:locale\" content=\"es_ES\" \/>\n<meta property=\"og:type\" content=\"article\" \/>\n<meta property=\"og:title\" content=\"Base cama dividida elaborado en madera de pino\" \/>\n<meta property=\"og:description\" content=\"\u00bfEst\u00e1s buscando una nueva cama con estilo para tu dormitorio? Una base de cama dividida puede ser la soluci\u00f3n perfecta para ti\" \/>\n<meta property=\"og:url\" content=\"https:\/\/dev.gomnetwork.com\/colchones-new-confort\/producto\/base-cama-dividida-elaborado-madera-pino\/\" \/>\n<meta property=\"og:site_name\" content=\"Colchones y Muebles New Confort\" \/>\n<meta property=\"article:modified_time\" content=\"2024-06-12T20:06:50+00:00\" \/>\n<meta property=\"og:image\" content=\"https:\/\/dev.gomnetwork.com\/colchones-new-confort\/wp-content\/uploads\/2024\/06\/base-cama-dividida-blanco.webp\" \/>\n\t<meta property=\"og:image:width\" content=\"800\" \/>\n\t<meta property=\"og:image:height\" content=\"800\" \/>\n\t<meta property=\"og:image:type\" content=\"image\/webp\" \/>\n<meta name=\"twitter:card\" content=\"summary_large_image\" \/>\n<meta name=\"twitter:title\" content=\"Base cama dividida elaborado en madera de pino\" \/>\n<meta name=\"twitter:description\" content=\"\u00bfEst\u00e1s buscando una nueva cama con estilo para tu dormitorio? Una base de cama dividida puede ser la soluci\u00f3n perfecta para ti\" \/>\n<meta name=\"twitter:image\" content=\"https:\/\/dev.gomnetwork.com\/colchones-new-confort\/wp-content\/uploads\/2024\/06\/base-cama-dividida-blanco.webp\" \/>\n<meta name=\"twitter:label1\" content=\"Tiempo de lectura\" \/>\n\t<meta name=\"twitter:data1\" content=\"2 minutos\" \/>\n<script type=\"application\/ld+json\" class=\"yoast-schema-graph\">{\"@context\":\"https:\/\/schema.org\",\"@graph\":[{\"@type\":\"WebPage\",\"@id\":\"https:\/\/dev.gomnetwork.com\/colchones-new-confort\/producto\/base-cama-dividida-elaborado-madera-pino\/\",\"url\":\"https:\/\/dev.gomnetwork.com\/colchones-new-confort\/producto\/base-cama-dividida-elaborado-madera-pino\/\",\"name\":\"Base cama dividida elaborado en madera de pino\",\"isPartOf\":{\"@id\":\"https:\/\/dev.gomnetwork.com\/colchones-new-confort\/#website\"},\"primaryImageOfPage\":{\"@id\":\"https:\/\/dev.gomnetwork.com\/colchones-new-confort\/producto\/base-cama-dividida-elaborado-madera-pino\/#primaryimage\"},\"image\":{\"@id\":\"https:\/\/dev.gomnetwork.com\/colchones-new-confort\/producto\/base-cama-dividida-elaborado-madera-pino\/#primaryimage\"},\"thumbnailUrl\":\"https:\/\/dev.gomnetwork.com\/colchones-new-confort\/wp-content\/uploads\/2024\/06\/base-cama-dividida-blanco.webp\",\"datePublished\":\"2024-06-12T03:09:40+00:00\",\"dateModified\":\"2024-06-12T20:06:50+00:00\",\"description\":\"\u00bfEst\u00e1s buscando una nueva cama con estilo para tu dormitorio? Una base de cama dividida puede ser la soluci\u00f3n perfecta para ti\",\"breadcrumb\":{\"@id\":\"https:\/\/dev.gomnetwork.com\/colchones-new-confort\/producto\/base-cama-dividida-elaborado-madera-pino\/#breadcrumb\"},\"inLanguage\":\"es-CO\",\"potentialAction\":[{\"@type\":\"ReadAction\",\"target\":[\"https:\/\/dev.gomnetwork.com\/colchones-new-confort\/producto\/base-cama-dividida-elaborado-madera-pino\/\"]}]},{\"@type\":\"ImageObject\",\"inLanguage\":\"es-CO\",\"@id\":\"https:\/\/dev.gomnetwork.com\/colchones-new-confort\/producto\/base-cama-dividida-elaborado-madera-pino\/#primaryimage\",\"url\":\"https:\/\/dev.gomnetwork.com\/colchones-new-confort\/wp-content\/uploads\/2024\/06\/base-cama-dividida-blanco.webp\",\"contentUrl\":\"https:\/\/dev.gomnetwork.com\/colchones-new-confort\/wp-content\/uploads\/2024\/06\/base-cama-dividida-blanco.webp\",\"width\":800,\"height\":800,\"caption\":\"base-cama-dividida-blanco\"},{\"@type\":\"BreadcrumbList\",\"@id\":\"https:\/\/dev.gomnetwork.com\/colchones-new-confort\/producto\/base-cama-dividida-elaborado-madera-pino\/#breadcrumb\",\"itemListElement\":[{\"@type\":\"ListItem\",\"position\":1,\"name\":\"Inicio\",\"item\":\"https:\/\/dev.gomnetwork.com\/colchones-new-confort\/\"},{\"@type\":\"ListItem\",\"position\":2,\"name\":\"Tienda\",\"item\":\"https:\/\/dev.gomnetwork.com\/colchones-new-confort\/tienda\/\"},{\"@type\":\"ListItem\",\"position\":3,\"name\":\"Base cama dividida elaborado en madera de pino\"}]},{\"@type\":\"WebSite\",\"@id\":\"https:\/\/dev.gomnetwork.com\/colchones-new-confort\/#website\",\"url\":\"https:\/\/dev.gomnetwork.com\/colchones-new-confort\/\",\"name\":\"Colchones y Muebles New Confort\",\"description\":\"\",\"potentialAction\":[{\"@type\":\"SearchAction\",\"target\":{\"@type\":\"EntryPoint\",\"urlTemplate\":\"https:\/\/dev.gomnetwork.com\/colchones-new-confort\/?s={search_term_string}\"},\"query-input\":\"required name=search_term_string\"}],\"inLanguage\":\"es-CO\"}]}<\/script>\n<!-- \/ Yoast SEO plugin. -->","yoast_head_json":{"title":"Base cama dividida elaborado en madera de pino","description":"\u00bfEst\u00e1s buscando una nueva cama con estilo para tu dormitorio? Una base de cama dividida puede ser la soluci\u00f3n perfecta para ti","robots":{"index":"noindex","follow":"follow","max-snippet":"max-snippet:-1","max-image-preview":"max-image-preview:large","max-video-preview":"max-video-preview:-1"},"og_locale":"es_ES","og_type":"article","og_title":"Base cama dividida elaborado en madera de pino","og_description":"\u00bfEst\u00e1s buscando una nueva cama con estilo para tu dormitorio? Una base de cama dividida puede ser la soluci\u00f3n perfecta para ti","og_url":"https:\/\/dev.gomnetwork.com\/colchones-new-confort\/producto\/base-cama-dividida-elaborado-madera-pino\/","og_site_name":"Colchones y Muebles New Confort","article_modified_time":"2024-06-12T20:06:50+00:00","og_image":[{"width":800,"height":800,"url":"https:\/\/dev.gomnetwork.com\/colchones-new-confort\/wp-content\/uploads\/2024\/06\/base-cama-dividida-blanco.webp","type":"image\/webp"}],"twitter_card":"summary_large_image","twitter_title":"Base cama dividida elaborado en madera de pino","twitter_description":"\u00bfEst\u00e1s buscando una nueva cama con estilo para tu dormitorio? Una base de cama dividida puede ser la soluci\u00f3n perfecta para ti","twitter_image":"https:\/\/dev.gomnetwork.com\/colchones-new-confort\/wp-content\/uploads\/2024\/06\/base-cama-dividida-blanco.webp","twitter_misc":{"Tiempo de lectura":"2 minutos"},"schema":{"@context":"https:\/\/schema.org","@graph":[{"@type":"WebPage","@id":"https:\/\/dev.gomnetwork.com\/colchones-new-confort\/producto\/base-cama-dividida-elaborado-madera-pino\/","url":"https:\/\/dev.gomnetwork.com\/colchones-new-confort\/producto\/base-cama-dividida-elaborado-madera-pino\/","name":"Base cama dividida elaborado en madera de pino","isPartOf":{"@id":"https:\/\/dev.gomnetwork.com\/colchones-new-confort\/#website"},"primaryImageOfPage":{"@id":"https:\/\/dev.gomnetwork.com\/colchones-new-confort\/producto\/base-cama-dividida-elaborado-madera-pino\/#primaryimage"},"image":{"@id":"https:\/\/dev.gomnetwork.com\/colchones-new-confort\/producto\/base-cama-dividida-elaborado-madera-pino\/#primaryimage"},"thumbnailUrl":"https:\/\/dev.gomnetwork.com\/colchones-new-confort\/wp-content\/uploads\/2024\/06\/base-cama-dividida-blanco.webp","datePublished":"2024-06-12T03:09:40+00:00","dateModified":"2024-06-12T20:06:50+00:00","description":"\u00bfEst\u00e1s buscando una nueva cama con estilo para tu dormitorio? Una base de cama dividida puede ser la soluci\u00f3n perfecta para ti","breadcrumb":{"@id":"https:\/\/dev.gomnetwork.com\/colchones-new-confort\/producto\/base-cama-dividida-elaborado-madera-pino\/#breadcrumb"},"inLanguage":"es-CO","potentialAction":[{"@type":"ReadAction","target":["https:\/\/dev.gomnetwork.com\/colchones-new-confort\/producto\/base-cama-dividida-elaborado-madera-pino\/"]}]},{"@type":"ImageObject","inLanguage":"es-CO","@id":"https:\/\/dev.gomnetwork.com\/colchones-new-confort\/producto\/base-cama-dividida-elaborado-madera-pino\/#primaryimage","url":"https:\/\/dev.gomnetwork.com\/colchones-new-confort\/wp-content\/uploads\/2024\/06\/base-cama-dividida-blanco.webp","contentUrl":"https:\/\/dev.gomnetwork.com\/colchones-new-confort\/wp-content\/uploads\/2024\/06\/base-cama-dividida-blanco.webp","width":800,"height":800,"caption":"base-cama-dividida-blanco"},{"@type":"BreadcrumbList","@id":"https:\/\/dev.gomnetwork.com\/colchones-new-confort\/producto\/base-cama-dividida-elaborado-madera-pino\/#breadcrumb","itemListElement":[{"@type":"ListItem","position":1,"name":"Inicio","item":"https:\/\/dev.gomnetwork.com\/colchones-new-confort\/"},{"@type":"ListItem","position":2,"name":"Tienda","item":"https:\/\/dev.gomnetwork.com\/colchones-new-confort\/tienda\/"},{"@type":"ListItem","position":3,"name":"Base cama dividida elaborado en madera de pino"}]},{"@type":"WebSite","@id":"https:\/\/dev.gomnetwork.com\/colchones-new-confort\/#website","url":"https:\/\/dev.gomnetwork.com\/colchones-new-confort\/","name":"Colchones y Muebles New Confort","description":"","potentialAction":[{"@type":"SearchAction","target":{"@type":"EntryPoint","urlTemplate":"https:\/\/dev.gomnetwork.com\/colchones-new-confort\/?s={search_term_string}"},"query-input":"required name=search_term_string"}],"inLanguage":"es-CO"}]}},"_links":{"self":[{"href":"https:\/\/dev.gomnetwork.com\/colchones-new-confort\/wp-json\/wp\/v2\/product\/4453","targetHints":{"allow":["GET"]}}],"collection":[{"href":"https:\/\/dev.gomnetwork.com\/colchones-new-confort\/wp-json\/wp\/v2\/product"}],"about":[{"href":"https:\/\/dev.gomnetwork.com\/colchones-new-confort\/wp-json\/wp\/v2\/types\/product"}],"replies":[{"embeddable":true,"href":"https:\/\/dev.gomnetwork.com\/colchones-new-confort\/wp-json\/wp\/v2\/comments?post=4453"}],"wp:featuredmedia":[{"embeddable":true,"href":"https:\/\/dev.gomnetwork.com\/colchones-new-confort\/wp-json\/wp\/v2\/media\/3372"}],"wp:attachment":[{"href":"https:\/\/dev.gomnetwork.com\/colchones-new-confort\/wp-json\/wp\/v2\/media?parent=4453"}],"wp:term":[{"taxonomy":"product_cat","embeddable":true,"href":"https:\/\/dev.gomnetwork.com\/colchones-new-confort\/wp-json\/wp\/v2\/product_cat?post=4453"},{"taxonomy":"product_tag","embeddable":true,"href":"https:\/\/dev.gomnetwork.com\/colchones-new-confort\/wp-json\/wp\/v2\/product_tag?post=4453"}],"curies":[{"name":"wp","href":"https:\/\/api.w.org\/{rel}","templated":true}]}}