{"id":3,"date":"2024-10-17T09:48:46","date_gmt":"2024-10-17T14:48:46","guid":{"rendered":"http:\/\/localhost\/anatomayoristas\/?page_id=3"},"modified":"2025-02-25T16:17:59","modified_gmt":"2025-02-25T21:17:59","slug":"politica-privacidad","status":"publish","type":"page","link":"https:\/\/dev.gomnetwork.com\/anatomayorista\/politica-privacidad\/","title":{"rendered":"Pol\u00edtica de privacidad"},"content":{"rendered":"<h2>T\u00c9RMINOS Y CONDICIONES DEL PORTAL WEB \u2013 WWW.MAYORISTASANATO.ORG<\/h2>\n<p>El presente documento describe los T\u00e9rminos y Condiciones establecidos para el uso del portal web www.mayoristasanato.org (en adelante el \u201cPORTAL WEB\u201d).<br \/>\nAl ingresar y hacer uso del PORTAL WEB, se entiende que el usuario ha entendido y aceptado los presentes T\u00e9rminos y Condiciones, y, por tanto, se obliga a cumplirlos.<br \/>\nAquellas personas que no los acepten deber\u00e1n abstenerse de acceder a este PORTAL WEB, ya sea directa o indirectamente, y de utilizar cualquier informaci\u00f3n o servicio provisto por el mismo.<br \/>\nLes solicitamos leer atentamente el presente documento antes de usar el PORTAL WEB.<\/p>\n<ol>\n<li><strong>PROPIETARIO DEL PORTAL WEB<\/strong><\/li>\n<\/ol>\n<p style=\"padding-left: 40px;\">EL PORTAL WEB es propiedad de la Asociaci\u00f3n Colombiana de Agencias de Viajes y Turismo ANATO CAPITULO MAYORISTAS (en adelante \u201cANATO CAP\u00cdTULO MAYORISTAS\u201d) con Nit 900.052.692-4, Entidad sin \u00c1nimo de Lucro de car\u00e1cter privado, constituida por Acta de Asamblea del 13 de septiembre de 2005, inscrita en la C\u00e1mara de Comercio de Bogot\u00e1, el 21 de octubre de 2005 bajo el n\u00famero 00090957 del libro I de las entidades sin \u00e1nimo de lucro, con vigencia hasta el 15 de septiembre 2060 y domicilio en la Carrera 15 A 121 &#8211; 12 OF 419, Bogot\u00e1 D.C<\/p>\n<p>\u00a0 \u00a0 \u00a0 \u00a02.<strong> CONTENIDO DEL PORTAL WEB<\/strong><\/p>\n<p style=\"padding-left: 40px;\">En el PORTAL WEB se encuentra informaci\u00f3n relativa a la actividad tur\u00edstica, especialmente sobre Agencias de Viajes, con el fin de brindar informaci\u00f3n sobre tem\u00e1ticas relevantes para el sector.<\/p>\n<p style=\"padding-left: 40px;\">ANATO CAP\u00cdTULO MAYORISTAS no se hace responsable por los da\u00f1os que se puedan causar por errores, falta de actualizaci\u00f3n, ni por las alteraciones que se generen como consecuencia de la intromisi\u00f3n no autorizada por parte de terceras personas.<\/p>\n<p>\u00a0 \u00a0 \u00a0 \u00a03. <strong>RESPONSABILIDAD<\/strong><\/p>\n<p style=\"padding-left: 40px;\">ANATO CAP\u00cdTULO MAYORISTAS no se hace responsable por da\u00f1os o intromisi\u00f3n de virus inform\u00e1ticos a su equipo, ni por cualquier p\u00e9rdida de informaci\u00f3n que pueda ocasionarse por el uso del PORTAL WEB. En general, ANATO CAP\u00cdTULO MAYORISTAS no se hace responsable por ning\u00fan da\u00f1o o perjuicio que pueda derivar del uso del PORTAL WEB.<\/p>\n<p style=\"padding-left: 40px;\">Teniendo en cuenta lo anterior, es obligaci\u00f3n de los usuarios tomar las medidas correspondientes con el fin de evitar cualquier inconveniente que pueda surgir.<\/p>\n<p>\u00a0 \u00a0 \u00a0 \u00a04. <strong>MODIFICACI\u00d3N<\/strong><\/p>\n<p style=\"padding-left: 40px;\">ANATO CAP\u00cdTULO MAYORISTAS se reserva la facultad de modificar los presentes \u201cT\u00e9rminos y Condiciones\u201d, para lo cual no ser\u00e1 necesario notificar directamente a los usuarios. Por este motivo, es deber del usuario consultar peri\u00f3dicamente este documento, con el fin de conocer si ha sufrido alguna alteraci\u00f3n.<\/p>\n<p style=\"padding-left: 40px;\">Las modificaciones que se realicen al presente documento son obligatorias desde su publicaci\u00f3n.<\/p>\n<p>\u00a0 \u00a0 \u00a0 \u00a05. <strong>DERECHOS DE PROPIEDAD INTELECTUAL<\/strong><\/p>\n<p style=\"padding-left: 40px;\">Se informa a los usuarios que la expresi\u00f3n VITRINA TUR\u00cdSTICA, ANATO y ANATO CAP\u00cdTULO MAYORISTAS son marcas registradas por la Asociaci\u00f3n Colombiana de Agencias de Viajes y Turismo \u2013 ANATO y la Asociaci\u00f3n Colombiana de Agencias de Viajes y Turismo \u2013 ANATO CAP\u00cdTULO MAYORISTAS su uso es exclusivo de la Asociaci\u00f3n, por tanto, su utilizaci\u00f3n por persona no autorizada est\u00e1 totalmente prohibido.<\/p>\n<p style=\"padding-left: 40px;\">As\u00ed mismo, el PORTAL WEB y su contenido es propiedad de ANATO CAP\u00cdTULO MAYORISTAS, por lo que su reproducci\u00f3n, alteraci\u00f3n, comercializaci\u00f3n y en general cualquier acto de disposici\u00f3n sobre el PORTAL WEB o sobre su contenido por parte de un tercero no autorizado est\u00e1 completamente prohibido.<\/p>\n<p>\u00a0 \u00a0 \u00a0 \u00a06. <strong>POL\u00cdTICA DE TRATAMIENTO DE DATOS PERSONALES<\/strong><\/p>\n<p style=\"padding-left: 40px;\">En cumplimiento de la Ley 1581 de 2012 y el Decreto 1377 de 2013, el usuario manifiesta que conoce y acepta la pol\u00edtica de tratamiento de datos personales de ANATO, la cual podr\u00e1 ser consultada en la siguiente direcci\u00f3n<strong><a href=\"https:\/\/mayoristasanato.org\/politica-tratamiento-datos\/\"> https:\/\/mayoristasanato.org\/politica-tratamiento-datos\/<\/a><\/strong>.<\/p>\n<p style=\"padding-left: 40px;\">En dicho documento podr\u00e1 conocer el tratamiento al cual est\u00e1n sometidos sus datos, los derechos y obligaciones, procedimiento para ejercer los derechos, entre otros puntos.<\/p>\n<p>\u00a0 \u00a0 \u00a0 \u00a07. <strong>OBLIGACIONES DE LOS USUARIOS<\/strong><\/p>\n<p style=\"padding-left: 40px;\">Al usar el PORTAL WEB y aceptar los presentes \u201cT\u00e9rminos y Condiciones\u201d, el usuario se compromete a:<\/p>\n<ol>\n<li style=\"list-style-type: none;\">\n<ol>\n<li>Usar el PORTAL WEB \u00fanicamente para los fines establecidos.<\/li>\n<li>Respetar los derechos de propiedad intelectual.<\/li>\n<li>Evitar realizar cualquier acci\u00f3n que altere, da\u00f1e o modifique el funcionamiento del PORTAL WEB.<\/li>\n<\/ol>\n<\/li>\n<\/ol>\n<p style=\"padding-left: 40px;\">En caso de que el usuario no cumpla con las obligaciones aqu\u00ed descritas, ser\u00e1 responsable por todos los da\u00f1os o perjuicios que cause a ANATO CAP\u00cdTULO MAYORISTAS.<\/p>\n<p>\u00a0 \u00a0 \u00a0 \u00a08. <strong>LEY APLICABLE<\/strong><\/p>\n<p style=\"padding-left: 40px;\">Cualquier interpretaci\u00f3n que deba hacerse a al presente documento se har\u00e1 conforme a la Ley colombiana y cualquier conflicto se resolver\u00e1 ante los jueces colombianos.<\/p>\n<p>\u00a0 \u00a0 \u00a0 \u00a09. <strong>CONTACTO<\/strong><\/p>\n<p style=\"padding-left: 40px;\">En caso de que requiera contactarse con ANATO CAP\u00cdTULO MAYORISTAS por cualquier asunto respecto al PORTAL WEB o sobre estos \u201cT\u00e9rminos y Condiciones\u201d, por favor dirigir su comunicaci\u00f3n al correo electr\u00f3nico mayoristas@anato.org, asistentemayoristas@anato.org o a la carrera 15 A No. 121-12 Oficina 419, Bogot\u00e1.<\/p>\n<p style=\"padding-left: 40px;\">Elaborado en febrero de 2025.<\/p>\n","protected":false},"excerpt":{"rendered":"<p>T\u00c9RMINOS Y CONDICIONES DEL PORTAL WEB \u2013 WWW.MAYORISTASANATO.ORG El presente documento describe los T\u00e9rminos y Condiciones establecidos para el uso del portal web www.mayoristasanato.org (en adelante el \u201cPORTAL WEB\u201d). Al ingresar y hacer uso del PORTAL WEB, se entiende que el usuario ha entendido y aceptado los presentes T\u00e9rminos y Condiciones, y, por tanto, se [&hellip;]<\/p>\n","protected":false},"author":1,"featured_media":1014,"parent":0,"menu_order":0,"comment_status":"closed","ping_status":"open","template":"","meta":{"footnotes":""},"class_list":["post-3","page","type-page","status-publish","has-post-thumbnail","hentry"],"yoast_head":"<!-- This site is optimized with the Yoast SEO plugin v26.5 - https:\/\/yoast.com\/wordpress\/plugins\/seo\/ -->\n<title>Pol\u00edtica de privacidad - Anato Mayorista<\/title>\n<meta name=\"robots\" content=\"index, follow, max-snippet:-1, max-image-preview:large, max-video-preview:-1\" \/>\n<link rel=\"canonical\" href=\"https:\/\/dev.gomnetwork.com\/anatomayorista\/politica-privacidad\/\" \/>\n<meta property=\"og:locale\" content=\"es_ES\" \/>\n<meta property=\"og:type\" content=\"article\" \/>\n<meta property=\"og:title\" content=\"Pol\u00edtica de privacidad - Anato Mayorista\" \/>\n<meta property=\"og:description\" content=\"T\u00c9RMINOS Y CONDICIONES DEL PORTAL WEB \u2013 WWW.MAYORISTASANATO.ORG El presente documento describe los T\u00e9rminos y Condiciones establecidos para el uso del portal web www.mayoristasanato.org (en adelante el \u201cPORTAL WEB\u201d). Al ingresar y hacer uso del PORTAL WEB, se entiende que el usuario ha entendido y aceptado los presentes T\u00e9rminos y Condiciones, y, por tanto, se [&hellip;]\" \/>\n<meta property=\"og:url\" content=\"https:\/\/dev.gomnetwork.com\/anatomayorista\/politica-privacidad\/\" \/>\n<meta property=\"og:site_name\" content=\"Anato Mayorista\" \/>\n<meta property=\"article:publisher\" content=\"https:\/\/www.facebook.com\/capitulo.mayoristas\" \/>\n<meta property=\"article:modified_time\" content=\"2025-02-25T21:17:59+00:00\" \/>\n<meta property=\"og:image\" content=\"https:\/\/dev.gomnetwork.com\/anatomayorista\/wp-content\/uploads\/2024\/11\/tres-presonas-reunidas-conversando.webp\" \/>\n\t<meta property=\"og:image:width\" content=\"1600\" \/>\n\t<meta property=\"og:image:height\" content=\"556\" \/>\n\t<meta property=\"og:image:type\" content=\"image\/webp\" \/>\n<meta name=\"twitter:card\" content=\"summary_large_image\" \/>\n<meta name=\"twitter:site\" content=\"@AnatoMayoristas\" \/>\n<meta name=\"twitter:label1\" content=\"Tiempo de lectura\" \/>\n\t<meta name=\"twitter:data1\" content=\"4 minutos\" \/>\n<script type=\"application\/ld+json\" class=\"yoast-schema-graph\">{\"@context\":\"https:\/\/schema.org\",\"@graph\":[{\"@type\":\"WebPage\",\"@id\":\"https:\/\/dev.gomnetwork.com\/anatomayorista\/politica-privacidad\/\",\"url\":\"https:\/\/dev.gomnetwork.com\/anatomayorista\/politica-privacidad\/\",\"name\":\"Pol\u00edtica de privacidad - Anato Mayorista\",\"isPartOf\":{\"@id\":\"https:\/\/dev.gomnetwork.com\/anatomayorista\/#website\"},\"primaryImageOfPage\":{\"@id\":\"https:\/\/dev.gomnetwork.com\/anatomayorista\/politica-privacidad\/#primaryimage\"},\"image\":{\"@id\":\"https:\/\/dev.gomnetwork.com\/anatomayorista\/politica-privacidad\/#primaryimage\"},\"thumbnailUrl\":\"https:\/\/dev.gomnetwork.com\/anatomayorista\/wp-content\/uploads\/2024\/11\/tres-presonas-reunidas-conversando.webp\",\"datePublished\":\"2024-10-17T14:48:46+00:00\",\"dateModified\":\"2025-02-25T21:17:59+00:00\",\"breadcrumb\":{\"@id\":\"https:\/\/dev.gomnetwork.com\/anatomayorista\/politica-privacidad\/#breadcrumb\"},\"inLanguage\":\"es-CO\",\"potentialAction\":[{\"@type\":\"ReadAction\",\"target\":[\"https:\/\/dev.gomnetwork.com\/anatomayorista\/politica-privacidad\/\"]}]},{\"@type\":\"ImageObject\",\"inLanguage\":\"es-CO\",\"@id\":\"https:\/\/dev.gomnetwork.com\/anatomayorista\/politica-privacidad\/#primaryimage\",\"url\":\"https:\/\/dev.gomnetwork.com\/anatomayorista\/wp-content\/uploads\/2024\/11\/tres-presonas-reunidas-conversando.webp\",\"contentUrl\":\"https:\/\/dev.gomnetwork.com\/anatomayorista\/wp-content\/uploads\/2024\/11\/tres-presonas-reunidas-conversando.webp\",\"width\":1600,\"height\":556,\"caption\":\"tres personas reunidas conversando\"},{\"@type\":\"BreadcrumbList\",\"@id\":\"https:\/\/dev.gomnetwork.com\/anatomayorista\/politica-privacidad\/#breadcrumb\",\"itemListElement\":[{\"@type\":\"ListItem\",\"position\":1,\"name\":\"Inicio\",\"item\":\"https:\/\/dev.gomnetwork.com\/anatomayorista\/\"},{\"@type\":\"ListItem\",\"position\":2,\"name\":\"Pol\u00edtica de privacidad\"}]},{\"@type\":\"WebSite\",\"@id\":\"https:\/\/dev.gomnetwork.com\/anatomayorista\/#website\",\"url\":\"https:\/\/dev.gomnetwork.com\/anatomayorista\/\",\"name\":\"ANATO Cap\u00edtulo Mayoristas\",\"description\":\"En ANATO Cap\u00edtulo Mayoristas, nos comprometemos a ser tu aliado en la industria del turismo.\",\"publisher\":{\"@id\":\"https:\/\/dev.gomnetwork.com\/anatomayorista\/#organization\"},\"alternateName\":\"ANATO Cap\u00edtulo Mayoristas\",\"potentialAction\":[{\"@type\":\"SearchAction\",\"target\":{\"@type\":\"EntryPoint\",\"urlTemplate\":\"https:\/\/dev.gomnetwork.com\/anatomayorista\/?s={search_term_string}\"},\"query-input\":{\"@type\":\"PropertyValueSpecification\",\"valueRequired\":true,\"valueName\":\"search_term_string\"}}],\"inLanguage\":\"es-CO\"},{\"@type\":\"Organization\",\"@id\":\"https:\/\/dev.gomnetwork.com\/anatomayorista\/#organization\",\"name\":\"ANATO Cap\u00edtulo Mayoristas\",\"url\":\"https:\/\/dev.gomnetwork.com\/anatomayorista\/\",\"logo\":{\"@type\":\"ImageObject\",\"inLanguage\":\"es-CO\",\"@id\":\"https:\/\/dev.gomnetwork.com\/anatomayorista\/#\/schema\/logo\/image\/\",\"url\":\"https:\/\/mayoristasanato.org\/wp-content\/uploads\/2024\/12\/anato-mayoristas-og.webp\",\"contentUrl\":\"https:\/\/mayoristasanato.org\/wp-content\/uploads\/2024\/12\/anato-mayoristas-og.webp\",\"width\":1200,\"height\":630,\"caption\":\"ANATO Cap\u00edtulo Mayoristas\"},\"image\":{\"@id\":\"https:\/\/dev.gomnetwork.com\/anatomayorista\/#\/schema\/logo\/image\/\"},\"sameAs\":[\"https:\/\/www.facebook.com\/capitulo.mayoristas\",\"https:\/\/x.com\/AnatoMayoristas\",\"https:\/\/www.instagram.com\/capitulomayoristas\/\"]}]}<\/script>\n<!-- \/ Yoast SEO plugin. -->","yoast_head_json":{"title":"Pol\u00edtica de privacidad - Anato Mayorista","robots":{"index":"index","follow":"follow","max-snippet":"max-snippet:-1","max-image-preview":"max-image-preview:large","max-video-preview":"max-video-preview:-1"},"canonical":"https:\/\/dev.gomnetwork.com\/anatomayorista\/politica-privacidad\/","og_locale":"es_ES","og_type":"article","og_title":"Pol\u00edtica de privacidad - Anato Mayorista","og_description":"T\u00c9RMINOS Y CONDICIONES DEL PORTAL WEB \u2013 WWW.MAYORISTASANATO.ORG El presente documento describe los T\u00e9rminos y Condiciones establecidos para el uso del portal web www.mayoristasanato.org (en adelante el \u201cPORTAL WEB\u201d). Al ingresar y hacer uso del PORTAL WEB, se entiende que el usuario ha entendido y aceptado los presentes T\u00e9rminos y Condiciones, y, por tanto, se [&hellip;]","og_url":"https:\/\/dev.gomnetwork.com\/anatomayorista\/politica-privacidad\/","og_site_name":"Anato Mayorista","article_publisher":"https:\/\/www.facebook.com\/capitulo.mayoristas","article_modified_time":"2025-02-25T21:17:59+00:00","og_image":[{"width":1600,"height":556,"url":"https:\/\/dev.gomnetwork.com\/anatomayorista\/wp-content\/uploads\/2024\/11\/tres-presonas-reunidas-conversando.webp","type":"image\/webp"}],"twitter_card":"summary_large_image","twitter_site":"@AnatoMayoristas","twitter_misc":{"Tiempo de lectura":"4 minutos"},"schema":{"@context":"https:\/\/schema.org","@graph":[{"@type":"WebPage","@id":"https:\/\/dev.gomnetwork.com\/anatomayorista\/politica-privacidad\/","url":"https:\/\/dev.gomnetwork.com\/anatomayorista\/politica-privacidad\/","name":"Pol\u00edtica de privacidad - Anato Mayorista","isPartOf":{"@id":"https:\/\/dev.gomnetwork.com\/anatomayorista\/#website"},"primaryImageOfPage":{"@id":"https:\/\/dev.gomnetwork.com\/anatomayorista\/politica-privacidad\/#primaryimage"},"image":{"@id":"https:\/\/dev.gomnetwork.com\/anatomayorista\/politica-privacidad\/#primaryimage"},"thumbnailUrl":"https:\/\/dev.gomnetwork.com\/anatomayorista\/wp-content\/uploads\/2024\/11\/tres-presonas-reunidas-conversando.webp","datePublished":"2024-10-17T14:48:46+00:00","dateModified":"2025-02-25T21:17:59+00:00","breadcrumb":{"@id":"https:\/\/dev.gomnetwork.com\/anatomayorista\/politica-privacidad\/#breadcrumb"},"inLanguage":"es-CO","potentialAction":[{"@type":"ReadAction","target":["https:\/\/dev.gomnetwork.com\/anatomayorista\/politica-privacidad\/"]}]},{"@type":"ImageObject","inLanguage":"es-CO","@id":"https:\/\/dev.gomnetwork.com\/anatomayorista\/politica-privacidad\/#primaryimage","url":"https:\/\/dev.gomnetwork.com\/anatomayorista\/wp-content\/uploads\/2024\/11\/tres-presonas-reunidas-conversando.webp","contentUrl":"https:\/\/dev.gomnetwork.com\/anatomayorista\/wp-content\/uploads\/2024\/11\/tres-presonas-reunidas-conversando.webp","width":1600,"height":556,"caption":"tres personas reunidas conversando"},{"@type":"BreadcrumbList","@id":"https:\/\/dev.gomnetwork.com\/anatomayorista\/politica-privacidad\/#breadcrumb","itemListElement":[{"@type":"ListItem","position":1,"name":"Inicio","item":"https:\/\/dev.gomnetwork.com\/anatomayorista\/"},{"@type":"ListItem","position":2,"name":"Pol\u00edtica de privacidad"}]},{"@type":"WebSite","@id":"https:\/\/dev.gomnetwork.com\/anatomayorista\/#website","url":"https:\/\/dev.gomnetwork.com\/anatomayorista\/","name":"ANATO Cap\u00edtulo Mayoristas","description":"En ANATO Cap\u00edtulo Mayoristas, nos comprometemos a ser tu aliado en la industria del turismo.","publisher":{"@id":"https:\/\/dev.gomnetwork.com\/anatomayorista\/#organization"},"alternateName":"ANATO Cap\u00edtulo Mayoristas","potentialAction":[{"@type":"SearchAction","target":{"@type":"EntryPoint","urlTemplate":"https:\/\/dev.gomnetwork.com\/anatomayorista\/?s={search_term_string}"},"query-input":{"@type":"PropertyValueSpecification","valueRequired":true,"valueName":"search_term_string"}}],"inLanguage":"es-CO"},{"@type":"Organization","@id":"https:\/\/dev.gomnetwork.com\/anatomayorista\/#organization","name":"ANATO Cap\u00edtulo Mayoristas","url":"https:\/\/dev.gomnetwork.com\/anatomayorista\/","logo":{"@type":"ImageObject","inLanguage":"es-CO","@id":"https:\/\/dev.gomnetwork.com\/anatomayorista\/#\/schema\/logo\/image\/","url":"https:\/\/mayoristasanato.org\/wp-content\/uploads\/2024\/12\/anato-mayoristas-og.webp","contentUrl":"https:\/\/mayoristasanato.org\/wp-content\/uploads\/2024\/12\/anato-mayoristas-og.webp","width":1200,"height":630,"caption":"ANATO Cap\u00edtulo Mayoristas"},"image":{"@id":"https:\/\/dev.gomnetwork.com\/anatomayorista\/#\/schema\/logo\/image\/"},"sameAs":["https:\/\/www.facebook.com\/capitulo.mayoristas","https:\/\/x.com\/AnatoMayoristas","https:\/\/www.instagram.com\/capitulomayoristas\/"]}]}},"_links":{"self":[{"href":"https:\/\/dev.gomnetwork.com\/anatomayorista\/wp-json\/wp\/v2\/pages\/3","targetHints":{"allow":["GET"]}}],"collection":[{"href":"https:\/\/dev.gomnetwork.com\/anatomayorista\/wp-json\/wp\/v2\/pages"}],"about":[{"href":"https:\/\/dev.gomnetwork.com\/anatomayorista\/wp-json\/wp\/v2\/types\/page"}],"author":[{"embeddable":true,"href":"https:\/\/dev.gomnetwork.com\/anatomayorista\/wp-json\/wp\/v2\/users\/1"}],"replies":[{"embeddable":true,"href":"https:\/\/dev.gomnetwork.com\/anatomayorista\/wp-json\/wp\/v2\/comments?post=3"}],"version-history":[{"count":5,"href":"https:\/\/dev.gomnetwork.com\/anatomayorista\/wp-json\/wp\/v2\/pages\/3\/revisions"}],"predecessor-version":[{"id":2383,"href":"https:\/\/dev.gomnetwork.com\/anatomayorista\/wp-json\/wp\/v2\/pages\/3\/revisions\/2383"}],"wp:featuredmedia":[{"embeddable":true,"href":"https:\/\/dev.gomnetwork.com\/anatomayorista\/wp-json\/wp\/v2\/media\/1014"}],"wp:attachment":[{"href":"https:\/\/dev.gomnetwork.com\/anatomayorista\/wp-json\/wp\/v2\/media?parent=3"}],"curies":[{"name":"wp","href":"https:\/\/api.w.org\/{rel}","templated":true}]}}