{"id":2365,"date":"2025-02-24T16:26:59","date_gmt":"2025-02-24T21:26:59","guid":{"rendered":"https:\/\/mayoristasanato.org\/?page_id=2365"},"modified":"2025-02-24T16:26:59","modified_gmt":"2025-02-24T21:26:59","slug":"prohibicion-escnna","status":"publish","type":"page","link":"https:\/\/dev.gomnetwork.com\/anatomayorista\/prohibicion-escnna\/","title":{"rendered":"Prohibicio\u0301n ESCNNA"},"content":{"rendered":"<h2>PROHIBICI\u00d3N DE LA EXPLOTACI\u00d3N SEXUAL COMERCIAL DE NI\u00d1OS, NI\u00d1AS Y ADOLESCENTES (ESCNNA) EN EL CONTEXTO DE VIAJES Y TURISMO<\/h2>\n<p>En primer lugar, la Explotaci\u00f3n Sexual Comercial de Ni\u00f1os, Ni\u00f1as y Adolescentes (ESCNNA) en el contexto de viajes y turismo es una conducta que se encuentra tipificada por el C\u00f3digo Penal en los siguientes t\u00e9rminos: \u201cEl que dirija, organice o promueva actividades tur\u00edsticas que incluyan la utilizaci\u00f3n sexual de menores de edad incurrir\u00e1 en prisi\u00f3n de cuatro (4) a ocho (8) a\u00f1os. La pena se aumentar\u00e1 en la mitad cuando la conducta se realizare con menor de doce (12) a\u00f1os\u201d.<\/p>\n<p>A su vez, en la Ley 679 de 2001 \u201cPor medio de la cual se expide un estatuto para prevenir y contrarrestar la explotaci\u00f3n, la pornograf\u00eda y el turismo sexual con menores, en desarrollo del art\u00edculo 44 de la Constituci\u00f3n\u201d, se establecen los siguientes puntos sobre el tema:<\/p>\n<ol>\n<li>Los prestadores de servicios tur\u00edsticos se abstendr\u00e1n de ofrecer en los programas tur\u00edsticos, planes de explotaci\u00f3n sexual a menores. Tambi\u00e9n deben adoptar medidas para impedir que sus empleados o intermediarios ofrezcan contactos sexuales con menores de edad (Art. 16).<\/li>\n<li>Las Agencias de Viajes y Turismo deben incluir en su publicidad, informaci\u00f3n sobre las consecuencias legales de la explotaci\u00f3n y abuso sexual de menores de edad en el pa\u00eds (Art. 17).<\/li>\n<li>El Ministerio de Comercio, Industria y Turismo inspecciona y controla las actividades de promoci\u00f3n tur\u00edstica con el fin de prevenir la prostituci\u00f3n y el abuso sexual de menores de edad y sancionar\u00e1 a los prestadores de servicios tur\u00edsticos involucrados (Art. 18).<\/li>\n<\/ol>\n<p>Se sancionar\u00e1 administrativamente a los Prestadores de Servicios Tur\u00edsticos por las siguientes conductas (Art. 19):<\/p>\n<ol>\n<li>Utilizar publicidad que sugiera la prestaci\u00f3n de servicios tur\u00edsticos sexuales con menores de edad.<\/li>\n<li>Dar informaci\u00f3n a turistas sobre lugares donde se presten servicios sexuales con menores de edad.<\/li>\n<li>Conducir a los turistas a establecimientos donde se presten servicios sexuales con menores de edad o conducir a los menores de edad a sitios donde se encuentren hospedados los turistas, incluso en altamar.<\/li>\n<li>Arrendar veh\u00edculos o utilizar rutas tur\u00edsticas con fines de prostituci\u00f3n o abuso sexual de menores.<\/li>\n<li>Permitir ingreso de menores a establecimientos con fines de prostituci\u00f3n.<\/li>\n<\/ol>\n<p>Las sanciones que se pueden imponer por realizar alguna de las anteriores conductas son (Art. 20):<\/p>\n<ol>\n<li>Multa hasta por 300 SMLMV.<\/li>\n<li>Suspensi\u00f3n del RNT hasta por 90 d\u00edas calendario.<\/li>\n<li>Cancelaci\u00f3n del RNT, que implicar\u00e1 la prohibici\u00f3n de ejercer actividades tur\u00edsticas durante 5 a\u00f1os.<\/li>\n<li>No pueden ser beneficiarios del Certificado de Desarrollo Tur\u00edstico.<\/li>\n<\/ol>\n<p>Se le otorga a la Polic\u00eda Nacional funciones de vigilancia y control contra este delito.<\/p>\n<p>Por otra parte, la Ley 1336 de 2009 \u201cPor medio de la cual se adiciona y robustece la Ley 679 de 2001, de lucha contra la explotaci\u00f3n, la pornograf\u00eda y el turismo sexual con ni\u00f1os, ni\u00f1as y adolescentes\u201d, establece los siguientes puntos:<\/p>\n<ol>\n<li>Los prestadores de servicios tur\u00edsticos deben adoptar un c\u00f3digo de conducta que promueva pol\u00edticas de prevenci\u00f3n y evite la explotaci\u00f3n sexual de menores de edad. Dichos c\u00f3digos deben fijarse en lugares p\u00fablicos y actualizarse cuando sea necesario. El Ministerio de Comercio, Industria y Turismo coordinar\u00e1 en compa\u00f1\u00eda de los organismos representativos del sector un modelo de dichos c\u00f3digos (Art. 1).<\/li>\n<li>El Ministerio de Comercio, Industria y Turismo, las autoridades distritales y municipales velar\u00e1n por el cumplimiento a los c\u00f3digos de conducta.<\/li>\n<li>Para poder inscribirse o renovar el RNT, se exige a los Prestadores de Servicios Tur\u00edsticos que se adhieran al c\u00f3digo de conducta (Art. 5).<\/li>\n<li>Los Prestadores de Servicios Tur\u00edsticos deben participar de la mano del Ministerio de Comercio, Industria y Turismo en las estrategias de sensibilizaci\u00f3n e informaci\u00f3n sobre el turismo sexual con menores de edad (Art. 6).<\/li>\n<li>Los Prestadores de Servicios Tur\u00edsticos colaboraran, mediante sus programas de promoci\u00f3n de planes tur\u00edsticos, en la difusi\u00f3n de campa\u00f1as de prevenci\u00f3n contra la explotaci\u00f3n sexual con menores de edad, cuando sean requeridos por el Ministerio o el ICBF.<\/li>\n<\/ol>\n<p>En virtud del anterior mandato, el Ministerio de Comercio, Industria y Turismo expidi\u00f3 la Resoluci\u00f3n 3840 de 2009 \u201cPor la cual establece el C\u00f3digo de Conducta contemplado en el art\u00edculo 1\u00b0 de la Ley 1336 del 21 de julio de 2009 y se dictan otras disposiciones\u201d, en el cual se indica que:<\/p>\n<p>Los prestadores de servicios tur\u00edsticos adoptar\u00e1n un C\u00f3digo de Conducta, el cual deber\u00e1 ser cumplido por los directivos y todos los empleados e incorporar\u00e1 como m\u00ednimo las siguientes medidas de control:<\/p>\n<ol>\n<li>No ofrecer en los programas de promoci\u00f3n tur\u00edstica planes de explotaci\u00f3n sexual de menores.<\/li>\n<li>No dar informaci\u00f3n a los turistas sobre lugares donde se coordinen o practique explotaci\u00f3n sexual comercial de menores.<\/li>\n<li>No conducir a los turistas a lugares donde se practique la explotaci\u00f3n sexual comercial de menores, as\u00ed como conducir a \u00e9stos a los sitios donde se encuentran hospedados los turistas.<\/li>\n<li>No facilitar veh\u00edculos o rutas tur\u00edsticas con fines de explotaci\u00f3n o de abuso sexual de ni\u00f1os, ni\u00f1as y adolescentes.<\/li>\n<li>Impedir el ingreso de menores a lugares de alojamiento, bares y dem\u00e1s establecimientos en los que se presten servicios tur\u00edsticos, con fines de explotaci\u00f3n o de abuso sexual.<\/li>\n<li>Adoptar las medidas tendientes a impedir que el personal vinculado con la empresa ofrezca servicios tur\u00edsticos que permitan actividad sexual de menores.<\/li>\n<li>Denunciar ante el Ministerio de Comercio, Industria y Turismo y dem\u00e1s autoridades competentes, los hechos de que hubiere tenido conocimiento por cualquier medio, as\u00ed como la existencia de lugares relacionados con explotaci\u00f3n sexual de menores y asegurar que al interior de la empresa existan canales para la denuncia correspondiente.<\/li>\n<li>Dise\u00f1ar y divulgar al interior de la empresa y con sus proveedores una pol\u00edtica en la que el prestador establezca medidas para prevenir y contrarrestar toda forma de explotaci\u00f3n de menores en viajes y turismo.<\/li>\n<li>Capacitar a todo el personal vinculado a la empresa, frente al tema de prevenci\u00f3n de la explotaci\u00f3n sexual comercial de menores.<\/li>\n<li>Informar a sus usuarios sobre las consecuencias legales en Colombia de la explotaci\u00f3n y el abuso sexual de menores.<\/li>\n<li>Fijar en un lugar visible el presente C\u00f3digo de Conducta y los dem\u00e1s compromisos y medidas que el prestador desee asumir con el fin de proteger a los menores.<\/li>\n<\/ol>\n","protected":false},"excerpt":{"rendered":"<p>PROHIBICI\u00d3N DE LA EXPLOTACI\u00d3N SEXUAL COMERCIAL DE NI\u00d1OS, NI\u00d1AS Y ADOLESCENTES (ESCNNA) EN EL CONTEXTO DE VIAJES Y TURISMO En primer lugar, la Explotaci\u00f3n Sexual Comercial de Ni\u00f1os, Ni\u00f1as y Adolescentes (ESCNNA) en el contexto de viajes y turismo es una conducta que se encuentra tipificada por el C\u00f3digo Penal en los siguientes t\u00e9rminos: \u201cEl [&hellip;]<\/p>\n","protected":false},"author":1,"featured_media":1014,"parent":0,"menu_order":0,"comment_status":"closed","ping_status":"closed","template":"","meta":{"footnotes":""},"class_list":["post-2365","page","type-page","status-publish","has-post-thumbnail","hentry"],"yoast_head":"<!-- This site is optimized with the Yoast SEO plugin v26.5 - https:\/\/yoast.com\/wordpress\/plugins\/seo\/ -->\n<title>Prohibicio\u0301n ESCNNA - Anato Mayorista<\/title>\n<meta name=\"robots\" content=\"index, follow, max-snippet:-1, max-image-preview:large, max-video-preview:-1\" \/>\n<link rel=\"canonical\" href=\"https:\/\/dev.gomnetwork.com\/anatomayorista\/prohibicion-escnna\/\" \/>\n<meta property=\"og:locale\" content=\"es_ES\" \/>\n<meta property=\"og:type\" content=\"article\" \/>\n<meta property=\"og:title\" content=\"Prohibicio\u0301n ESCNNA - Anato Mayorista\" \/>\n<meta property=\"og:description\" content=\"PROHIBICI\u00d3N DE LA EXPLOTACI\u00d3N SEXUAL COMERCIAL DE NI\u00d1OS, NI\u00d1AS Y ADOLESCENTES (ESCNNA) EN EL CONTEXTO DE VIAJES Y TURISMO En primer lugar, la Explotaci\u00f3n Sexual Comercial de Ni\u00f1os, Ni\u00f1as y Adolescentes (ESCNNA) en el contexto de viajes y turismo es una conducta que se encuentra tipificada por el C\u00f3digo Penal en los siguientes t\u00e9rminos: \u201cEl [&hellip;]\" \/>\n<meta property=\"og:url\" content=\"https:\/\/dev.gomnetwork.com\/anatomayorista\/prohibicion-escnna\/\" \/>\n<meta property=\"og:site_name\" content=\"Anato Mayorista\" \/>\n<meta property=\"article:publisher\" content=\"https:\/\/www.facebook.com\/capitulo.mayoristas\" \/>\n<meta property=\"og:image\" content=\"https:\/\/dev.gomnetwork.com\/anatomayorista\/wp-content\/uploads\/2024\/11\/tres-presonas-reunidas-conversando.webp\" \/>\n\t<meta property=\"og:image:width\" content=\"1600\" \/>\n\t<meta property=\"og:image:height\" content=\"556\" \/>\n\t<meta property=\"og:image:type\" content=\"image\/webp\" \/>\n<meta name=\"twitter:card\" content=\"summary_large_image\" \/>\n<meta name=\"twitter:site\" content=\"@AnatoMayoristas\" \/>\n<meta name=\"twitter:label1\" content=\"Tiempo de lectura\" \/>\n\t<meta name=\"twitter:data1\" content=\"5 minutos\" \/>\n<script type=\"application\/ld+json\" class=\"yoast-schema-graph\">{\"@context\":\"https:\/\/schema.org\",\"@graph\":[{\"@type\":\"WebPage\",\"@id\":\"https:\/\/dev.gomnetwork.com\/anatomayorista\/prohibicion-escnna\/\",\"url\":\"https:\/\/dev.gomnetwork.com\/anatomayorista\/prohibicion-escnna\/\",\"name\":\"Prohibicio\u0301n ESCNNA - Anato Mayorista\",\"isPartOf\":{\"@id\":\"https:\/\/dev.gomnetwork.com\/anatomayorista\/#website\"},\"primaryImageOfPage\":{\"@id\":\"https:\/\/dev.gomnetwork.com\/anatomayorista\/prohibicion-escnna\/#primaryimage\"},\"image\":{\"@id\":\"https:\/\/dev.gomnetwork.com\/anatomayorista\/prohibicion-escnna\/#primaryimage\"},\"thumbnailUrl\":\"https:\/\/dev.gomnetwork.com\/anatomayorista\/wp-content\/uploads\/2024\/11\/tres-presonas-reunidas-conversando.webp\",\"datePublished\":\"2025-02-24T21:26:59+00:00\",\"breadcrumb\":{\"@id\":\"https:\/\/dev.gomnetwork.com\/anatomayorista\/prohibicion-escnna\/#breadcrumb\"},\"inLanguage\":\"es-CO\",\"potentialAction\":[{\"@type\":\"ReadAction\",\"target\":[\"https:\/\/dev.gomnetwork.com\/anatomayorista\/prohibicion-escnna\/\"]}]},{\"@type\":\"ImageObject\",\"inLanguage\":\"es-CO\",\"@id\":\"https:\/\/dev.gomnetwork.com\/anatomayorista\/prohibicion-escnna\/#primaryimage\",\"url\":\"https:\/\/dev.gomnetwork.com\/anatomayorista\/wp-content\/uploads\/2024\/11\/tres-presonas-reunidas-conversando.webp\",\"contentUrl\":\"https:\/\/dev.gomnetwork.com\/anatomayorista\/wp-content\/uploads\/2024\/11\/tres-presonas-reunidas-conversando.webp\",\"width\":1600,\"height\":556,\"caption\":\"tres personas reunidas conversando\"},{\"@type\":\"BreadcrumbList\",\"@id\":\"https:\/\/dev.gomnetwork.com\/anatomayorista\/prohibicion-escnna\/#breadcrumb\",\"itemListElement\":[{\"@type\":\"ListItem\",\"position\":1,\"name\":\"Inicio\",\"item\":\"https:\/\/dev.gomnetwork.com\/anatomayorista\/\"},{\"@type\":\"ListItem\",\"position\":2,\"name\":\"Prohibicio\u0301n ESCNNA\"}]},{\"@type\":\"WebSite\",\"@id\":\"https:\/\/dev.gomnetwork.com\/anatomayorista\/#website\",\"url\":\"https:\/\/dev.gomnetwork.com\/anatomayorista\/\",\"name\":\"ANATO Cap\u00edtulo Mayoristas\",\"description\":\"En ANATO Cap\u00edtulo Mayoristas, nos comprometemos a ser tu aliado en la industria del turismo.\",\"publisher\":{\"@id\":\"https:\/\/dev.gomnetwork.com\/anatomayorista\/#organization\"},\"alternateName\":\"ANATO Cap\u00edtulo Mayoristas\",\"potentialAction\":[{\"@type\":\"SearchAction\",\"target\":{\"@type\":\"EntryPoint\",\"urlTemplate\":\"https:\/\/dev.gomnetwork.com\/anatomayorista\/?s={search_term_string}\"},\"query-input\":{\"@type\":\"PropertyValueSpecification\",\"valueRequired\":true,\"valueName\":\"search_term_string\"}}],\"inLanguage\":\"es-CO\"},{\"@type\":\"Organization\",\"@id\":\"https:\/\/dev.gomnetwork.com\/anatomayorista\/#organization\",\"name\":\"ANATO Cap\u00edtulo Mayoristas\",\"url\":\"https:\/\/dev.gomnetwork.com\/anatomayorista\/\",\"logo\":{\"@type\":\"ImageObject\",\"inLanguage\":\"es-CO\",\"@id\":\"https:\/\/dev.gomnetwork.com\/anatomayorista\/#\/schema\/logo\/image\/\",\"url\":\"https:\/\/mayoristasanato.org\/wp-content\/uploads\/2024\/12\/anato-mayoristas-og.webp\",\"contentUrl\":\"https:\/\/mayoristasanato.org\/wp-content\/uploads\/2024\/12\/anato-mayoristas-og.webp\",\"width\":1200,\"height\":630,\"caption\":\"ANATO Cap\u00edtulo Mayoristas\"},\"image\":{\"@id\":\"https:\/\/dev.gomnetwork.com\/anatomayorista\/#\/schema\/logo\/image\/\"},\"sameAs\":[\"https:\/\/www.facebook.com\/capitulo.mayoristas\",\"https:\/\/x.com\/AnatoMayoristas\",\"https:\/\/www.instagram.com\/capitulomayoristas\/\"]}]}<\/script>\n<!-- \/ Yoast SEO plugin. -->","yoast_head_json":{"title":"Prohibicio\u0301n ESCNNA - Anato Mayorista","robots":{"index":"index","follow":"follow","max-snippet":"max-snippet:-1","max-image-preview":"max-image-preview:large","max-video-preview":"max-video-preview:-1"},"canonical":"https:\/\/dev.gomnetwork.com\/anatomayorista\/prohibicion-escnna\/","og_locale":"es_ES","og_type":"article","og_title":"Prohibicio\u0301n ESCNNA - Anato Mayorista","og_description":"PROHIBICI\u00d3N DE LA EXPLOTACI\u00d3N SEXUAL COMERCIAL DE NI\u00d1OS, NI\u00d1AS Y ADOLESCENTES (ESCNNA) EN EL CONTEXTO DE VIAJES Y TURISMO En primer lugar, la Explotaci\u00f3n Sexual Comercial de Ni\u00f1os, Ni\u00f1as y Adolescentes (ESCNNA) en el contexto de viajes y turismo es una conducta que se encuentra tipificada por el C\u00f3digo Penal en los siguientes t\u00e9rminos: \u201cEl [&hellip;]","og_url":"https:\/\/dev.gomnetwork.com\/anatomayorista\/prohibicion-escnna\/","og_site_name":"Anato Mayorista","article_publisher":"https:\/\/www.facebook.com\/capitulo.mayoristas","og_image":[{"width":1600,"height":556,"url":"https:\/\/dev.gomnetwork.com\/anatomayorista\/wp-content\/uploads\/2024\/11\/tres-presonas-reunidas-conversando.webp","type":"image\/webp"}],"twitter_card":"summary_large_image","twitter_site":"@AnatoMayoristas","twitter_misc":{"Tiempo de lectura":"5 minutos"},"schema":{"@context":"https:\/\/schema.org","@graph":[{"@type":"WebPage","@id":"https:\/\/dev.gomnetwork.com\/anatomayorista\/prohibicion-escnna\/","url":"https:\/\/dev.gomnetwork.com\/anatomayorista\/prohibicion-escnna\/","name":"Prohibicio\u0301n ESCNNA - Anato Mayorista","isPartOf":{"@id":"https:\/\/dev.gomnetwork.com\/anatomayorista\/#website"},"primaryImageOfPage":{"@id":"https:\/\/dev.gomnetwork.com\/anatomayorista\/prohibicion-escnna\/#primaryimage"},"image":{"@id":"https:\/\/dev.gomnetwork.com\/anatomayorista\/prohibicion-escnna\/#primaryimage"},"thumbnailUrl":"https:\/\/dev.gomnetwork.com\/anatomayorista\/wp-content\/uploads\/2024\/11\/tres-presonas-reunidas-conversando.webp","datePublished":"2025-02-24T21:26:59+00:00","breadcrumb":{"@id":"https:\/\/dev.gomnetwork.com\/anatomayorista\/prohibicion-escnna\/#breadcrumb"},"inLanguage":"es-CO","potentialAction":[{"@type":"ReadAction","target":["https:\/\/dev.gomnetwork.com\/anatomayorista\/prohibicion-escnna\/"]}]},{"@type":"ImageObject","inLanguage":"es-CO","@id":"https:\/\/dev.gomnetwork.com\/anatomayorista\/prohibicion-escnna\/#primaryimage","url":"https:\/\/dev.gomnetwork.com\/anatomayorista\/wp-content\/uploads\/2024\/11\/tres-presonas-reunidas-conversando.webp","contentUrl":"https:\/\/dev.gomnetwork.com\/anatomayorista\/wp-content\/uploads\/2024\/11\/tres-presonas-reunidas-conversando.webp","width":1600,"height":556,"caption":"tres personas reunidas conversando"},{"@type":"BreadcrumbList","@id":"https:\/\/dev.gomnetwork.com\/anatomayorista\/prohibicion-escnna\/#breadcrumb","itemListElement":[{"@type":"ListItem","position":1,"name":"Inicio","item":"https:\/\/dev.gomnetwork.com\/anatomayorista\/"},{"@type":"ListItem","position":2,"name":"Prohibicio\u0301n ESCNNA"}]},{"@type":"WebSite","@id":"https:\/\/dev.gomnetwork.com\/anatomayorista\/#website","url":"https:\/\/dev.gomnetwork.com\/anatomayorista\/","name":"ANATO Cap\u00edtulo Mayoristas","description":"En ANATO Cap\u00edtulo Mayoristas, nos comprometemos a ser tu aliado en la industria del turismo.","publisher":{"@id":"https:\/\/dev.gomnetwork.com\/anatomayorista\/#organization"},"alternateName":"ANATO Cap\u00edtulo Mayoristas","potentialAction":[{"@type":"SearchAction","target":{"@type":"EntryPoint","urlTemplate":"https:\/\/dev.gomnetwork.com\/anatomayorista\/?s={search_term_string}"},"query-input":{"@type":"PropertyValueSpecification","valueRequired":true,"valueName":"search_term_string"}}],"inLanguage":"es-CO"},{"@type":"Organization","@id":"https:\/\/dev.gomnetwork.com\/anatomayorista\/#organization","name":"ANATO Cap\u00edtulo Mayoristas","url":"https:\/\/dev.gomnetwork.com\/anatomayorista\/","logo":{"@type":"ImageObject","inLanguage":"es-CO","@id":"https:\/\/dev.gomnetwork.com\/anatomayorista\/#\/schema\/logo\/image\/","url":"https:\/\/mayoristasanato.org\/wp-content\/uploads\/2024\/12\/anato-mayoristas-og.webp","contentUrl":"https:\/\/mayoristasanato.org\/wp-content\/uploads\/2024\/12\/anato-mayoristas-og.webp","width":1200,"height":630,"caption":"ANATO Cap\u00edtulo Mayoristas"},"image":{"@id":"https:\/\/dev.gomnetwork.com\/anatomayorista\/#\/schema\/logo\/image\/"},"sameAs":["https:\/\/www.facebook.com\/capitulo.mayoristas","https:\/\/x.com\/AnatoMayoristas","https:\/\/www.instagram.com\/capitulomayoristas\/"]}]}},"_links":{"self":[{"href":"https:\/\/dev.gomnetwork.com\/anatomayorista\/wp-json\/wp\/v2\/pages\/2365","targetHints":{"allow":["GET"]}}],"collection":[{"href":"https:\/\/dev.gomnetwork.com\/anatomayorista\/wp-json\/wp\/v2\/pages"}],"about":[{"href":"https:\/\/dev.gomnetwork.com\/anatomayorista\/wp-json\/wp\/v2\/types\/page"}],"author":[{"embeddable":true,"href":"https:\/\/dev.gomnetwork.com\/anatomayorista\/wp-json\/wp\/v2\/users\/1"}],"replies":[{"embeddable":true,"href":"https:\/\/dev.gomnetwork.com\/anatomayorista\/wp-json\/wp\/v2\/comments?post=2365"}],"version-history":[{"count":2,"href":"https:\/\/dev.gomnetwork.com\/anatomayorista\/wp-json\/wp\/v2\/pages\/2365\/revisions"}],"predecessor-version":[{"id":2367,"href":"https:\/\/dev.gomnetwork.com\/anatomayorista\/wp-json\/wp\/v2\/pages\/2365\/revisions\/2367"}],"wp:featuredmedia":[{"embeddable":true,"href":"https:\/\/dev.gomnetwork.com\/anatomayorista\/wp-json\/wp\/v2\/media\/1014"}],"wp:attachment":[{"href":"https:\/\/dev.gomnetwork.com\/anatomayorista\/wp-json\/wp\/v2\/media?parent=2365"}],"curies":[{"name":"wp","href":"https:\/\/api.w.org\/{rel}","templated":true}]}}